{"id":18565,"date":"2025-03-11T14:51:36","date_gmt":"2025-03-11T18:51:36","guid":{"rendered":"https:\/\/arduxop.com.br\/loja\/?post_type=product&#038;p=18565"},"modified":"2025-03-11T14:51:36","modified_gmt":"2025-03-11T18:51:36","slug":"sensor-hall-49e","status":"publish","type":"product","link":"https:\/\/arduxop.com.br\/loja\/produto\/sensor-hall-49e\/","title":{"rendered":"Sensor Hall 49E"},"content":{"rendered":"<p>O Sensor Magn\u00e9tico de Efeito Hall 49E \u00e9 um eficiente sensor que voc\u00ea pode usar em projetos eletr\u00f4nicos como alarmes, brinquedos, bicicletas, triciclos, patinetes, detectores de objetos e projetos em geral. O Sensor Hall 49E possui uma sa\u00edda anal\u00f3gica que varia de acordo com a proximidade de um campo magn\u00e9tico, ent\u00e3o no pino OUTPUT (Sa\u00edda) \u00e9 poss\u00edvel obter uma tens\u00e3o de sa\u00edda entre 2.25 e 2.75 V, que pode ser lida por exemplo atrav\u00e9s de um pino de entrada anal\u00f3gico do Arduino.<\/p>\n<p>Este sensor tamb\u00e9m pode ser usado com outras placas e microcontroladores como PIC, Raspberry Pi, ESP8266, ESP32 e muitas outras.<\/p>\n<p>Especifica\u00e7\u00f5es:<br \/>\n&#8211; Sensor Magn\u00e9tico de Efeito Hall<br \/>\n&#8211; Modelo: 49E<br \/>\n&#8211; Alimenta\u00e7\u00e3o: 2,3 a 10 VDC<br \/>\n&#8211; Consumo: 4 mA em 5 VDC<br \/>\n&#8211; Pinos: 3 (Vcc, GND e OUTPUT)<\/p>\n","protected":false},"excerpt":{"rendered":"<p>O Sensor Magn\u00e9tico de Efeito Hall 49E \u00e9 um eficiente sensor que voc\u00ea pode usar em projetos eletr\u00f4nicos como alarmes, brinquedos, bicicletas, triciclos, patinetes, detectores de objetos e projetos em geral. O Sensor Hall 49E possui uma sa\u00edda anal\u00f3gica que varia de acordo com a proximidade de um campo magn\u00e9tico, ent\u00e3o no pino OUTPUT (Sa\u00edda) [&hellip;]<\/p>\n","protected":false},"featured_media":18566,"template":"","meta":[],"product_brand":[],"product_cat":[411],"product_tag":[],"class_list":{"0":"post-18565","1":"product","2":"type-product","3":"status-publish","4":"has-post-thumbnail","6":"product_cat-sem-categoria","8":"entry","9":"has-media","11":"first","12":"instock","13":"shipping-taxable","14":"purchasable","15":"product-type-simple","16":"has-product-nav","17":"col","18":"span_1_of_3","19":"owp-content-center","20":"owp-thumbs-layout-horizontal","21":"owp-btn-normal","22":"owp-tabs-layout-horizontal","23":"has-no-thumbnails"},"_links":{"self":[{"href":"https:\/\/arduxop.com.br\/loja\/wp-json\/wp\/v2\/product\/18565","targetHints":{"allow":["GET"]}}],"collection":[{"href":"https:\/\/arduxop.com.br\/loja\/wp-json\/wp\/v2\/product"}],"about":[{"href":"https:\/\/arduxop.com.br\/loja\/wp-json\/wp\/v2\/types\/product"}],"wp:featuredmedia":[{"embeddable":true,"href":"https:\/\/arduxop.com.br\/loja\/wp-json\/wp\/v2\/media\/18566"}],"wp:attachment":[{"href":"https:\/\/arduxop.com.br\/loja\/wp-json\/wp\/v2\/media?parent=18565"}],"wp:term":[{"taxonomy":"product_brand","embeddable":true,"href":"https:\/\/arduxop.com.br\/loja\/wp-json\/wp\/v2\/product_brand?post=18565"},{"taxonomy":"product_cat","embeddable":true,"href":"https:\/\/arduxop.com.br\/loja\/wp-json\/wp\/v2\/product_cat?post=18565"},{"taxonomy":"product_tag","embeddable":true,"href":"https:\/\/arduxop.com.br\/loja\/wp-json\/wp\/v2\/product_tag?post=18565"}],"curies":[{"name":"wp","href":"https:\/\/api.w.org\/{rel}","templated":true}]}}