{"id":18557,"date":"2025-02-27T15:45:24","date_gmt":"2025-02-27T19:45:24","guid":{"rendered":"https:\/\/arduxop.com.br\/loja\/?post_type=product&#038;p=18557"},"modified":"2025-02-27T15:45:25","modified_gmt":"2025-02-27T19:45:25","slug":"controlador-de-carregador-de-bateria-solar-cd60l-modulo-de-controle-de-descarga-de-carregamento-placa-protetora-de-corrente-sob-tensao","status":"publish","type":"product","link":"https:\/\/arduxop.com.br\/loja\/produto\/controlador-de-carregador-de-bateria-solar-cd60l-modulo-de-controle-de-descarga-de-carregamento-placa-protetora-de-corrente-sob-tensao\/","title":{"rendered":"Controlador de carregador de bateria solar cd60l, m\u00f3dulo de controle de descarga de carregamento, placa protetora de corrente sob tens\u00e3o"},"content":{"rendered":"<p class=\"product_title_interno font-weight-bold m-0 p-0\">CARACTER\u00cdSTICAS:<\/p>\n<p>&#8211;\u00a0Controlador de Carga XY-CD60L;<br \/>\n&#8211; suporta 2 modos de trabalho;<br \/>\n&#8211; Controle de carregamento IN;<br \/>\n&#8211; Controle de descarregamento OUT<br \/>\n&#8211; Prote\u00e7\u00e3o de carregamento;<br \/>\n&#8211; Prote\u00e7\u00e3o de descarga;<br \/>\n&#8211; Definir o tempo de carregamento \/ descarregamento;<br \/>\n&#8211; Tela LCD integrada;<br \/>\n&#8211; Indicador de m\u00faltiplos par\u00e2metros;<br \/>\n&#8211; Modo de economia de energia;<br \/>\n&#8211; Detec\u00e7\u00e3o autom\u00e1tica de bateria;<br \/>\n&#8211; Rel\u00e9 integrado no m\u00f3dulo;<br \/>\n&#8211; Bornes a parafuso;<br \/>\n&#8211; Compat\u00edvel com bateria de l\u00edtio \/ \u00e1cido-chumbo 6 a 60V;<br \/>\n&#8211; N\u00e3o pode ser usado como carregador;<br \/>\n&#8211; Veja o manual de uso antes de usar;<\/p>\n<p class=\"product_title_interno font-weight-bold mt-3 p-0\">ESPECIFICA\u00c7\u00d5ES:<\/p>\n<p>&#8211; Modelo: XY-CD60L;<br \/>\n&#8211; Tens\u00e3o de rabalho: DC 6V-60V;<br \/>\n&#8211; Corrente M\u00e1xima: 15A;<br \/>\n&#8211; Bateria Compat\u00edvel: L\u00edtio e Chumbo-\u00c1cida;<br \/>\n&#8211; Temperatura de Trabalho: -40 \u2103 ~ 85 \u2103;<br \/>\n&#8211; Umidade de Trabalho: 0% ~ 95% RH;<br \/>\n&#8211; Dimens\u00f5es (CxLxE): 45x45x21mm;<\/p>\n","protected":false},"excerpt":{"rendered":"<p>CARACTER\u00cdSTICAS: &#8211;\u00a0Controlador de Carga XY-CD60L; &#8211; suporta 2 modos de trabalho; &#8211; Controle de carregamento IN; &#8211; Controle de descarregamento OUT &#8211; Prote\u00e7\u00e3o de carregamento; &#8211; Prote\u00e7\u00e3o de descarga; &#8211; Definir o tempo de carregamento \/ descarregamento; &#8211; Tela LCD integrada; &#8211; Indicador de m\u00faltiplos par\u00e2metros; &#8211; Modo de economia de energia; &#8211; Detec\u00e7\u00e3o autom\u00e1tica [&hellip;]<\/p>\n","protected":false},"featured_media":18558,"template":"","meta":[],"product_brand":[],"product_cat":[411],"product_tag":[],"class_list":{"0":"post-18557","1":"product","2":"type-product","3":"status-publish","4":"has-post-thumbnail","6":"product_cat-sem-categoria","8":"entry","9":"has-media","11":"first","12":"instock","13":"shipping-taxable","14":"purchasable","15":"product-type-simple","16":"has-product-nav","17":"col","18":"span_1_of_3","19":"owp-content-center","20":"owp-thumbs-layout-horizontal","21":"owp-btn-normal","22":"owp-tabs-layout-horizontal"},"_links":{"self":[{"href":"https:\/\/arduxop.com.br\/loja\/wp-json\/wp\/v2\/product\/18557","targetHints":{"allow":["GET"]}}],"collection":[{"href":"https:\/\/arduxop.com.br\/loja\/wp-json\/wp\/v2\/product"}],"about":[{"href":"https:\/\/arduxop.com.br\/loja\/wp-json\/wp\/v2\/types\/product"}],"wp:featuredmedia":[{"embeddable":true,"href":"https:\/\/arduxop.com.br\/loja\/wp-json\/wp\/v2\/media\/18558"}],"wp:attachment":[{"href":"https:\/\/arduxop.com.br\/loja\/wp-json\/wp\/v2\/media?parent=18557"}],"wp:term":[{"taxonomy":"product_brand","embeddable":true,"href":"https:\/\/arduxop.com.br\/loja\/wp-json\/wp\/v2\/product_brand?post=18557"},{"taxonomy":"product_cat","embeddable":true,"href":"https:\/\/arduxop.com.br\/loja\/wp-json\/wp\/v2\/product_cat?post=18557"},{"taxonomy":"product_tag","embeddable":true,"href":"https:\/\/arduxop.com.br\/loja\/wp-json\/wp\/v2\/product_tag?post=18557"}],"curies":[{"name":"wp","href":"https:\/\/api.w.org\/{rel}","templated":true}]}}