{"id":1855,"date":"2018-01-16T11:28:34","date_gmt":"2018-01-16T13:28:34","guid":{"rendered":"https:\/\/arduxop.com.br\/loja\/produto\/conector-macho-femea-empilhavel-8-pinos\/"},"modified":"2024-07-25T07:56:49","modified_gmt":"2024-07-25T11:56:49","slug":"conector-macho-femea-empilhavel-8-pinos","status":"publish","type":"product","link":"https:\/\/arduxop.com.br\/loja\/produto\/conector-macho-femea-empilhavel-8-pinos\/","title":{"rendered":"Conector Macho Femea Empilhavel 8 Pinos"},"content":{"rendered":"<p>Utilizado em shields do Arduino, oferece conex\u00e3o macho e f\u00eamea na mesma porta.Pode ser utlizados com as shields de prototipagem e desenvolvimento da Robohelp e de outras marcas. Descri\u00e7\u00e3o T\u00e9cnica: * Tipo: Conector empilh\u00e1vel macho\/femea;* Espa\u00e7amento: 2.54mm;* Altura do Pino: 11.5mm;* Di\u00e2metro do pino: 1mm;* Cabe\u00e7a: ABS.<\/p>\n","protected":false},"excerpt":{"rendered":"<p>Utilizado em shields do Arduino, oferece conex\u00e3o macho e f\u00eamea na mesma porta.Pode ser utlizados com as shields de prototipagem e desenvolvimento da Robohelp e de outras marcas. Descri\u00e7\u00e3o T\u00e9cnica: * Tipo: Conector empilh\u00e1vel macho\/femea;* Espa\u00e7amento: 2.54mm;* Altura do Pino: 11.5mm;* Di\u00e2metro do pino: 1mm;* Cabe\u00e7a: ABS.<\/p>\n","protected":false},"featured_media":1856,"template":"","meta":[],"product_brand":[],"product_cat":[182],"product_tag":[],"class_list":{"0":"post-1855","1":"product","2":"type-product","3":"status-publish","4":"has-post-thumbnail","6":"product_cat-conectores","8":"entry","9":"has-media","11":"first","12":"instock","13":"sale","14":"sold-individually","15":"purchasable","16":"product-type-simple","17":"has-product-nav","18":"col","19":"span_1_of_3","20":"owp-content-center","21":"owp-thumbs-layout-horizontal","22":"owp-btn-normal","23":"owp-tabs-layout-horizontal"},"_links":{"self":[{"href":"https:\/\/arduxop.com.br\/loja\/wp-json\/wp\/v2\/product\/1855","targetHints":{"allow":["GET"]}}],"collection":[{"href":"https:\/\/arduxop.com.br\/loja\/wp-json\/wp\/v2\/product"}],"about":[{"href":"https:\/\/arduxop.com.br\/loja\/wp-json\/wp\/v2\/types\/product"}],"wp:featuredmedia":[{"embeddable":true,"href":"https:\/\/arduxop.com.br\/loja\/wp-json\/wp\/v2\/media\/1856"}],"wp:attachment":[{"href":"https:\/\/arduxop.com.br\/loja\/wp-json\/wp\/v2\/media?parent=1855"}],"wp:term":[{"taxonomy":"product_brand","embeddable":true,"href":"https:\/\/arduxop.com.br\/loja\/wp-json\/wp\/v2\/product_brand?post=1855"},{"taxonomy":"product_cat","embeddable":true,"href":"https:\/\/arduxop.com.br\/loja\/wp-json\/wp\/v2\/product_cat?post=1855"},{"taxonomy":"product_tag","embeddable":true,"href":"https:\/\/arduxop.com.br\/loja\/wp-json\/wp\/v2\/product_tag?post=1855"}],"curies":[{"name":"wp","href":"https:\/\/api.w.org\/{rel}","templated":true}]}}