{"id":18547,"date":"2025-02-24T17:05:39","date_gmt":"2025-02-24T21:05:39","guid":{"rendered":"https:\/\/arduxop.com.br\/loja\/?post_type=product&#038;p=18547"},"modified":"2025-02-24T17:12:09","modified_gmt":"2025-02-24T21:12:09","slug":"servo-towerpro-mg995-metalico","status":"publish","type":"product","link":"https:\/\/arduxop.com.br\/loja\/produto\/servo-towerpro-mg995-metalico\/","title":{"rendered":"Servo Towerpro MG995 met\u00e1lico"},"content":{"rendered":"<p>&#8211; Dimens\u00e3o: 40 mm x 19 mm x 43 mm;<br \/>\n&#8211; A caixa original: n\u00e3o;<br \/>\n&#8211; Peso L\u00edquido: 69 g;<br \/>\n&#8211; Peso da embalagem: 75 g;<br \/>\n&#8211; Cor: preto;<br \/>\n&#8211; Velocidade de opera\u00e7\u00e3o: 0.17sec\/60graus (4,8 V sem carga);<br \/>\n&#8211; Velocidade de opera\u00e7\u00e3o: 0.13sec\/60graus (6,0 V sem carga);<br \/>\n&#8211; Stall Torque: 13 kg-cm (180,5 oz-in) em 4,8 V;<br \/>\n&#8211; Stall Torque: 15 kg-cm (208,3 oz-in) em 6 V;<br \/>\n&#8211; Tens\u00e3o de opera\u00e7\u00e3o: 4,8-7,2 volts;<br \/>\n&#8211; Tipo de engrenagem: metal;<br \/>\n&#8211; Fio conector: Heavy Duty, 11,81 &#8220;(300 mm).<\/p>\n","protected":false},"excerpt":{"rendered":"<p>&#8211; Dimens\u00e3o: 40 mm x 19 mm x 43 mm; &#8211; A caixa original: n\u00e3o; &#8211; Peso L\u00edquido: 69 g; &#8211; Peso da embalagem: 75 g; &#8211; Cor: preto; &#8211; Velocidade de opera\u00e7\u00e3o: 0.17sec\/60graus (4,8 V sem carga); &#8211; Velocidade de opera\u00e7\u00e3o: 0.13sec\/60graus (6,0 V sem carga); &#8211; Stall Torque: 13 kg-cm (180,5 oz-in) em [&hellip;]<\/p>\n","protected":false},"featured_media":18548,"template":"","meta":[],"product_brand":[],"product_cat":[411],"product_tag":[],"class_list":{"0":"post-18547","1":"product","2":"type-product","3":"status-publish","4":"has-post-thumbnail","6":"product_cat-sem-categoria","8":"entry","9":"has-media","11":"first","12":"instock","13":"shipping-taxable","14":"purchasable","15":"product-type-simple","16":"has-product-nav","17":"col","18":"span_1_of_3","19":"owp-content-center","20":"owp-thumbs-layout-horizontal","21":"owp-btn-normal","22":"owp-tabs-layout-horizontal"},"_links":{"self":[{"href":"https:\/\/arduxop.com.br\/loja\/wp-json\/wp\/v2\/product\/18547","targetHints":{"allow":["GET"]}}],"collection":[{"href":"https:\/\/arduxop.com.br\/loja\/wp-json\/wp\/v2\/product"}],"about":[{"href":"https:\/\/arduxop.com.br\/loja\/wp-json\/wp\/v2\/types\/product"}],"wp:featuredmedia":[{"embeddable":true,"href":"https:\/\/arduxop.com.br\/loja\/wp-json\/wp\/v2\/media\/18548"}],"wp:attachment":[{"href":"https:\/\/arduxop.com.br\/loja\/wp-json\/wp\/v2\/media?parent=18547"}],"wp:term":[{"taxonomy":"product_brand","embeddable":true,"href":"https:\/\/arduxop.com.br\/loja\/wp-json\/wp\/v2\/product_brand?post=18547"},{"taxonomy":"product_cat","embeddable":true,"href":"https:\/\/arduxop.com.br\/loja\/wp-json\/wp\/v2\/product_cat?post=18547"},{"taxonomy":"product_tag","embeddable":true,"href":"https:\/\/arduxop.com.br\/loja\/wp-json\/wp\/v2\/product_tag?post=18547"}],"curies":[{"name":"wp","href":"https:\/\/api.w.org\/{rel}","templated":true}]}}