{"id":18542,"date":"2025-02-24T14:17:52","date_gmt":"2025-02-24T18:17:52","guid":{"rendered":"https:\/\/arduxop.com.br\/loja\/?post_type=product&#038;p=18542"},"modified":"2025-02-24T14:17:52","modified_gmt":"2025-02-24T18:17:52","slug":"modulo-sensor-de-chuva-2","status":"publish","type":"product","link":"https:\/\/arduxop.com.br\/loja\/produto\/modulo-sensor-de-chuva-2\/","title":{"rendered":"M\u00f3dulo sensor de chuva"},"content":{"rendered":"<p>Este\u00a0sensor\u00a0pode ser usado para monitorar uma variedade de condi\u00e7\u00f5es clim\u00e1ticas como gotas de chuva ou neve. Quando o clima est\u00e1 seco a sa\u00edda do sensor fica em estado alto e quando h\u00e1 uma gota de chuva em estado baixo. O limite entre tempo seco e chuva pode ser ajustado atrav\u00e9s do potenci\u00f4metro presente no sensor que regular\u00e1 a sa\u00edda digital D0. Contudo para ter uma resolu\u00e7\u00e3o melhor \u00e9 poss\u00edvel utilizar a sa\u00edda anal\u00f3gica A0 e conectar a um conversor AD, como a presente no Arduino por exemplo. A placa do Sensor de Chuva \u00e9 revestida em ambos os lados com um tratamento de n\u00edquel contra oxida\u00e7\u00e3o, melhorando assim a condutividade, desempenho e dura\u00e7\u00e3o.<\/p>\n","protected":false},"excerpt":{"rendered":"<p>Este\u00a0sensor\u00a0pode ser usado para monitorar uma variedade de condi\u00e7\u00f5es clim\u00e1ticas como gotas de chuva ou neve. Quando o clima est\u00e1 seco a sa\u00edda do sensor fica em estado alto e quando h\u00e1 uma gota de chuva em estado baixo. O limite entre tempo seco e chuva pode ser ajustado atrav\u00e9s do potenci\u00f4metro presente no sensor [&hellip;]<\/p>\n","protected":false},"featured_media":18543,"template":"","meta":[],"product_brand":[],"product_cat":[50],"product_tag":[],"class_list":{"0":"post-18542","1":"product","2":"type-product","3":"status-publish","4":"has-post-thumbnail","6":"product_cat-modulos","8":"entry","9":"has-media","11":"first","12":"instock","13":"shipping-taxable","14":"purchasable","15":"product-type-simple","16":"has-product-nav","17":"col","18":"span_1_of_3","19":"owp-content-center","20":"owp-thumbs-layout-horizontal","21":"owp-btn-normal","22":"owp-tabs-layout-horizontal"},"_links":{"self":[{"href":"https:\/\/arduxop.com.br\/loja\/wp-json\/wp\/v2\/product\/18542","targetHints":{"allow":["GET"]}}],"collection":[{"href":"https:\/\/arduxop.com.br\/loja\/wp-json\/wp\/v2\/product"}],"about":[{"href":"https:\/\/arduxop.com.br\/loja\/wp-json\/wp\/v2\/types\/product"}],"wp:featuredmedia":[{"embeddable":true,"href":"https:\/\/arduxop.com.br\/loja\/wp-json\/wp\/v2\/media\/18543"}],"wp:attachment":[{"href":"https:\/\/arduxop.com.br\/loja\/wp-json\/wp\/v2\/media?parent=18542"}],"wp:term":[{"taxonomy":"product_brand","embeddable":true,"href":"https:\/\/arduxop.com.br\/loja\/wp-json\/wp\/v2\/product_brand?post=18542"},{"taxonomy":"product_cat","embeddable":true,"href":"https:\/\/arduxop.com.br\/loja\/wp-json\/wp\/v2\/product_cat?post=18542"},{"taxonomy":"product_tag","embeddable":true,"href":"https:\/\/arduxop.com.br\/loja\/wp-json\/wp\/v2\/product_tag?post=18542"}],"curies":[{"name":"wp","href":"https:\/\/api.w.org\/{rel}","templated":true}]}}