{"id":18534,"date":"2025-02-22T10:33:42","date_gmt":"2025-02-22T14:33:42","guid":{"rendered":"https:\/\/arduxop.com.br\/loja\/?post_type=product&#038;p=18534"},"modified":"2025-02-22T10:33:42","modified_gmt":"2025-02-22T14:33:42","slug":"modulo-seguidor-de-linha-ir-8-canais","status":"publish","type":"product","link":"https:\/\/arduxop.com.br\/loja\/produto\/modulo-seguidor-de-linha-ir-8-canais\/","title":{"rendered":"M\u00f3dulo seguidor de linha IR 8 canais"},"content":{"rendered":"<p>&#8211; Tens\u00e3o de opera\u00e7\u00e3o: 3,3 &#8211; 5V<br \/>\n&#8211; Corrente de alimenta\u00e7\u00e3o: 100 mA<br \/>\n&#8211; Formato de sa\u00edda: 8 sa\u00eddas digitais compat\u00edveis com E \/ S que podem ser lidos como um pulso alto temporizado<br \/>\n&#8211; Dist\u00e2ncia de detec\u00e7\u00e3o \u00f3tima: 3mm<br \/>\n&#8211; Dist\u00e2ncia m\u00e1x. de detec\u00e7\u00e3o recomendada: 9,5mm<br \/>\n&#8211; Dimens\u00f5es: 66 x 16 x 4mm<\/p>\n","protected":false},"excerpt":{"rendered":"<p>&#8211; Tens\u00e3o de opera\u00e7\u00e3o: 3,3 &#8211; 5V &#8211; Corrente de alimenta\u00e7\u00e3o: 100 mA &#8211; Formato de sa\u00edda: 8 sa\u00eddas digitais compat\u00edveis com E \/ S que podem ser lidos como um pulso alto temporizado &#8211; Dist\u00e2ncia de detec\u00e7\u00e3o \u00f3tima: 3mm &#8211; Dist\u00e2ncia m\u00e1x. de detec\u00e7\u00e3o recomendada: 9,5mm &#8211; Dimens\u00f5es: 66 x 16 x 4mm<\/p>\n","protected":false},"featured_media":18536,"template":"","meta":[],"product_brand":[],"product_cat":[411],"product_tag":[],"class_list":{"0":"post-18534","1":"product","2":"type-product","3":"status-publish","4":"has-post-thumbnail","6":"product_cat-sem-categoria","8":"entry","9":"has-media","11":"first","12":"instock","13":"shipping-taxable","14":"purchasable","15":"product-type-simple","16":"has-product-nav","17":"col","18":"span_1_of_3","19":"owp-content-center","20":"owp-thumbs-layout-horizontal","21":"owp-btn-normal","22":"owp-tabs-layout-horizontal"},"_links":{"self":[{"href":"https:\/\/arduxop.com.br\/loja\/wp-json\/wp\/v2\/product\/18534","targetHints":{"allow":["GET"]}}],"collection":[{"href":"https:\/\/arduxop.com.br\/loja\/wp-json\/wp\/v2\/product"}],"about":[{"href":"https:\/\/arduxop.com.br\/loja\/wp-json\/wp\/v2\/types\/product"}],"wp:featuredmedia":[{"embeddable":true,"href":"https:\/\/arduxop.com.br\/loja\/wp-json\/wp\/v2\/media\/18536"}],"wp:attachment":[{"href":"https:\/\/arduxop.com.br\/loja\/wp-json\/wp\/v2\/media?parent=18534"}],"wp:term":[{"taxonomy":"product_brand","embeddable":true,"href":"https:\/\/arduxop.com.br\/loja\/wp-json\/wp\/v2\/product_brand?post=18534"},{"taxonomy":"product_cat","embeddable":true,"href":"https:\/\/arduxop.com.br\/loja\/wp-json\/wp\/v2\/product_cat?post=18534"},{"taxonomy":"product_tag","embeddable":true,"href":"https:\/\/arduxop.com.br\/loja\/wp-json\/wp\/v2\/product_tag?post=18534"}],"curies":[{"name":"wp","href":"https:\/\/api.w.org\/{rel}","templated":true}]}}