{"id":18530,"date":"2025-02-21T13:42:15","date_gmt":"2025-02-21T17:42:15","guid":{"rendered":"https:\/\/arduxop.com.br\/loja\/?post_type=product&#038;p=18530"},"modified":"2025-02-21T13:42:15","modified_gmt":"2025-02-21T17:42:15","slug":"mini-motor-dimmer-dc-controlador-de-velocidade-pwm-modulo-interruptor-ajustavel-regulador-de-tensao-variavel","status":"publish","type":"product","link":"https:\/\/arduxop.com.br\/loja\/produto\/mini-motor-dimmer-dc-controlador-de-velocidade-pwm-modulo-interruptor-ajustavel-regulador-de-tensao-variavel\/","title":{"rendered":"Mini motor dimmer DC controlador de velocidade PWM m\u00f3dulo interruptor ajust\u00e1vel regulador de tens\u00e3o vari\u00e1vel"},"content":{"rendered":"<p>O Controlador De Velocidade Motor DC PWM \u00e9 componente permite controlar a velocidade de motores que estejam ligados em uma fonte de 5V a 35V DC e 5A (pico)<\/p>\n<p>&#8211; Tens\u00e3o de funcionamento: DC3V-35V;<br \/>\n&#8211; Corrente nominal de funcionamento: 2A* ;<br \/>\n&#8211; Corrente m\u00e1xima (pico): 5A;<br \/>\n&#8211; Controle De Pot\u00eancia: 90 W (m\u00e1ximo) ;<br \/>\n&#8211; Corrente de repouso: 0.015A (em espera) ;<br \/>\n&#8211; Ciclo de PWM: 1%-100% ;<br \/>\n&#8211; Frequ\u00eancia PWM: 10 khz ;<br \/>\n&#8211; Tamanho: 24*30mm\/0.94*1.18 &#8220;;<\/p>\n","protected":false},"excerpt":{"rendered":"<p>O Controlador De Velocidade Motor DC PWM \u00e9 componente permite controlar a velocidade de motores que estejam ligados em uma fonte de 5V a 35V DC e 5A (pico) &#8211; Tens\u00e3o de funcionamento: DC3V-35V; &#8211; Corrente nominal de funcionamento: 2A* ; &#8211; Corrente m\u00e1xima (pico): 5A; &#8211; Controle De Pot\u00eancia: 90 W (m\u00e1ximo) ; &#8211; [&hellip;]<\/p>\n","protected":false},"featured_media":18531,"template":"","meta":[],"product_brand":[],"product_cat":[411],"product_tag":[],"class_list":{"0":"post-18530","1":"product","2":"type-product","3":"status-publish","4":"has-post-thumbnail","6":"product_cat-sem-categoria","8":"entry","9":"has-media","11":"first","12":"instock","13":"shipping-taxable","14":"purchasable","15":"product-type-simple","16":"has-product-nav","17":"col","18":"span_1_of_3","19":"owp-content-center","20":"owp-thumbs-layout-horizontal","21":"owp-btn-normal","22":"owp-tabs-layout-horizontal"},"_links":{"self":[{"href":"https:\/\/arduxop.com.br\/loja\/wp-json\/wp\/v2\/product\/18530","targetHints":{"allow":["GET"]}}],"collection":[{"href":"https:\/\/arduxop.com.br\/loja\/wp-json\/wp\/v2\/product"}],"about":[{"href":"https:\/\/arduxop.com.br\/loja\/wp-json\/wp\/v2\/types\/product"}],"wp:featuredmedia":[{"embeddable":true,"href":"https:\/\/arduxop.com.br\/loja\/wp-json\/wp\/v2\/media\/18531"}],"wp:attachment":[{"href":"https:\/\/arduxop.com.br\/loja\/wp-json\/wp\/v2\/media?parent=18530"}],"wp:term":[{"taxonomy":"product_brand","embeddable":true,"href":"https:\/\/arduxop.com.br\/loja\/wp-json\/wp\/v2\/product_brand?post=18530"},{"taxonomy":"product_cat","embeddable":true,"href":"https:\/\/arduxop.com.br\/loja\/wp-json\/wp\/v2\/product_cat?post=18530"},{"taxonomy":"product_tag","embeddable":true,"href":"https:\/\/arduxop.com.br\/loja\/wp-json\/wp\/v2\/product_tag?post=18530"}],"curies":[{"name":"wp","href":"https:\/\/api.w.org\/{rel}","templated":true}]}}