{"id":18521,"date":"2025-02-10T15:44:30","date_gmt":"2025-02-10T19:44:30","guid":{"rendered":"https:\/\/arduxop.com.br\/loja\/?post_type=product&#038;p=18521"},"modified":"2025-02-10T15:44:30","modified_gmt":"2025-02-10T19:44:30","slug":"potenciometro-linear-l20-16mm-100kb","status":"publish","type":"product","link":"https:\/\/arduxop.com.br\/loja\/produto\/potenciometro-linear-l20-16mm-100kb\/","title":{"rendered":"Potenci\u00f4metro Linear L20-16MM  &#8211;  100KB"},"content":{"rendered":"<p>O Potenci\u00f4metro de 16mm no di\u00e2metro da Base \u00e9 o modelo mais &#8220;comum&#8221; de ser encontrado em projetos eletr\u00f4nicos. Esse modelo pode ser fixado em painel ou soldado em placa de circuito impresso, o que faz dele uma \u00f3tima op\u00e7\u00e3o para diversos projetos de eletr\u00f4nica.<\/p>\n<p>Caracter\u00edsticas<\/p>\n<p>Tipo: Rotativo 1 Volta<br \/>\n\u00c2ngulo de rota\u00e7\u00e3o: 300\u00ba<br \/>\nVers\u00e3o: Logar\u00edtmico 100KB<\/p>\n<p>Resist\u00eancia: 100K<br \/>\nPrecis\u00e3o: \u00b1 20%<br \/>\nPot\u00eancia: 1\/8W ou 125mW<br \/>\nTens\u00e3o m\u00e1xima: 200 VAC<\/p>\n<p>Medidas:<br \/>\nDi\u00e2metro da Base: 16mm<br \/>\nDi\u00e2metro do Eixo: 5,9mm<br \/>\nComprimento do Eixo: 13,3mm<br \/>\nComprimento total do Eixo + Rosca: 20mm ( L20 )<\/p>\n","protected":false},"excerpt":{"rendered":"<p>O Potenci\u00f4metro de 16mm no di\u00e2metro da Base \u00e9 o modelo mais &#8220;comum&#8221; de ser encontrado em projetos eletr\u00f4nicos. Esse modelo pode ser fixado em painel ou soldado em placa de circuito impresso, o que faz dele uma \u00f3tima op\u00e7\u00e3o para diversos projetos de eletr\u00f4nica. Caracter\u00edsticas Tipo: Rotativo 1 Volta \u00c2ngulo de rota\u00e7\u00e3o: 300\u00ba Vers\u00e3o: [&hellip;]<\/p>\n","protected":false},"featured_media":18522,"template":"","meta":[],"product_brand":[],"product_cat":[45],"product_tag":[],"class_list":{"0":"post-18521","1":"product","2":"type-product","3":"status-publish","4":"has-post-thumbnail","6":"product_cat-componentes","8":"entry","9":"has-media","11":"first","12":"instock","13":"shipping-taxable","14":"purchasable","15":"product-type-simple","16":"has-product-nav","17":"col","18":"span_1_of_3","19":"owp-content-center","20":"owp-thumbs-layout-horizontal","21":"owp-btn-normal","22":"owp-tabs-layout-horizontal"},"_links":{"self":[{"href":"https:\/\/arduxop.com.br\/loja\/wp-json\/wp\/v2\/product\/18521","targetHints":{"allow":["GET"]}}],"collection":[{"href":"https:\/\/arduxop.com.br\/loja\/wp-json\/wp\/v2\/product"}],"about":[{"href":"https:\/\/arduxop.com.br\/loja\/wp-json\/wp\/v2\/types\/product"}],"wp:featuredmedia":[{"embeddable":true,"href":"https:\/\/arduxop.com.br\/loja\/wp-json\/wp\/v2\/media\/18522"}],"wp:attachment":[{"href":"https:\/\/arduxop.com.br\/loja\/wp-json\/wp\/v2\/media?parent=18521"}],"wp:term":[{"taxonomy":"product_brand","embeddable":true,"href":"https:\/\/arduxop.com.br\/loja\/wp-json\/wp\/v2\/product_brand?post=18521"},{"taxonomy":"product_cat","embeddable":true,"href":"https:\/\/arduxop.com.br\/loja\/wp-json\/wp\/v2\/product_cat?post=18521"},{"taxonomy":"product_tag","embeddable":true,"href":"https:\/\/arduxop.com.br\/loja\/wp-json\/wp\/v2\/product_tag?post=18521"}],"curies":[{"name":"wp","href":"https:\/\/api.w.org\/{rel}","templated":true}]}}