{"id":18518,"date":"2025-02-10T15:28:30","date_gmt":"2025-02-10T19:28:30","guid":{"rendered":"https:\/\/arduxop.com.br\/loja\/?post_type=product&#038;p=18518"},"modified":"2025-02-10T15:28:30","modified_gmt":"2025-02-10T19:28:30","slug":"modulo-display-lcd-128x64-grafico-com-backlight-azul","status":"publish","type":"product","link":"https:\/\/arduxop.com.br\/loja\/produto\/modulo-display-lcd-128x64-grafico-com-backlight-azul\/","title":{"rendered":"M\u00f3dulo display LCD 128X64 Gr\u00e1fico com backlight azul"},"content":{"rendered":"<p>&#8211; Tens\u00e3o de trabalho: 3,0 \u00e0 5,0V;<br \/>\n&#8211; Tens\u00e3o l\u00f3gica: 3,3 &#8211; 5,0V;<br \/>\n&#8211; Pot\u00eancia M\u00e1xima: 80 mW;<br \/>\n&#8211; Resolu\u00e7\u00e3o: 128&#215;64 pixels;<br \/>\n&#8211; \u00c2ngulo de Vis\u00e3o: &gt; 160 Graus;<br \/>\n&#8211; Interface: I2C;<br \/>\n&#8211; Escrita: Azul;<br \/>\n&#8211; Driver: SSD1306<br \/>\n&#8211; Dimens\u00e3o do visor: 1,90 x 2,73 cm (C x L);<br \/>\n&#8211; Dimens\u00e3o total: 2,78 x 2,73 x 0,41 cm (C x L x A);<\/p>\n","protected":false},"excerpt":{"rendered":"<p>&#8211; Tens\u00e3o de trabalho: 3,0 \u00e0 5,0V; &#8211; Tens\u00e3o l\u00f3gica: 3,3 &#8211; 5,0V; &#8211; Pot\u00eancia M\u00e1xima: 80 mW; &#8211; Resolu\u00e7\u00e3o: 128&#215;64 pixels; &#8211; \u00c2ngulo de Vis\u00e3o: &gt; 160 Graus; &#8211; Interface: I2C; &#8211; Escrita: Azul; &#8211; Driver: SSD1306 &#8211; Dimens\u00e3o do visor: 1,90 x 2,73 cm (C x L); &#8211; Dimens\u00e3o total: 2,78 x 2,73 [&hellip;]<\/p>\n","protected":false},"featured_media":18519,"template":"","meta":[],"product_brand":[],"product_cat":[411],"product_tag":[],"class_list":{"0":"post-18518","1":"product","2":"type-product","3":"status-publish","4":"has-post-thumbnail","6":"product_cat-sem-categoria","8":"entry","9":"has-media","11":"first","12":"instock","13":"shipping-taxable","14":"purchasable","15":"product-type-simple","16":"has-product-nav","17":"col","18":"span_1_of_3","19":"owp-content-center","20":"owp-thumbs-layout-horizontal","21":"owp-btn-normal","22":"owp-tabs-layout-horizontal"},"_links":{"self":[{"href":"https:\/\/arduxop.com.br\/loja\/wp-json\/wp\/v2\/product\/18518","targetHints":{"allow":["GET"]}}],"collection":[{"href":"https:\/\/arduxop.com.br\/loja\/wp-json\/wp\/v2\/product"}],"about":[{"href":"https:\/\/arduxop.com.br\/loja\/wp-json\/wp\/v2\/types\/product"}],"wp:featuredmedia":[{"embeddable":true,"href":"https:\/\/arduxop.com.br\/loja\/wp-json\/wp\/v2\/media\/18519"}],"wp:attachment":[{"href":"https:\/\/arduxop.com.br\/loja\/wp-json\/wp\/v2\/media?parent=18518"}],"wp:term":[{"taxonomy":"product_brand","embeddable":true,"href":"https:\/\/arduxop.com.br\/loja\/wp-json\/wp\/v2\/product_brand?post=18518"},{"taxonomy":"product_cat","embeddable":true,"href":"https:\/\/arduxop.com.br\/loja\/wp-json\/wp\/v2\/product_cat?post=18518"},{"taxonomy":"product_tag","embeddable":true,"href":"https:\/\/arduxop.com.br\/loja\/wp-json\/wp\/v2\/product_tag?post=18518"}],"curies":[{"name":"wp","href":"https:\/\/api.w.org\/{rel}","templated":true}]}}