{"id":18511,"date":"2025-02-07T17:02:09","date_gmt":"2025-02-07T21:02:09","guid":{"rendered":"https:\/\/arduxop.com.br\/loja\/?post_type=product&#038;p=18511"},"modified":"2025-02-07T17:02:09","modified_gmt":"2025-02-07T21:02:09","slug":"modulo-teclado-touch-matricial-4x4-16-teclas","status":"publish","type":"product","link":"https:\/\/arduxop.com.br\/loja\/produto\/modulo-teclado-touch-matricial-4x4-16-teclas\/","title":{"rendered":"M\u00f3dulo teclado touch matricial 4&#215;4 16 teclas"},"content":{"rendered":"<p>Este teclado touch capacitivo \u00e9 \u00f3timo, j\u00e1 que a vida \u00fatil deste teclado \u00e9 muito maior a de uma tecla mec\u00e2nica. Perfeito para Arduino pic, avr e afins em projetos de alarme, controle de acesso e muitos outros.<\/p>\n<p>Caracter\u00edsticas<br \/>\nModelo TTP229<br \/>\nTamanho PCB: 49,3 x 64,5 mm<br \/>\nQuantidade de teclas: 16<br \/>\nComunica\u00e7\u00e3o: I2C<br \/>\nVoltagem de opera\u00e7\u00e3o: 2,5V a 5V DC<br \/>\nPode configurar a velocidade de resposta, e formato de sa\u00edda<br \/>\nIndicador LED<\/p>\n","protected":false},"excerpt":{"rendered":"<p>Este teclado touch capacitivo \u00e9 \u00f3timo, j\u00e1 que a vida \u00fatil deste teclado \u00e9 muito maior a de uma tecla mec\u00e2nica. Perfeito para Arduino pic, avr e afins em projetos de alarme, controle de acesso e muitos outros. Caracter\u00edsticas Modelo TTP229 Tamanho PCB: 49,3 x 64,5 mm Quantidade de teclas: 16 Comunica\u00e7\u00e3o: I2C Voltagem de [&hellip;]<\/p>\n","protected":false},"featured_media":18512,"template":"","meta":[],"product_brand":[],"product_cat":[411],"product_tag":[],"class_list":{"0":"post-18511","1":"product","2":"type-product","3":"status-publish","4":"has-post-thumbnail","6":"product_cat-sem-categoria","8":"entry","9":"has-media","11":"first","12":"instock","13":"shipping-taxable","14":"purchasable","15":"product-type-simple","16":"has-product-nav","17":"col","18":"span_1_of_3","19":"owp-content-center","20":"owp-thumbs-layout-horizontal","21":"owp-btn-normal","22":"owp-tabs-layout-horizontal"},"_links":{"self":[{"href":"https:\/\/arduxop.com.br\/loja\/wp-json\/wp\/v2\/product\/18511","targetHints":{"allow":["GET"]}}],"collection":[{"href":"https:\/\/arduxop.com.br\/loja\/wp-json\/wp\/v2\/product"}],"about":[{"href":"https:\/\/arduxop.com.br\/loja\/wp-json\/wp\/v2\/types\/product"}],"wp:featuredmedia":[{"embeddable":true,"href":"https:\/\/arduxop.com.br\/loja\/wp-json\/wp\/v2\/media\/18512"}],"wp:attachment":[{"href":"https:\/\/arduxop.com.br\/loja\/wp-json\/wp\/v2\/media?parent=18511"}],"wp:term":[{"taxonomy":"product_brand","embeddable":true,"href":"https:\/\/arduxop.com.br\/loja\/wp-json\/wp\/v2\/product_brand?post=18511"},{"taxonomy":"product_cat","embeddable":true,"href":"https:\/\/arduxop.com.br\/loja\/wp-json\/wp\/v2\/product_cat?post=18511"},{"taxonomy":"product_tag","embeddable":true,"href":"https:\/\/arduxop.com.br\/loja\/wp-json\/wp\/v2\/product_tag?post=18511"}],"curies":[{"name":"wp","href":"https:\/\/api.w.org\/{rel}","templated":true}]}}