{"id":1851,"date":"2018-01-16T11:28:34","date_gmt":"2018-01-16T13:28:34","guid":{"rendered":"https:\/\/arduxop.com.br\/loja\/produto\/teclado-matriz-4-x-4\/"},"modified":"2024-07-25T07:56:48","modified_gmt":"2024-07-25T11:56:48","slug":"teclado-matriz-4-x-4","status":"publish","type":"product","link":"https:\/\/arduxop.com.br\/loja\/produto\/teclado-matriz-4-x-4\/","title":{"rendered":"Teclado Matriz 4 X 4"},"content":{"rendered":"<p>O M\u00f3dulo Teclado Matricial 4&#215;4 \/ Keypad \u00e9 um produto eletr\u00f4nico que atende as mais diversas necessidades dos programadores e iniciantes com plataformas microcontroladoras, entre elas, Arduino, PIC, Atmel, Raspberry Pi, etc. \u00a0A principal caracter\u00edstica do M\u00f3dulo Teclado Matricial 4&#215;4 \u00e9 que ele possui um sistema de matriz 4&#215;4 \u201cx\u201d e \u201cy\u201d de bot\u00f5es push button, em um total de 16 teclas que podem ser programadas para executar 16 tarefas diferentes.\u00a0 Visando oferecer maior praticidade os pinos para conex\u00e3o do M\u00f3dulo Teclado Matricial 4&#215;4 \/ Keypad com a plataforma microcontroladora j\u00e1 vem fixados na placa, bastando conectar os jumpers e program\u00e1-los de acordo com a necessidade do projetista,\u00a0este m\u00f3dulo abrange fun\u00e7\u00f5es independentes em um \u00fanico produto, podendo ser utilizado como painel de controle em projetos eletr\u00f4nicos e de automa\u00e7\u00e3o industrial. Aprenda com este interessante Intructable:\u00a0,http:\/\/www.instructables.com\/id\/Access-control-with-Arduino-Keypad-4&#215;4-Servo\/?ALLSTEPS \u00a0 Caracter\u00edsticas T\u00e9cnicas: * M\u00f3dulo Teclado Matricial 4&#215;4;* Keypad Arduino com push button;* Compat\u00edvel com Arduino, PIC, Atmel, Raspberry Pi, etc.;* Keypad Arduino 16 teclas;* Push Button;* Pode ser programado com 16 fun\u00e7\u00f5es diferentes;* Pr\u00e1tico e funcional;* Dimens\u00f5es (CxLxA): 43x39x6mm (ignorando-se os pinos);* Peso: 11g.<\/p>\n","protected":false},"excerpt":{"rendered":"<p>O M\u00f3dulo Teclado Matricial 4&#215;4 \/ Keypad \u00e9 um produto eletr\u00f4nico que atende as mais diversas necessidades dos programadores e iniciantes com plataformas microcontroladoras, entre elas, Arduino, PIC, Atmel, Raspberry Pi, etc. \u00a0A principal caracter\u00edstica do M\u00f3dulo Teclado Matricial 4&#215;4 \u00e9 que ele possui um sistema de matriz 4&#215;4 \u201cx\u201d e \u201cy\u201d de bot\u00f5es push [&hellip;]<\/p>\n","protected":false},"featured_media":1854,"template":"","meta":[],"product_brand":[],"product_cat":[189],"product_tag":[],"class_list":{"0":"post-1851","1":"product","2":"type-product","3":"status-publish","4":"has-post-thumbnail","6":"product_cat-teclados","8":"entry","9":"has-media","11":"first","12":"onbackorder","13":"sale","14":"sold-individually","15":"purchasable","16":"product-type-simple","17":"has-product-nav","18":"col","19":"span_1_of_3","20":"owp-content-center","21":"owp-thumbs-layout-horizontal","22":"owp-btn-normal","23":"owp-tabs-layout-horizontal"},"_links":{"self":[{"href":"https:\/\/arduxop.com.br\/loja\/wp-json\/wp\/v2\/product\/1851","targetHints":{"allow":["GET"]}}],"collection":[{"href":"https:\/\/arduxop.com.br\/loja\/wp-json\/wp\/v2\/product"}],"about":[{"href":"https:\/\/arduxop.com.br\/loja\/wp-json\/wp\/v2\/types\/product"}],"wp:featuredmedia":[{"embeddable":true,"href":"https:\/\/arduxop.com.br\/loja\/wp-json\/wp\/v2\/media\/1854"}],"wp:attachment":[{"href":"https:\/\/arduxop.com.br\/loja\/wp-json\/wp\/v2\/media?parent=1851"}],"wp:term":[{"taxonomy":"product_brand","embeddable":true,"href":"https:\/\/arduxop.com.br\/loja\/wp-json\/wp\/v2\/product_brand?post=1851"},{"taxonomy":"product_cat","embeddable":true,"href":"https:\/\/arduxop.com.br\/loja\/wp-json\/wp\/v2\/product_cat?post=1851"},{"taxonomy":"product_tag","embeddable":true,"href":"https:\/\/arduxop.com.br\/loja\/wp-json\/wp\/v2\/product_tag?post=1851"}],"curies":[{"name":"wp","href":"https:\/\/api.w.org\/{rel}","templated":true}]}}