{"id":18507,"date":"2025-02-07T16:34:32","date_gmt":"2025-02-07T20:34:32","guid":{"rendered":"https:\/\/arduxop.com.br\/loja\/?post_type=product&#038;p=18507"},"modified":"2025-02-07T16:34:32","modified_gmt":"2025-02-07T20:34:32","slug":"protoboard-170-furos-mini-preto","status":"publish","type":"product","link":"https:\/\/arduxop.com.br\/loja\/produto\/protoboard-170-furos-mini-preto\/","title":{"rendered":"Protoboard 170 furos mini &#8211; preto"},"content":{"rendered":"<ul>\n<li>A Protoboard de 170 pontos \u00e9 uma pequena e compacta ferramenta ideal para projetos eletr\u00f4nicos simples e r\u00e1pidos. Com 170 pontos de conex\u00e3o, ela permite que voc\u00ea fa\u00e7a montagens tempor\u00e1rias de circuitos sem a necessidade de soldagem, facilitando a prototipagem e testes de componentes como resistores, LEDs, transistores, e outros. Suas linhas horizontais conectam os terminais de componentes, enquanto as trilhas verticais oferecem conex\u00f5es para alimenta\u00e7\u00e3o.<\/li>\n<li>De tamanho reduzido, \u00e9 especialmente \u00fatil para projetos compactos e port\u00e1teis ou para quem est\u00e1 aprendendo eletr\u00f4nica b\u00e1sica. Pode ser facilmente integrada a outros m\u00f3dulos e placas, como o Arduino.<\/li>\n<\/ul>\n","protected":false},"excerpt":{"rendered":"<p>A Protoboard de 170 pontos \u00e9 uma pequena e compacta ferramenta ideal para projetos eletr\u00f4nicos simples e r\u00e1pidos. Com 170 pontos de conex\u00e3o, ela permite que voc\u00ea fa\u00e7a montagens tempor\u00e1rias de circuitos sem a necessidade de soldagem, facilitando a prototipagem e testes de componentes como resistores, LEDs, transistores, e outros. Suas linhas horizontais conectam os [&hellip;]<\/p>\n","protected":false},"featured_media":18508,"template":"","meta":[],"product_brand":[],"product_cat":[411],"product_tag":[],"class_list":{"0":"post-18507","1":"product","2":"type-product","3":"status-publish","4":"has-post-thumbnail","6":"product_cat-sem-categoria","8":"entry","9":"has-media","11":"first","12":"instock","13":"shipping-taxable","14":"purchasable","15":"product-type-simple","16":"has-product-nav","17":"col","18":"span_1_of_3","19":"owp-content-center","20":"owp-thumbs-layout-horizontal","21":"owp-btn-normal","22":"owp-tabs-layout-horizontal"},"_links":{"self":[{"href":"https:\/\/arduxop.com.br\/loja\/wp-json\/wp\/v2\/product\/18507","targetHints":{"allow":["GET"]}}],"collection":[{"href":"https:\/\/arduxop.com.br\/loja\/wp-json\/wp\/v2\/product"}],"about":[{"href":"https:\/\/arduxop.com.br\/loja\/wp-json\/wp\/v2\/types\/product"}],"wp:featuredmedia":[{"embeddable":true,"href":"https:\/\/arduxop.com.br\/loja\/wp-json\/wp\/v2\/media\/18508"}],"wp:attachment":[{"href":"https:\/\/arduxop.com.br\/loja\/wp-json\/wp\/v2\/media?parent=18507"}],"wp:term":[{"taxonomy":"product_brand","embeddable":true,"href":"https:\/\/arduxop.com.br\/loja\/wp-json\/wp\/v2\/product_brand?post=18507"},{"taxonomy":"product_cat","embeddable":true,"href":"https:\/\/arduxop.com.br\/loja\/wp-json\/wp\/v2\/product_cat?post=18507"},{"taxonomy":"product_tag","embeddable":true,"href":"https:\/\/arduxop.com.br\/loja\/wp-json\/wp\/v2\/product_tag?post=18507"}],"curies":[{"name":"wp","href":"https:\/\/api.w.org\/{rel}","templated":true}]}}