{"id":18504,"date":"2025-02-07T16:04:17","date_gmt":"2025-02-07T20:04:17","guid":{"rendered":"https:\/\/arduxop.com.br\/loja\/?post_type=product&#038;p=18504"},"modified":"2025-02-07T16:04:17","modified_gmt":"2025-02-07T20:04:17","slug":"suporte-para-bateria-2032-2025-2016","status":"publish","type":"product","link":"https:\/\/arduxop.com.br\/loja\/produto\/suporte-para-bateria-2032-2025-2016\/","title":{"rendered":"Suporte para bateria (2032, 2025, 2016)"},"content":{"rendered":"<p>O\u00a0<strong>Suporte para Bateria CR2032\/2025\/2016<\/strong>\u00a0\u00e9 um produto desenvolvido com a finalidade de alojar baterias do tipo CR2032, CR2025 e CR2016 em projetos de placas eletr\u00f4nicas. O\u00a0<strong>Suporte Para Bateria CR2032\/2025\/2016<\/strong>\u00a0possui dois terminais para soldagem na placa de circuito impresso, possui acabamento em pl\u00e1stico, bronze fosforoso e banho de n\u00edquel para um melhor acabamento.<\/p>\n<p>O\u00a0<strong>Suporte Para Bateria CR2032\/2025\/2016<\/strong>\u00a0pode ser utilizado nos mais diversos projetos em todas as \u00e1reas onde a eletr\u00f4nica \u00e9 aplicada e se faz necess\u00e1rio o uso de bateria do tipo moeda.<\/p>\n","protected":false},"excerpt":{"rendered":"<p>O\u00a0Suporte para Bateria CR2032\/2025\/2016\u00a0\u00e9 um produto desenvolvido com a finalidade de alojar baterias do tipo CR2032, CR2025 e CR2016 em projetos de placas eletr\u00f4nicas. O\u00a0Suporte Para Bateria CR2032\/2025\/2016\u00a0possui dois terminais para soldagem na placa de circuito impresso, possui acabamento em pl\u00e1stico, bronze fosforoso e banho de n\u00edquel para um melhor acabamento. O\u00a0Suporte Para Bateria CR2032\/2025\/2016\u00a0pode [&hellip;]<\/p>\n","protected":false},"featured_media":18505,"template":"","meta":[],"product_brand":[],"product_cat":[187],"product_tag":[],"class_list":{"0":"post-18504","1":"product","2":"type-product","3":"status-publish","4":"has-post-thumbnail","6":"product_cat-pilhas-e-baterias","8":"entry","9":"has-media","11":"first","12":"instock","13":"shipping-taxable","14":"purchasable","15":"product-type-simple","16":"has-product-nav","17":"col","18":"span_1_of_3","19":"owp-content-center","20":"owp-thumbs-layout-horizontal","21":"owp-btn-normal","22":"owp-tabs-layout-horizontal"},"_links":{"self":[{"href":"https:\/\/arduxop.com.br\/loja\/wp-json\/wp\/v2\/product\/18504","targetHints":{"allow":["GET"]}}],"collection":[{"href":"https:\/\/arduxop.com.br\/loja\/wp-json\/wp\/v2\/product"}],"about":[{"href":"https:\/\/arduxop.com.br\/loja\/wp-json\/wp\/v2\/types\/product"}],"wp:featuredmedia":[{"embeddable":true,"href":"https:\/\/arduxop.com.br\/loja\/wp-json\/wp\/v2\/media\/18505"}],"wp:attachment":[{"href":"https:\/\/arduxop.com.br\/loja\/wp-json\/wp\/v2\/media?parent=18504"}],"wp:term":[{"taxonomy":"product_brand","embeddable":true,"href":"https:\/\/arduxop.com.br\/loja\/wp-json\/wp\/v2\/product_brand?post=18504"},{"taxonomy":"product_cat","embeddable":true,"href":"https:\/\/arduxop.com.br\/loja\/wp-json\/wp\/v2\/product_cat?post=18504"},{"taxonomy":"product_tag","embeddable":true,"href":"https:\/\/arduxop.com.br\/loja\/wp-json\/wp\/v2\/product_tag?post=18504"}],"curies":[{"name":"wp","href":"https:\/\/api.w.org\/{rel}","templated":true}]}}