{"id":18500,"date":"2025-02-07T15:50:42","date_gmt":"2025-02-07T19:50:42","guid":{"rendered":"https:\/\/arduxop.com.br\/loja\/?post_type=product&#038;p=18500"},"modified":"2025-02-07T15:50:42","modified_gmt":"2025-02-07T19:50:42","slug":"modulo-shield-rele-5v-4-canais","status":"publish","type":"product","link":"https:\/\/arduxop.com.br\/loja\/produto\/modulo-shield-rele-5v-4-canais\/","title":{"rendered":"M\u00f3dulo Shield Rele 5V 4 canais"},"content":{"rendered":"<div class=\"box-descricao\">\n<p>O M\u00f3dulo Rel\u00e9 Shield 4 Canais \u00e9 um m\u00f3dulo eletr\u00f4nico desenvolvido especialmente para aplica\u00e7\u00e3o junto aos microcontroladores Arduino Uno e Arduino Mega. Constitu\u00eddo por 4 rel\u00e9s, possibilita o acionamento de 4 sistemas el\u00e9tricos diferentes, sendo acionado por meio do Arduino. Cada canal do Shield Rel\u00e9 permite controlar 1 dispositivo de corrente alternada ou continua, de at\u00e9 3A, como, por exemplo, l\u00e2mpadas, port\u00f5es eletr\u00f4nicos, ventiladores, dentre outros.<\/p>\n<p>Por se tratar de uma shield, possibilita encaixe perfeito e r\u00e1pido junto ao Arduino Uno ou Mega, contando com todos os componentes necess\u00e1rios para funcionamento imediato, evitando as intermin\u00e1veis liga\u00e7\u00f5es e os emaranhados de fios junto aos projetos. Mais precisamente, auxilia no desenvolvimento de casas futuristas (projetos dom\u00f3ticos) onde \u00e9 poss\u00edvel o acionamento de sistemas eletr\u00f4nicos por meio de um aplicativo para smartphone, por exemplo.<\/p>\n<p>A placa ainda possui uma s\u00e9rie de bornes a parafuso, os quais s\u00e3o utilizados para as conex\u00f5es el\u00e9tricas. Entre os terminais encontramos os conjuntos correspondentes a cada um (J1, J2, J3 e J4), sendo que cada conjunto conta com outros 3 bornes, o NOx que \u00e9 um pino normalmente aberto, o NCX que \u00e9 um pino normalmente fechado e o COMx que \u00e9 o comum.<\/p>\n<\/div>\n","protected":false},"excerpt":{"rendered":"<p>O M\u00f3dulo Rel\u00e9 Shield 4 Canais \u00e9 um m\u00f3dulo eletr\u00f4nico desenvolvido especialmente para aplica\u00e7\u00e3o junto aos microcontroladores Arduino Uno e Arduino Mega. Constitu\u00eddo por 4 rel\u00e9s, possibilita o acionamento de 4 sistemas el\u00e9tricos diferentes, sendo acionado por meio do Arduino. Cada canal do Shield Rel\u00e9 permite controlar 1 dispositivo de corrente alternada ou continua, de [&hellip;]<\/p>\n","protected":false},"featured_media":18501,"template":"","meta":[],"product_brand":[],"product_cat":[411],"product_tag":[],"class_list":{"0":"post-18500","1":"product","2":"type-product","3":"status-publish","4":"has-post-thumbnail","6":"product_cat-sem-categoria","8":"entry","9":"has-media","11":"first","12":"instock","13":"shipping-taxable","14":"purchasable","15":"product-type-simple","16":"has-product-nav","17":"col","18":"span_1_of_3","19":"owp-content-center","20":"owp-thumbs-layout-horizontal","21":"owp-btn-normal","22":"owp-tabs-layout-horizontal"},"_links":{"self":[{"href":"https:\/\/arduxop.com.br\/loja\/wp-json\/wp\/v2\/product\/18500","targetHints":{"allow":["GET"]}}],"collection":[{"href":"https:\/\/arduxop.com.br\/loja\/wp-json\/wp\/v2\/product"}],"about":[{"href":"https:\/\/arduxop.com.br\/loja\/wp-json\/wp\/v2\/types\/product"}],"wp:featuredmedia":[{"embeddable":true,"href":"https:\/\/arduxop.com.br\/loja\/wp-json\/wp\/v2\/media\/18501"}],"wp:attachment":[{"href":"https:\/\/arduxop.com.br\/loja\/wp-json\/wp\/v2\/media?parent=18500"}],"wp:term":[{"taxonomy":"product_brand","embeddable":true,"href":"https:\/\/arduxop.com.br\/loja\/wp-json\/wp\/v2\/product_brand?post=18500"},{"taxonomy":"product_cat","embeddable":true,"href":"https:\/\/arduxop.com.br\/loja\/wp-json\/wp\/v2\/product_cat?post=18500"},{"taxonomy":"product_tag","embeddable":true,"href":"https:\/\/arduxop.com.br\/loja\/wp-json\/wp\/v2\/product_tag?post=18500"}],"curies":[{"name":"wp","href":"https:\/\/api.w.org\/{rel}","templated":true}]}}