{"id":18486,"date":"2025-02-07T14:17:01","date_gmt":"2025-02-07T18:17:01","guid":{"rendered":"https:\/\/arduxop.com.br\/loja\/?post_type=product&#038;p=18486"},"modified":"2025-02-07T14:17:02","modified_gmt":"2025-02-07T18:17:02","slug":"led-difuso-10mm-amarelo","status":"publish","type":"product","link":"https:\/\/arduxop.com.br\/loja\/produto\/led-difuso-10mm-amarelo\/","title":{"rendered":"Led difuso 10mm amarelo"},"content":{"rendered":"<div>&#8211; O <strong>LED Amarelo<\/strong>\u00a0\u00e9 um diodo emissor de luz comumente utilizado como fonte luminosa ou sinalizadora em projetos eletr\u00f4nicos e em determinados locais ou instrumentos onde se torna conveniente a utiliza\u00e7\u00e3o do LED ao inv\u00e9s de uma l\u00e2mpada comum.<\/div>\n<div>&#8211; O\u00a0<strong>LED Amarelo<\/strong>\u00a0\u00e9 um componente eletr\u00f4nico bipolar, possuindo dois terminais: o \u00e2nodo e o c\u00e1todo. Dependendo de sua polariza\u00e7\u00e3o, \u00e9 capaz de permitir ou n\u00e3o a passagem da corrente el\u00e9trica ao seu LED.<\/div>\n<div>&#8211; Atrav\u00e9s de suas polaridades o\u00a0<strong>LED Amarelo<\/strong>\u00a0apresenta uma ordem exata de conex\u00e3o, sendo que, quando conectado inversamente o LED n\u00e3o ir\u00e1 funcionar corretamente. Ressaltando que o terminal de maior comprimento \u00e9 o positivo e o de menor comprimento \u00e9 o negativo.<\/div>\n<div>&#8211; Dentre os componentes mais importantes do\u00a0<strong>LED Amarelo<\/strong>\u00a0temos o chip semicondutor, o qual possui dimens\u00f5es reduzidas, mas com uma importante fun\u00e7\u00e3o: gerar a luz do LED.<\/div>\n<div>&#8211; O\u00a0<strong>LED Amarelo<\/strong>\u00a0quando comparado as luzes incandescentes apresenta uma grande economia de energia, tamanho reduzido, maior tempo de vida \u00fatil, confiabilidade e extrema durabilidade.<\/div>\n<div>&#8211; Indicado para voc\u00ea projetista ou hobista que deseja fazer um projeto de qualidade e efici\u00eancia, o\u00a0<strong>LED Amarelo<\/strong>\u00a0\u00e9 um produto com diversas funcionalidades que podem ser exploradas e utilizadas de acordo com sua necessidade.<\/div>\n","protected":false},"excerpt":{"rendered":"<p>&#8211; O LED Amarelo\u00a0\u00e9 um diodo emissor de luz comumente utilizado como fonte luminosa ou sinalizadora em projetos eletr\u00f4nicos e em determinados locais ou instrumentos onde se torna conveniente a utiliza\u00e7\u00e3o do LED ao inv\u00e9s de uma l\u00e2mpada comum. &#8211; O\u00a0LED Amarelo\u00a0\u00e9 um componente eletr\u00f4nico bipolar, possuindo dois terminais: o \u00e2nodo e o c\u00e1todo. Dependendo [&hellip;]<\/p>\n","protected":false},"featured_media":18487,"template":"","meta":[],"product_brand":[],"product_cat":[411],"product_tag":[],"class_list":{"0":"post-18486","1":"product","2":"type-product","3":"status-publish","4":"has-post-thumbnail","6":"product_cat-sem-categoria","8":"entry","9":"has-media","11":"first","12":"instock","13":"shipping-taxable","14":"purchasable","15":"product-type-simple","16":"has-product-nav","17":"col","18":"span_1_of_3","19":"owp-content-center","20":"owp-thumbs-layout-horizontal","21":"owp-btn-normal","22":"owp-tabs-layout-horizontal"},"_links":{"self":[{"href":"https:\/\/arduxop.com.br\/loja\/wp-json\/wp\/v2\/product\/18486","targetHints":{"allow":["GET"]}}],"collection":[{"href":"https:\/\/arduxop.com.br\/loja\/wp-json\/wp\/v2\/product"}],"about":[{"href":"https:\/\/arduxop.com.br\/loja\/wp-json\/wp\/v2\/types\/product"}],"wp:featuredmedia":[{"embeddable":true,"href":"https:\/\/arduxop.com.br\/loja\/wp-json\/wp\/v2\/media\/18487"}],"wp:attachment":[{"href":"https:\/\/arduxop.com.br\/loja\/wp-json\/wp\/v2\/media?parent=18486"}],"wp:term":[{"taxonomy":"product_brand","embeddable":true,"href":"https:\/\/arduxop.com.br\/loja\/wp-json\/wp\/v2\/product_brand?post=18486"},{"taxonomy":"product_cat","embeddable":true,"href":"https:\/\/arduxop.com.br\/loja\/wp-json\/wp\/v2\/product_cat?post=18486"},{"taxonomy":"product_tag","embeddable":true,"href":"https:\/\/arduxop.com.br\/loja\/wp-json\/wp\/v2\/product_tag?post=18486"}],"curies":[{"name":"wp","href":"https:\/\/api.w.org\/{rel}","templated":true}]}}