{"id":18482,"date":"2025-02-07T14:00:13","date_gmt":"2025-02-07T18:00:13","guid":{"rendered":"https:\/\/arduxop.com.br\/loja\/?post_type=product&#038;p=18482"},"modified":"2025-02-07T14:00:13","modified_gmt":"2025-02-07T18:00:13","slug":"modulo-display-lcd-16x2-com-backlight-azul","status":"publish","type":"product","link":"https:\/\/arduxop.com.br\/loja\/produto\/modulo-display-lcd-16x2-com-backlight-azul\/","title":{"rendered":"M\u00f3dulo display LCD 16X2 com Backlight azul"},"content":{"rendered":"<p>Display LCD 16\u00d72 ( 2 Linhas e 16 Colunas )<br \/>\nBacklight: Azul<br \/>\nControlador: Compativel com HD44780<br \/>\nTens\u00e3o de trabalho: 4.5V ~ 5.5V<br \/>\nCorrente de trabalho: 1.0mA ~ 1.5mA<br \/>\nTens\u00e3o do LED (backligth): 1.5V ~ 5.5V<br \/>\nCorrente do LED (backligth): 75mA ~ 200mA<br \/>\nTamanho dos caracteres: 3mm x 5.02mm<br \/>\nInterface: 16 pinos<\/p>\n","protected":false},"excerpt":{"rendered":"<p>Display LCD 16\u00d72 ( 2 Linhas e 16 Colunas ) Backlight: Azul Controlador: Compativel com HD44780 Tens\u00e3o de trabalho: 4.5V ~ 5.5V Corrente de trabalho: 1.0mA ~ 1.5mA Tens\u00e3o do LED (backligth): 1.5V ~ 5.5V Corrente do LED (backligth): 75mA ~ 200mA Tamanho dos caracteres: 3mm x 5.02mm Interface: 16 pinos<\/p>\n","protected":false},"featured_media":18483,"template":"","meta":[],"product_brand":[],"product_cat":[411],"product_tag":[],"class_list":{"0":"post-18482","1":"product","2":"type-product","3":"status-publish","4":"has-post-thumbnail","6":"product_cat-sem-categoria","8":"entry","9":"has-media","11":"first","12":"instock","13":"shipping-taxable","14":"purchasable","15":"product-type-simple","16":"has-product-nav","17":"col","18":"span_1_of_3","19":"owp-content-center","20":"owp-thumbs-layout-horizontal","21":"owp-btn-normal","22":"owp-tabs-layout-horizontal"},"_links":{"self":[{"href":"https:\/\/arduxop.com.br\/loja\/wp-json\/wp\/v2\/product\/18482","targetHints":{"allow":["GET"]}}],"collection":[{"href":"https:\/\/arduxop.com.br\/loja\/wp-json\/wp\/v2\/product"}],"about":[{"href":"https:\/\/arduxop.com.br\/loja\/wp-json\/wp\/v2\/types\/product"}],"wp:featuredmedia":[{"embeddable":true,"href":"https:\/\/arduxop.com.br\/loja\/wp-json\/wp\/v2\/media\/18483"}],"wp:attachment":[{"href":"https:\/\/arduxop.com.br\/loja\/wp-json\/wp\/v2\/media?parent=18482"}],"wp:term":[{"taxonomy":"product_brand","embeddable":true,"href":"https:\/\/arduxop.com.br\/loja\/wp-json\/wp\/v2\/product_brand?post=18482"},{"taxonomy":"product_cat","embeddable":true,"href":"https:\/\/arduxop.com.br\/loja\/wp-json\/wp\/v2\/product_cat?post=18482"},{"taxonomy":"product_tag","embeddable":true,"href":"https:\/\/arduxop.com.br\/loja\/wp-json\/wp\/v2\/product_tag?post=18482"}],"curies":[{"name":"wp","href":"https:\/\/api.w.org\/{rel}","templated":true}]}}