{"id":18474,"date":"2025-02-06T16:37:36","date_gmt":"2025-02-06T20:37:36","guid":{"rendered":"https:\/\/arduxop.com.br\/loja\/?post_type=product&#038;p=18474"},"modified":"2025-02-06T16:38:28","modified_gmt":"2025-02-06T20:38:28","slug":"modulo-sensor-de-obstaculo-infravermelho-ky032","status":"publish","type":"product","link":"https:\/\/arduxop.com.br\/loja\/produto\/modulo-sensor-de-obstaculo-infravermelho-ky032\/","title":{"rendered":"M\u00f3dulo sensor de obst\u00e1culo infravermelho &#8211; KY032"},"content":{"rendered":"<p>O Sensor Infravermelho KY-032, M\u00f3dulo Desvio de Obst\u00e1culo \u00e9 um sensor altamente eficaz para detec\u00e7\u00e3o de obst\u00e1culos, com base em tecnologia infravermelha (IR). Ele \u00e9 amplamente utilizado em projetos de rob\u00f3tica, ve\u00edculos aut\u00f4nomos e sistemas de automa\u00e7\u00e3o para evitar colis\u00f5es. O m\u00f3dulo funciona emitindo um feixe de luz infravermelha, que reflete em superf\u00edcies pr\u00f3ximas e retorna ao sensor, permitindo a identifica\u00e7\u00e3o de objetos na frente do sensor.<\/p>\n<p>Este sensor \u00e9 ideal para aplica\u00e7\u00f5es de detec\u00e7\u00e3o de obst\u00e1culos em ambientes internos, onde mudan\u00e7as de luz ambiente n\u00e3o afetam significativamente sua opera\u00e7\u00e3o. O KY-032 \u00e9 projetado para detectar objetos a uma dist\u00e2ncia ajust\u00e1vel e possui alta precis\u00e3o e confiabilidade. Seu design compacto facilita a integra\u00e7\u00e3o em diversos tipos de projetos de eletr\u00f4nica.<\/p>\n<p>O jumper presente na placa tem a fun\u00e7\u00e3o de alternar entre dois modos de opera\u00e7\u00e3o:<\/p>\n<p>&#8211; Jumper conectado: Quando o jumper est\u00e1 inserido, o sensor opera no modo padr\u00e3o, onde a detec\u00e7\u00e3o de obst\u00e1culos \u00e9 feita de forma cont\u00ednua, e o sinal de sa\u00edda do pino &#8220;OUT&#8221; \u00e9 ativado toda vez que um obst\u00e1culo \u00e9 detectado.<\/p>\n<p>&#8211; Jumper removido: Quando o jumper \u00e9 removido, o sensor entra em um modo de auto ajuste de sensibilidade. Neste modo, o usu\u00e1rio pode usar um potenci\u00f4metro na placa para ajustar manualmente a dist\u00e2ncia de detec\u00e7\u00e3o do sensor, alterando sua sensibilidade.<\/p>\n","protected":false},"excerpt":{"rendered":"<p>O Sensor Infravermelho KY-032, M\u00f3dulo Desvio de Obst\u00e1culo \u00e9 um sensor altamente eficaz para detec\u00e7\u00e3o de obst\u00e1culos, com base em tecnologia infravermelha (IR). Ele \u00e9 amplamente utilizado em projetos de rob\u00f3tica, ve\u00edculos aut\u00f4nomos e sistemas de automa\u00e7\u00e3o para evitar colis\u00f5es. O m\u00f3dulo funciona emitindo um feixe de luz infravermelha, que reflete em superf\u00edcies pr\u00f3ximas e [&hellip;]<\/p>\n","protected":false},"featured_media":18475,"template":"","meta":[],"product_brand":[],"product_cat":[411],"product_tag":[],"class_list":{"0":"post-18474","1":"product","2":"type-product","3":"status-publish","4":"has-post-thumbnail","6":"product_cat-sem-categoria","8":"entry","9":"has-media","11":"first","12":"instock","13":"shipping-taxable","14":"purchasable","15":"product-type-simple","16":"has-product-nav","17":"col","18":"span_1_of_3","19":"owp-content-center","20":"owp-thumbs-layout-horizontal","21":"owp-btn-normal","22":"owp-tabs-layout-horizontal"},"_links":{"self":[{"href":"https:\/\/arduxop.com.br\/loja\/wp-json\/wp\/v2\/product\/18474","targetHints":{"allow":["GET"]}}],"collection":[{"href":"https:\/\/arduxop.com.br\/loja\/wp-json\/wp\/v2\/product"}],"about":[{"href":"https:\/\/arduxop.com.br\/loja\/wp-json\/wp\/v2\/types\/product"}],"wp:featuredmedia":[{"embeddable":true,"href":"https:\/\/arduxop.com.br\/loja\/wp-json\/wp\/v2\/media\/18475"}],"wp:attachment":[{"href":"https:\/\/arduxop.com.br\/loja\/wp-json\/wp\/v2\/media?parent=18474"}],"wp:term":[{"taxonomy":"product_brand","embeddable":true,"href":"https:\/\/arduxop.com.br\/loja\/wp-json\/wp\/v2\/product_brand?post=18474"},{"taxonomy":"product_cat","embeddable":true,"href":"https:\/\/arduxop.com.br\/loja\/wp-json\/wp\/v2\/product_cat?post=18474"},{"taxonomy":"product_tag","embeddable":true,"href":"https:\/\/arduxop.com.br\/loja\/wp-json\/wp\/v2\/product_tag?post=18474"}],"curies":[{"name":"wp","href":"https:\/\/api.w.org\/{rel}","templated":true}]}}