{"id":18471,"date":"2025-02-06T16:27:53","date_gmt":"2025-02-06T20:27:53","guid":{"rendered":"https:\/\/arduxop.com.br\/loja\/?post_type=product&#038;p=18471"},"modified":"2025-12-10T14:42:51","modified_gmt":"2025-12-10T18:42:51","slug":"modulo-arduino-dht22-sensor-de-umidade-e-temperatura-am2302","status":"publish","type":"product","link":"https:\/\/arduxop.com.br\/loja\/produto\/modulo-arduino-dht22-sensor-de-umidade-e-temperatura-am2302\/","title":{"rendered":"Modulo Arduino DHT22 sensor de umidade e temperatura AM2302"},"content":{"rendered":"<p>O DHT22 \u00e9 um sensor de temperatura e umidade de alta precis\u00e3o que permite fazer leituras de temperaturas entre -40\u00ba a 80\u00ba c\u00e9lsius e umidade entre 0 a 100%. O DHT22 tem um excelente custo benef\u00edcio para estudantes, hobbys as e profissionais iniciantes da \u00e1rea de eletr\u00f4nica.<br \/>\nUm exemplo de utiliza\u00e7\u00e3o que podemos dar, \u00e9 por meio de uma placa Arduino, onde \u00e9 poss\u00edvel programar a placa micro controladora para ligar, por exemplo, um ar-condicionado quando o ambiente atingir determinada temperatura ou ligar a fun\u00e7\u00e3o desumidificar quando atingir determinada umidade.<br \/>\nIdeal para uso por profissionais ou estudantes das \u00e1reas tecnol\u00f3gicas, o M\u00f3dulo Sensor de umidade temperatura DHT22 oferece dados confi\u00e1veis e est\u00e1veis, j\u00e1 estando integrado em uma placa, o que facilita a conex\u00e3o. Possui ainda um elemento resistivo do tipo NTC para realizar a medi\u00e7\u00e3o da temperatura.<br \/>\nO M\u00f3dulo Sensor de Temperatura e Umidade Digital DHT22 \u00e9 um pequeno m\u00f3dulo equipado com sensor de umidade e temperatura tipo capacitivo com sa\u00edda digital calibrada. O M\u00f3dulo Sensor de Temperatura e Umidade Digital DHT22 pode ser utilizado com micro controladores como Arduino, Raspberry Pi, PIC, ARM, etc, em projetos que utilizem detec\u00e7\u00e3o de umidade e temperatura, controle de ambientes climatizados, etc.<\/p>\n<p>CARACTER\u00cdSTICAS:<br \/>\n&#8211; M\u00f3dulo Sensor de umidade e temperatura;<br \/>\n&#8211; Maior precis\u00e3o e margens de trabalho que o DHT11;<br \/>\n&#8211; Compat\u00edvel com Arduino, ARM, AVR, PIC;<br \/>\n&#8211; Sinal de sa\u00edda digital;<br \/>\n&#8211; Dados confi\u00e1veis e est\u00e1veis;<br \/>\n&#8211; Simples conex\u00e3o;<\/p>\n<p>ESPECIFICA\u00c7\u00d5ES<br \/>\n&#8211; Faixa de medi\u00e7\u00e3o de umidade: 0 a 100% UR;<br \/>\n&#8211; Faixa de medi\u00e7\u00e3o de temperatura: -40\u00ba a 80\u00baC;<br \/>\n&#8211; Alimenta\u00e7\u00e3o: 3-5VDC (5,5VDC m\u00e1ximo);<br \/>\n&#8211; Corrente: 2,5mA (m\u00e1x); em stand by de 100uA a 150 uA<br \/>\n&#8211; Precis\u00e3o de medi\u00e7\u00e3o de umidade: \u00b1 2% UR;<br \/>\n&#8211; Precis\u00e3o de medi\u00e7\u00e3o de temperatura: \u00b1 0,5 \u00baC;<br \/>\n&#8211; Tempo de resposta: 2 seg;<br \/>\n&#8211; Dimens\u00f5es: 25 x 15 x 7mm (sem terminais);<\/p>\n","protected":false},"excerpt":{"rendered":"<p>O DHT22 \u00e9 um sensor de temperatura e umidade de alta precis\u00e3o que permite fazer leituras de temperaturas entre -40\u00ba a 80\u00ba c\u00e9lsius e umidade entre 0 a 100%. O DHT22 tem um excelente custo benef\u00edcio para estudantes, hobbys as e profissionais iniciantes da \u00e1rea de eletr\u00f4nica. Um exemplo de utiliza\u00e7\u00e3o que podemos dar, \u00e9 [&hellip;]<\/p>\n","protected":false},"featured_media":18472,"template":"","meta":[],"product_brand":[],"product_cat":[411],"product_tag":[],"class_list":{"0":"post-18471","1":"product","2":"type-product","3":"status-publish","4":"has-post-thumbnail","6":"product_cat-sem-categoria","8":"entry","9":"has-media","11":"first","12":"instock","13":"shipping-taxable","14":"purchasable","15":"product-type-simple","16":"has-product-nav","17":"col","18":"span_1_of_3","19":"owp-content-center","20":"owp-thumbs-layout-horizontal","21":"owp-btn-normal","22":"owp-tabs-layout-horizontal"},"_links":{"self":[{"href":"https:\/\/arduxop.com.br\/loja\/wp-json\/wp\/v2\/product\/18471","targetHints":{"allow":["GET"]}}],"collection":[{"href":"https:\/\/arduxop.com.br\/loja\/wp-json\/wp\/v2\/product"}],"about":[{"href":"https:\/\/arduxop.com.br\/loja\/wp-json\/wp\/v2\/types\/product"}],"wp:featuredmedia":[{"embeddable":true,"href":"https:\/\/arduxop.com.br\/loja\/wp-json\/wp\/v2\/media\/18472"}],"wp:attachment":[{"href":"https:\/\/arduxop.com.br\/loja\/wp-json\/wp\/v2\/media?parent=18471"}],"wp:term":[{"taxonomy":"product_brand","embeddable":true,"href":"https:\/\/arduxop.com.br\/loja\/wp-json\/wp\/v2\/product_brand?post=18471"},{"taxonomy":"product_cat","embeddable":true,"href":"https:\/\/arduxop.com.br\/loja\/wp-json\/wp\/v2\/product_cat?post=18471"},{"taxonomy":"product_tag","embeddable":true,"href":"https:\/\/arduxop.com.br\/loja\/wp-json\/wp\/v2\/product_tag?post=18471"}],"curies":[{"name":"wp","href":"https:\/\/api.w.org\/{rel}","templated":true}]}}