{"id":1847,"date":"2018-01-16T11:28:34","date_gmt":"2018-01-16T13:28:34","guid":{"rendered":"https:\/\/arduxop.com.br\/loja\/produto\/boia-sensor-nivel-lateral-magnetico-agua\/"},"modified":"2024-07-25T07:56:47","modified_gmt":"2024-07-25T11:56:47","slug":"boia-sensor-nivel-lateral-magnetico-agua","status":"publish","type":"product","link":"https:\/\/arduxop.com.br\/loja\/produto\/boia-sensor-nivel-lateral-magnetico-agua\/","title":{"rendered":"Boia Sensor Nivel Lateral Magnetico Agua"},"content":{"rendered":"<p><strong>Boia Sensor Nivel Lateral Magnetico Agua, 110V, Arduino, ESP8266 !<\/strong><\/p>\n<p>Interruptor de b\u00f3ia \u00e9 um dispositivo usado para detectar o n\u00edvel de l\u00edquido dentro de um tanque, ele pode acionar uma bomba, um indicador, um alarme, ou outro dispositivo. Esse interruptor de b\u00f3ia (sensor de n\u00edvel de \u00e1gua) amplamente utilizado no autom\u00f3vel, equipamentos industriais, equipamentos agr\u00edcolas e aparelhos dom\u00e9sticos.<\/p>\n<p>Pode ser usado tamb\u00e9m com hidrop\u00f4nica, aqu\u00e1rio de \u00e1gua salgada, tanque de \u00e1gua doce, jardinagem, aqu\u00e1rios para controle da cabe\u00e7a de energia, bacias do animal de estima\u00e7\u00e3o, tanques de peixes, filtra\u00e7\u00e3o, aquecimento, bomba, aqu\u00e1rio e equipamentos de aquecimento de \u00e1gua que precisa de fun\u00e7\u00e3o de prote\u00e7\u00e3o de seguran\u00e7a anti-seca, tais como m\u00e1quina de \u00e1gua, aquecedor de \u00e1gua, condicionador de ar, umidificador, m\u00e1quina de caf\u00e9, mini geladeira e assim por diante.<\/p>\n<p>&nbsp;<\/p>\n<div>\n<p><strong>Descri\u00e7\u00e3o T\u00e9cnica:<\/strong><\/p>\n<ul>\n<li>Material: ABS;<\/li>\n<li>Tens\u00e3o de comuta\u00e7\u00e3o (M\u00e1x.): 110VDC;<\/li>\n<li>Interruptor de alimenta\u00e7\u00e3o: 10W;<\/li>\n<li>Comuta\u00e7\u00e3o de corrente (M\u00e1x.): 0,5A;<\/li>\n<li>Tens\u00e3o de ruptura (M\u00e1x.): 220VDC;<\/li>\n<li>Resist\u00eancia (Max): 100 OHM;<\/li>\n<li>Temperatura de trabalho: -20 ~ + 80\u00b0 C;<\/li>\n<li>Cabo: 400mm;<\/li>\n<li>Sitema de montagem: porca, arruela e rosca.<\/li>\n<\/ul>\n<\/div>\n","protected":false},"excerpt":{"rendered":"<p><strong>Boia Sensor Nivel Lateral Magnetico Agua, 110V, Arduino, ESP8266 !<\/strong><\/p>\n","protected":false},"featured_media":1848,"template":"","meta":[],"product_brand":[],"product_cat":[178],"product_tag":[],"class_list":{"0":"post-1847","1":"product","2":"type-product","3":"status-publish","4":"has-post-thumbnail","6":"product_cat-sensores","8":"entry","9":"has-media","11":"first","12":"outofstock","13":"purchasable","14":"product-type-simple","15":"has-product-nav","16":"col","17":"span_1_of_3","18":"owp-content-center","19":"owp-thumbs-layout-horizontal","20":"owp-btn-normal","21":"owp-tabs-layout-horizontal"},"_links":{"self":[{"href":"https:\/\/arduxop.com.br\/loja\/wp-json\/wp\/v2\/product\/1847","targetHints":{"allow":["GET"]}}],"collection":[{"href":"https:\/\/arduxop.com.br\/loja\/wp-json\/wp\/v2\/product"}],"about":[{"href":"https:\/\/arduxop.com.br\/loja\/wp-json\/wp\/v2\/types\/product"}],"wp:featuredmedia":[{"embeddable":true,"href":"https:\/\/arduxop.com.br\/loja\/wp-json\/wp\/v2\/media\/1848"}],"wp:attachment":[{"href":"https:\/\/arduxop.com.br\/loja\/wp-json\/wp\/v2\/media?parent=1847"}],"wp:term":[{"taxonomy":"product_brand","embeddable":true,"href":"https:\/\/arduxop.com.br\/loja\/wp-json\/wp\/v2\/product_brand?post=1847"},{"taxonomy":"product_cat","embeddable":true,"href":"https:\/\/arduxop.com.br\/loja\/wp-json\/wp\/v2\/product_cat?post=1847"},{"taxonomy":"product_tag","embeddable":true,"href":"https:\/\/arduxop.com.br\/loja\/wp-json\/wp\/v2\/product_tag?post=1847"}],"curies":[{"name":"wp","href":"https:\/\/api.w.org\/{rel}","templated":true}]}}