{"id":18465,"date":"2025-02-06T15:48:09","date_gmt":"2025-02-06T19:48:09","guid":{"rendered":"https:\/\/arduxop.com.br\/loja\/?post_type=product&#038;p=18465"},"modified":"2025-02-06T15:48:09","modified_gmt":"2025-02-06T19:48:09","slug":"modulo-buzzer-de-5v-tipo-passivo","status":"publish","type":"product","link":"https:\/\/arduxop.com.br\/loja\/produto\/modulo-buzzer-de-5v-tipo-passivo\/","title":{"rendered":"M\u00f3dulo buzzer de 5V tipo passivo"},"content":{"rendered":"<p>O M\u00f3dulo Buzzer Passivo 5V \u00e9 um dispositivo utilizado em projetos que necessitam de um controle mais harm\u00f4nico das melodias, pois as formas de onda do som s\u00e3o enviadas diretamente pelo pino de I\/O, saindo um som mais &#8220;limpo&#8221;. Esse m\u00f3dulo pode ser integrado com os mais diversos tipos de microcontroladores como Uno, PIC, Raspberry entre outros. Al\u00e9m disso, a instala\u00e7\u00e3o do componente \u00e9 bem simples pois s\u00f3 possui 3 pinos de conex\u00e3o (VCC, GND e I\/O), o m\u00f3dulo tamb\u00e9m disponibiliza furo para fixa\u00e7\u00e3o.<\/p>\n<p><strong>Especifica\u00e7\u00f5es:<\/strong><\/p>\n<ul>\n<li>Tens\u00e3o de opera\u00e7\u00e3o: 5VDC;<\/li>\n<li>Tipo passivo;<\/li>\n<li>Dimens\u00f5es: 30 x 13 x 10 mm;<\/li>\n<li>Peso: 8 g.<\/li>\n<\/ul>\n","protected":false},"excerpt":{"rendered":"<p>O M\u00f3dulo Buzzer Passivo 5V \u00e9 um dispositivo utilizado em projetos que necessitam de um controle mais harm\u00f4nico das melodias, pois as formas de onda do som s\u00e3o enviadas diretamente pelo pino de I\/O, saindo um som mais &#8220;limpo&#8221;. Esse m\u00f3dulo pode ser integrado com os mais diversos tipos de microcontroladores como Uno, PIC, Raspberry [&hellip;]<\/p>\n","protected":false},"featured_media":18466,"template":"","meta":[],"product_brand":[],"product_cat":[411],"product_tag":[],"class_list":{"0":"post-18465","1":"product","2":"type-product","3":"status-publish","4":"has-post-thumbnail","6":"product_cat-sem-categoria","8":"entry","9":"has-media","11":"first","12":"instock","13":"shipping-taxable","14":"purchasable","15":"product-type-simple","16":"has-product-nav","17":"col","18":"span_1_of_3","19":"owp-content-center","20":"owp-thumbs-layout-horizontal","21":"owp-btn-normal","22":"owp-tabs-layout-horizontal"},"_links":{"self":[{"href":"https:\/\/arduxop.com.br\/loja\/wp-json\/wp\/v2\/product\/18465","targetHints":{"allow":["GET"]}}],"collection":[{"href":"https:\/\/arduxop.com.br\/loja\/wp-json\/wp\/v2\/product"}],"about":[{"href":"https:\/\/arduxop.com.br\/loja\/wp-json\/wp\/v2\/types\/product"}],"wp:featuredmedia":[{"embeddable":true,"href":"https:\/\/arduxop.com.br\/loja\/wp-json\/wp\/v2\/media\/18466"}],"wp:attachment":[{"href":"https:\/\/arduxop.com.br\/loja\/wp-json\/wp\/v2\/media?parent=18465"}],"wp:term":[{"taxonomy":"product_brand","embeddable":true,"href":"https:\/\/arduxop.com.br\/loja\/wp-json\/wp\/v2\/product_brand?post=18465"},{"taxonomy":"product_cat","embeddable":true,"href":"https:\/\/arduxop.com.br\/loja\/wp-json\/wp\/v2\/product_cat?post=18465"},{"taxonomy":"product_tag","embeddable":true,"href":"https:\/\/arduxop.com.br\/loja\/wp-json\/wp\/v2\/product_tag?post=18465"}],"curies":[{"name":"wp","href":"https:\/\/api.w.org\/{rel}","templated":true}]}}