{"id":18459,"date":"2025-02-06T15:05:02","date_gmt":"2025-02-06T19:05:02","guid":{"rendered":"https:\/\/arduxop.com.br\/loja\/?post_type=product&#038;p=18459"},"modified":"2025-02-06T15:05:02","modified_gmt":"2025-02-06T19:05:02","slug":"modulo-joystick-analogico-ky-023","status":"publish","type":"product","link":"https:\/\/arduxop.com.br\/loja\/produto\/modulo-joystick-analogico-ky-023\/","title":{"rendered":"M\u00f3dulo joystick anal\u00f3gico ky-023"},"content":{"rendered":"<p>Este Joystick tem seu princ\u00edpio de funcionamento atrav\u00e9s do controle de 2 potenci\u00f4metros e um bot\u00e3o. Duas das entradas dos potenci\u00f4metros referem-se aos eixos X e Y, sendo que o bot\u00e3o quando pressionado refere-se ao eixo Z. Logo este Joystick cont\u00e9m o total de tr\u00eas interfaces de entradas que s\u00e3o utilizadas para conectar ao eixo X, Y e Z.<\/p>\n<p>Este modelo com menos pinos torna-se uma \u00f3tima op\u00e7\u00e3o para projetos com Arduino, pois evita muitas conex\u00f5es, podendo ser usado como mouse, controle de rob\u00f4s, games, joystick ps2 e projetos em geral.<\/p>\n<p>Quando alimentado com 5V, a sa\u00edda anal\u00f3gica padr\u00e3o (posi\u00e7\u00e3o de repouso) para X,Y \u00e9 2.5V.<br \/>\nMovimentando a alavanca em um dos eixos ou nos dois simultaneamente, faz-se variar a sa\u00edda do eixo correspondente reduzindo a tens\u00e3o de sa\u00edda at\u00e9 0v ou aumentando at\u00e9 5V dependendo do sentido do movimento.<\/p>\n<p><strong>Especifica\u00e7\u00f5es:<\/strong><\/p>\n<p>&#8211; Tens\u00e3o de Opera\u00e7\u00e3o: 3,3-5V<br \/>\n&#8211; Marca: Keyes<br \/>\n&#8211; Modelo: KY-023<br \/>\n&#8211; F\u00e1cil instala\u00e7\u00e3o: 4 Furos<br \/>\n&#8211; Dimens\u00f5es: 3.7 x 2.5 x 3.2cm<br \/>\n&#8211; Peso: 15g<\/p>\n<p><strong>Terminais:<\/strong><\/p>\n<p>&#8211; +5V: 3,3-5V<br \/>\n&#8211; GND: GND<br \/>\n&#8211; VRx: Sa\u00edda Anal\u00f3gica Eixo X<br \/>\n&#8211; VRy: Sa\u00edda Anal\u00f3gica Eixo Y<br \/>\n&#8211; SW: Sa\u00edda Digital Eixo Z<\/p>\n","protected":false},"excerpt":{"rendered":"<p>Este Joystick tem seu princ\u00edpio de funcionamento atrav\u00e9s do controle de 2 potenci\u00f4metros e um bot\u00e3o. Duas das entradas dos potenci\u00f4metros referem-se aos eixos X e Y, sendo que o bot\u00e3o quando pressionado refere-se ao eixo Z. Logo este Joystick cont\u00e9m o total de tr\u00eas interfaces de entradas que s\u00e3o utilizadas para conectar ao eixo [&hellip;]<\/p>\n","protected":false},"featured_media":18460,"template":"","meta":[],"product_brand":[],"product_cat":[411],"product_tag":[],"class_list":{"0":"post-18459","1":"product","2":"type-product","3":"status-publish","4":"has-post-thumbnail","6":"product_cat-sem-categoria","8":"entry","9":"has-media","11":"first","12":"instock","13":"shipping-taxable","14":"purchasable","15":"product-type-simple","16":"has-product-nav","17":"col","18":"span_1_of_3","19":"owp-content-center","20":"owp-thumbs-layout-horizontal","21":"owp-btn-normal","22":"owp-tabs-layout-horizontal"},"_links":{"self":[{"href":"https:\/\/arduxop.com.br\/loja\/wp-json\/wp\/v2\/product\/18459","targetHints":{"allow":["GET"]}}],"collection":[{"href":"https:\/\/arduxop.com.br\/loja\/wp-json\/wp\/v2\/product"}],"about":[{"href":"https:\/\/arduxop.com.br\/loja\/wp-json\/wp\/v2\/types\/product"}],"wp:featuredmedia":[{"embeddable":true,"href":"https:\/\/arduxop.com.br\/loja\/wp-json\/wp\/v2\/media\/18460"}],"wp:attachment":[{"href":"https:\/\/arduxop.com.br\/loja\/wp-json\/wp\/v2\/media?parent=18459"}],"wp:term":[{"taxonomy":"product_brand","embeddable":true,"href":"https:\/\/arduxop.com.br\/loja\/wp-json\/wp\/v2\/product_brand?post=18459"},{"taxonomy":"product_cat","embeddable":true,"href":"https:\/\/arduxop.com.br\/loja\/wp-json\/wp\/v2\/product_cat?post=18459"},{"taxonomy":"product_tag","embeddable":true,"href":"https:\/\/arduxop.com.br\/loja\/wp-json\/wp\/v2\/product_tag?post=18459"}],"curies":[{"name":"wp","href":"https:\/\/api.w.org\/{rel}","templated":true}]}}