{"id":18454,"date":"2025-02-06T14:34:34","date_gmt":"2025-02-06T18:34:34","guid":{"rendered":"https:\/\/arduxop.com.br\/loja\/?post_type=product&#038;p=18454"},"modified":"2025-02-06T14:34:34","modified_gmt":"2025-02-06T18:34:34","slug":"modulo-sensor-reed-switch-magnetico","status":"publish","type":"product","link":"https:\/\/arduxop.com.br\/loja\/produto\/modulo-sensor-reed-switch-magnetico\/","title":{"rendered":"M\u00f3dulo sensor reed switch magn\u00e9tico"},"content":{"rendered":"<p style=\"font-weight: 400\"><span style=\"font-weight: 400\">O M\u00f3dulo Interruptor Magn\u00e9tico &#8211; Reed Switch \u00e9 um tipo de chave sens\u00edvel a campos magn\u00e9ticos, composto por duas pequenas hastes de metal dentro de uma ampola de vidro, essas duas hastes se mant\u00eam-se separadas, em estado normalmente aberto, e na presen\u00e7a de um campo magn\u00e9tico, encostam-se uma na outra fechando o circuito.<\/span><\/p>\n<p style=\"font-weight: 400\"><strong>\u00a0<\/strong><b>Especifica\u00e7\u00f5es T\u00e9cnicas:<\/b><\/p>\n<p style=\"font-weight: 400\"><span style=\"font-weight: 400\">M\u00f3dulo Interruptor Magn\u00e9tico &#8211; Reed Switch\u00a0<\/span><\/p>\n<p style=\"font-weight: 400\"><span style=\"font-weight: 400\">Modelo: M\u00f3dulo Sensor Magn\u00e9tico \/ Reed Switch \/ Magnetron \/ Mag Switch<\/span><\/p>\n<p style=\"font-weight: 400\"><span style=\"font-weight: 400\">Tens\u00e3o de alimenta\u00e7\u00e3o: 3,3 ~ 5V<\/span><\/p>\n<p style=\"font-weight: 400\"><span style=\"font-weight: 400\">Corrente de sa\u00edda: \u2265 15mA<\/span><\/p>\n<p style=\"font-weight: 400\"><span style=\"font-weight: 400\">Sa\u00edda: Digital<\/span><\/p>\n<p style=\"font-weight: 400\"><span style=\"font-weight: 400\">Comparador: LM393 &#8211; <\/span><a href=\"https:\/\/cdn.awsli.com.br\/945\/945993\/arquivos\/Datasheet%20LM393.pdf\"><span style=\"font-weight: 400\">Datasheet <\/span><\/a><\/p>\n<p style=\"font-weight: 400\"><span style=\"font-weight: 400\">Dist\u00e2ncia de acionamento: ~ 1cm<\/span><\/p>\n<p style=\"font-weight: 400\"><span style=\"font-weight: 400\">Dimens\u00f5es: 3,2cm x 1,4cm<\/span><\/p>\n<p style=\"font-weight: 400\"><span style=\"font-weight: 400\">Material: Metal \/ Vidro\/ Pl\u00e1stico \/ Placa de Fenolite<\/span><\/p>\n<p style=\"font-weight: 400\"><span style=\"font-weight: 400\">Origem: China<\/span><\/p>\n<p style=\"font-weight: 400\"><span style=\"font-weight: 400\">Tamanho: 42mm x 15mm x 12mm<\/span><\/p>\n<p style=\"font-weight: 400\"><span style=\"font-weight: 400\">Peso: 3g<\/span><\/p>\n","protected":false},"excerpt":{"rendered":"<p>O M\u00f3dulo Interruptor Magn\u00e9tico &#8211; Reed Switch \u00e9 um tipo de chave sens\u00edvel a campos magn\u00e9ticos, composto por duas pequenas hastes de metal dentro de uma ampola de vidro, essas duas hastes se mant\u00eam-se separadas, em estado normalmente aberto, e na presen\u00e7a de um campo magn\u00e9tico, encostam-se uma na outra fechando o circuito. \u00a0Especifica\u00e7\u00f5es T\u00e9cnicas: [&hellip;]<\/p>\n","protected":false},"featured_media":18455,"template":"","meta":[],"product_brand":[],"product_cat":[411],"product_tag":[],"class_list":{"0":"post-18454","1":"product","2":"type-product","3":"status-publish","4":"has-post-thumbnail","6":"product_cat-sem-categoria","8":"entry","9":"has-media","11":"first","12":"instock","13":"shipping-taxable","14":"purchasable","15":"product-type-simple","16":"has-product-nav","17":"col","18":"span_1_of_3","19":"owp-content-center","20":"owp-thumbs-layout-horizontal","21":"owp-btn-normal","22":"owp-tabs-layout-horizontal"},"_links":{"self":[{"href":"https:\/\/arduxop.com.br\/loja\/wp-json\/wp\/v2\/product\/18454","targetHints":{"allow":["GET"]}}],"collection":[{"href":"https:\/\/arduxop.com.br\/loja\/wp-json\/wp\/v2\/product"}],"about":[{"href":"https:\/\/arduxop.com.br\/loja\/wp-json\/wp\/v2\/types\/product"}],"wp:featuredmedia":[{"embeddable":true,"href":"https:\/\/arduxop.com.br\/loja\/wp-json\/wp\/v2\/media\/18455"}],"wp:attachment":[{"href":"https:\/\/arduxop.com.br\/loja\/wp-json\/wp\/v2\/media?parent=18454"}],"wp:term":[{"taxonomy":"product_brand","embeddable":true,"href":"https:\/\/arduxop.com.br\/loja\/wp-json\/wp\/v2\/product_brand?post=18454"},{"taxonomy":"product_cat","embeddable":true,"href":"https:\/\/arduxop.com.br\/loja\/wp-json\/wp\/v2\/product_cat?post=18454"},{"taxonomy":"product_tag","embeddable":true,"href":"https:\/\/arduxop.com.br\/loja\/wp-json\/wp\/v2\/product_tag?post=18454"}],"curies":[{"name":"wp","href":"https:\/\/api.w.org\/{rel}","templated":true}]}}