{"id":18450,"date":"2025-02-06T14:14:40","date_gmt":"2025-02-06T18:14:40","guid":{"rendered":"https:\/\/arduxop.com.br\/loja\/?post_type=product&#038;p=18450"},"modified":"2025-02-06T14:14:40","modified_gmt":"2025-02-06T18:14:40","slug":"modulo-rele-estado-solido-ssr-5v-8-canais","status":"publish","type":"product","link":"https:\/\/arduxop.com.br\/loja\/produto\/modulo-rele-estado-solido-ssr-5v-8-canais\/","title":{"rendered":"M\u00f3dulo rele estado s\u00f3lido SSR 5V &#8211; 8 CANAIS"},"content":{"rendered":"<p>O M\u00f3dulo Rel\u00e9 5V de Estado S\u00f3lido SSR 8 Canais, tem a mesma fun\u00e7\u00e3o dos rel\u00e9s convencionais (eletromec\u00e2nicos), ou seja, controlar circuitos externos de grandes correntes a partir de pequenas correntes ou tens\u00f5es.<\/p>\n<p>A grande diferen\u00e7a do M\u00f3dulo Rel\u00e9 5V de Estado S\u00f3lido SSR 8 Canais para o m\u00f3dulo rel\u00e9 convencional \u00e9 o fato do primeiro n\u00e3o possuir elementos mec\u00e2nicos ou qualquer tipo de pe\u00e7a m\u00f3vel, funcionando a partir de tiristores ao inv\u00e9s de contatos.<\/p>\n<p>Por n\u00e3o possuir partes mec\u00e2nicas \/ m\u00f3veis, o M\u00f3dulo Rel\u00e9 5V de Estado S\u00f3lido SSR 8 Canais n\u00e3o sofre desgaste e tem vida \u00fatil praticamente ilimitada. Al\u00e9m disso, este tipo de m\u00f3dulo rel\u00e9 possui alto grau de confiabilidade, \u00e9 resistente a vibra\u00e7\u00f5es mec\u00e2nicas, n\u00e3o possui ru\u00eddos sonoros, \u00e9 compat\u00edvel com microprocessadores \/ l\u00f3gica TTL e \u00e9 compacto.<\/p>\n<p><strong>OBS:<\/strong>\u00a0Esse m\u00f3dulo serve para controlar apenas cargas AC.<\/p>\n<p>&nbsp;<\/p>\n<h2>Especifica\u00e7\u00f5es:<\/h2>\n<p>&#8211; Tens\u00e3o de opera\u00e7\u00e3o: 5VDC;<br \/>\n&#8211; Corrente da fonte alimenta\u00e7\u00e3o (m\u00ednima): 350mA;<br \/>\n&#8211; Corrente de opera\u00e7\u00e3o: 12,5mA;<br \/>\n&#8211; Capacidade do rel\u00e9: 250VAC\/2A;<br \/>\n&#8211; Quantidade de canais: 8;<br \/>\n&#8211; Sinal de acionamento: 0 &#8211; 1,5V (LOW \/ rel\u00e9 ligado) \/ 2,5 &#8211; 5V (HIGH \/ rel\u00e9 desligado);<br \/>\n&#8211; Dimens\u00f5es: 55 mm(L) X 21mm(A) X 105mm(C);<br \/>\n&#8211; Peso: 80g;<\/p>\n","protected":false},"excerpt":{"rendered":"<p>O M\u00f3dulo Rel\u00e9 5V de Estado S\u00f3lido SSR 8 Canais, tem a mesma fun\u00e7\u00e3o dos rel\u00e9s convencionais (eletromec\u00e2nicos), ou seja, controlar circuitos externos de grandes correntes a partir de pequenas correntes ou tens\u00f5es. A grande diferen\u00e7a do M\u00f3dulo Rel\u00e9 5V de Estado S\u00f3lido SSR 8 Canais para o m\u00f3dulo rel\u00e9 convencional \u00e9 o fato do [&hellip;]<\/p>\n","protected":false},"featured_media":18451,"template":"","meta":[],"product_brand":[],"product_cat":[411],"product_tag":[],"class_list":{"0":"post-18450","1":"product","2":"type-product","3":"status-publish","4":"has-post-thumbnail","6":"product_cat-sem-categoria","8":"entry","9":"has-media","11":"first","12":"instock","13":"shipping-taxable","14":"purchasable","15":"product-type-simple","16":"has-product-nav","17":"col","18":"span_1_of_3","19":"owp-content-center","20":"owp-thumbs-layout-horizontal","21":"owp-btn-normal","22":"owp-tabs-layout-horizontal"},"_links":{"self":[{"href":"https:\/\/arduxop.com.br\/loja\/wp-json\/wp\/v2\/product\/18450","targetHints":{"allow":["GET"]}}],"collection":[{"href":"https:\/\/arduxop.com.br\/loja\/wp-json\/wp\/v2\/product"}],"about":[{"href":"https:\/\/arduxop.com.br\/loja\/wp-json\/wp\/v2\/types\/product"}],"wp:featuredmedia":[{"embeddable":true,"href":"https:\/\/arduxop.com.br\/loja\/wp-json\/wp\/v2\/media\/18451"}],"wp:attachment":[{"href":"https:\/\/arduxop.com.br\/loja\/wp-json\/wp\/v2\/media?parent=18450"}],"wp:term":[{"taxonomy":"product_brand","embeddable":true,"href":"https:\/\/arduxop.com.br\/loja\/wp-json\/wp\/v2\/product_brand?post=18450"},{"taxonomy":"product_cat","embeddable":true,"href":"https:\/\/arduxop.com.br\/loja\/wp-json\/wp\/v2\/product_cat?post=18450"},{"taxonomy":"product_tag","embeddable":true,"href":"https:\/\/arduxop.com.br\/loja\/wp-json\/wp\/v2\/product_tag?post=18450"}],"curies":[{"name":"wp","href":"https:\/\/api.w.org\/{rel}","templated":true}]}}