{"id":18446,"date":"2025-02-06T13:58:55","date_gmt":"2025-02-06T17:58:55","guid":{"rendered":"https:\/\/arduxop.com.br\/loja\/?post_type=product&#038;p=18446"},"modified":"2025-02-06T13:58:55","modified_gmt":"2025-02-06T17:58:55","slug":"modulo-inversor-onda-senoidal-pura-eg002eg8010-ir2110","status":"publish","type":"product","link":"https:\/\/arduxop.com.br\/loja\/produto\/modulo-inversor-onda-senoidal-pura-eg002eg8010-ir2110\/","title":{"rendered":"M\u00f3dulo inversor onda senoidal pura EG002+EG8010-IR2110"},"content":{"rendered":"<h1 class=\"vtex-store-components-3-x-productNameContainer vtex-store-components-3-x-productNameContainer--product-specification mv0 t-heading-4\"><span class=\"vtex-store-components-3-x-productBrand vtex-store-components-3-x-productBrand--product-specification \">M\u00f3dulo Inversor de Onda Senoidal Pura EG002 + EG8010 IR2110\u00a0<\/span><\/h1>\n<div class=\"vtex-store-components-3-x-productDescriptionContainer vtex-store-components-3-x-productDescriptionContainer--product-characteristics\">\n<div class=\"vtex-store-components-3-x-productDescriptionText vtex-store-components-3-x-productDescriptionText--product-characteristics c-muted-1\">\n<div>\u00c9 um dispositivo eletr\u00f4nico que converte energia el\u00e9trica cont\u00ednua (DC) em energia el\u00e9trica alternada (AC) de onda senoidal pura. Este tipo de onda senoidal \u00e9 a mesma fornecida pela rede el\u00e9trica convencional, o que garante a compatibilidade com uma ampla gama de dispositivos el\u00e9tricos.<\/p>\n<p>Aplica\u00e7\u00f5es:<br \/>\n&#8211; Gera\u00e7\u00e3o de energia para aplica\u00e7\u00f5es off-grid<br \/>\n&#8211; Carregamento de baterias<br \/>\n&#8211; Alimenta\u00e7\u00e3o de dispositivos el\u00e9tricos em ambientes remotos<br \/>\n&#8211; Experimentos e projetos eletr\u00f4nicos<\/p>\n<p>Caracter\u00edsticas:<br \/>\n&#8211; Fonte de alimenta\u00e7\u00e3o \u00fanica de 5V<br \/>\n&#8211; Configura\u00e7\u00e3o de pinos 4 tipos de frequ\u00eancia de sa\u00edda de onda senoidal pura: 50Hz senoidal puro<br \/>\n&#8211; Frequ\u00eancia fixa de onda 60Hz onda senoidal pura frequ\u00eancia fixa 0-100Hz<br \/>\n&#8211; Frequ\u00eancia de onda senoidal pura ajust\u00e1vel 0-400Hz Frequ\u00eancia de onda senoidal pura ajust\u00e1vel<br \/>\n&#8211; Modula\u00e7\u00e3o unipolar e bipolar<br \/>\n&#8211; Controle de zona morta independente, configura\u00e7\u00e3o de pinos 4 tipos de zona morta<br \/>\n&#8211; Tempo: 300ns hora da zona morta 500ns hora da zona morta 1,0uS zona morta<br \/>\n&#8211; Hora 1,5 uS hora da zona morta<br \/>\n&#8211; Oscilador de cristal externo de 12 MHz * Frequ\u00eancia de portadora PWM 23,4 KHz<br \/>\n&#8211; Processamento em tempo real de feedback de tens\u00e3o, corrente e temperatura<br \/>\n&#8211; Sobretens\u00e3o, subtens\u00e3o, sobrecorrente, prote\u00e7\u00e3o contra superaquecimento<\/p>\n<p>Especifica\u00e7\u00f5es T\u00e9cnicas:<\/p>\n<p>M\u00d3DULO INVERSOR ONDA SENOIDAL PURA EG002 + EG8010 &#8211; IR2110<\/p><\/div>\n<\/div>\n<\/div>\n","protected":false},"excerpt":{"rendered":"<p>M\u00f3dulo Inversor de Onda Senoidal Pura EG002 + EG8010 IR2110\u00a0 \u00c9 um dispositivo eletr\u00f4nico que converte energia el\u00e9trica cont\u00ednua (DC) em energia el\u00e9trica alternada (AC) de onda senoidal pura. Este tipo de onda senoidal \u00e9 a mesma fornecida pela rede el\u00e9trica convencional, o que garante a compatibilidade com uma ampla gama de dispositivos el\u00e9tricos. Aplica\u00e7\u00f5es: [&hellip;]<\/p>\n","protected":false},"featured_media":18447,"template":"","meta":[],"product_brand":[],"product_cat":[411],"product_tag":[],"class_list":{"0":"post-18446","1":"product","2":"type-product","3":"status-publish","4":"has-post-thumbnail","6":"product_cat-sem-categoria","8":"entry","9":"has-media","11":"first","12":"instock","13":"shipping-taxable","14":"purchasable","15":"product-type-simple","16":"has-product-nav","17":"col","18":"span_1_of_3","19":"owp-content-center","20":"owp-thumbs-layout-horizontal","21":"owp-btn-normal","22":"owp-tabs-layout-horizontal"},"_links":{"self":[{"href":"https:\/\/arduxop.com.br\/loja\/wp-json\/wp\/v2\/product\/18446","targetHints":{"allow":["GET"]}}],"collection":[{"href":"https:\/\/arduxop.com.br\/loja\/wp-json\/wp\/v2\/product"}],"about":[{"href":"https:\/\/arduxop.com.br\/loja\/wp-json\/wp\/v2\/types\/product"}],"wp:featuredmedia":[{"embeddable":true,"href":"https:\/\/arduxop.com.br\/loja\/wp-json\/wp\/v2\/media\/18447"}],"wp:attachment":[{"href":"https:\/\/arduxop.com.br\/loja\/wp-json\/wp\/v2\/media?parent=18446"}],"wp:term":[{"taxonomy":"product_brand","embeddable":true,"href":"https:\/\/arduxop.com.br\/loja\/wp-json\/wp\/v2\/product_brand?post=18446"},{"taxonomy":"product_cat","embeddable":true,"href":"https:\/\/arduxop.com.br\/loja\/wp-json\/wp\/v2\/product_cat?post=18446"},{"taxonomy":"product_tag","embeddable":true,"href":"https:\/\/arduxop.com.br\/loja\/wp-json\/wp\/v2\/product_tag?post=18446"}],"curies":[{"name":"wp","href":"https:\/\/api.w.org\/{rel}","templated":true}]}}