{"id":18439,"date":"2025-02-03T11:30:52","date_gmt":"2025-02-03T15:30:52","guid":{"rendered":"https:\/\/arduxop.com.br\/loja\/?post_type=product&#038;p=18439"},"modified":"2025-02-03T11:30:52","modified_gmt":"2025-02-03T15:30:52","slug":"placa-de-desenvolvimento-sem-fio-terminal-adapter-esp32","status":"publish","type":"product","link":"https:\/\/arduxop.com.br\/loja\/produto\/placa-de-desenvolvimento-sem-fio-terminal-adapter-esp32\/","title":{"rendered":"Placa de desenvolvimento sem fio Terminal Adapter ESP32"},"content":{"rendered":"<div><strong data-spm-anchor-id=\"a2g0o.detail.1000023.i0.66d8TGiiTGiiZ0\">Caracter\u00edsticas:<\/strong><br \/>\n1.Este m\u00f3dulo \u00e9 seguro, confi\u00e1vel e escal\u00e1vel para v\u00e1rias aplica\u00e7\u00f5es<br \/>\n2.A placa de expans\u00e3o \u00e9 uma placa de camada dupla, com um pino conectado em ambos os lados.Portanto, o circuito \u00e9 est\u00e1vel e confi\u00e1vel e n\u00e3o haver\u00e1 mau contato de circuito ou transmiss\u00e3o de sinal inst\u00e1vel<br \/>\n3.Conectores de pino e terminais de parafuso, basta escolh\u00ea-los de acordo com sua finalidade<br \/>\n<span data-spm-anchor-id=\"a2g0o.detail.1000023.i1.66d8TGiiTGiiZ0\">4.A placa de distribui\u00e7\u00e3o pode expandir um pino GPI0 da placa de desenvolvimento ESP32 para dois, tornando-a muito adequada para voc\u00ea reutilizar todos os pinos.\u00c9 uma boa ferramenta para o seu projeto<\/span><br \/>\n5.Uma boa alternativa \u00e0 placa de ensaio, pode expandir um pino GPIO da placa de desenvolvimento ESP32 para dois. Muito adequado para os usu\u00e1rios reutilizarem todos os pinos em projetos DIY<\/div>\n<div><\/div>\n","protected":false},"excerpt":{"rendered":"<p>Caracter\u00edsticas: 1.Este m\u00f3dulo \u00e9 seguro, confi\u00e1vel e escal\u00e1vel para v\u00e1rias aplica\u00e7\u00f5es 2.A placa de expans\u00e3o \u00e9 uma placa de camada dupla, com um pino conectado em ambos os lados.Portanto, o circuito \u00e9 est\u00e1vel e confi\u00e1vel e n\u00e3o haver\u00e1 mau contato de circuito ou transmiss\u00e3o de sinal inst\u00e1vel 3.Conectores de pino e terminais de parafuso, basta [&hellip;]<\/p>\n","protected":false},"featured_media":18441,"template":"","meta":[],"product_brand":[],"product_cat":[411],"product_tag":[],"class_list":{"0":"post-18439","1":"product","2":"type-product","3":"status-publish","4":"has-post-thumbnail","6":"product_cat-sem-categoria","8":"entry","9":"has-media","11":"first","12":"instock","13":"shipping-taxable","14":"purchasable","15":"product-type-simple","16":"has-product-nav","17":"col","18":"span_1_of_3","19":"owp-content-center","20":"owp-thumbs-layout-horizontal","21":"owp-btn-normal","22":"owp-tabs-layout-horizontal"},"_links":{"self":[{"href":"https:\/\/arduxop.com.br\/loja\/wp-json\/wp\/v2\/product\/18439","targetHints":{"allow":["GET"]}}],"collection":[{"href":"https:\/\/arduxop.com.br\/loja\/wp-json\/wp\/v2\/product"}],"about":[{"href":"https:\/\/arduxop.com.br\/loja\/wp-json\/wp\/v2\/types\/product"}],"wp:featuredmedia":[{"embeddable":true,"href":"https:\/\/arduxop.com.br\/loja\/wp-json\/wp\/v2\/media\/18441"}],"wp:attachment":[{"href":"https:\/\/arduxop.com.br\/loja\/wp-json\/wp\/v2\/media?parent=18439"}],"wp:term":[{"taxonomy":"product_brand","embeddable":true,"href":"https:\/\/arduxop.com.br\/loja\/wp-json\/wp\/v2\/product_brand?post=18439"},{"taxonomy":"product_cat","embeddable":true,"href":"https:\/\/arduxop.com.br\/loja\/wp-json\/wp\/v2\/product_cat?post=18439"},{"taxonomy":"product_tag","embeddable":true,"href":"https:\/\/arduxop.com.br\/loja\/wp-json\/wp\/v2\/product_tag?post=18439"}],"curies":[{"name":"wp","href":"https:\/\/api.w.org\/{rel}","templated":true}]}}