{"id":18433,"date":"2025-02-03T10:22:03","date_gmt":"2025-02-03T14:22:03","guid":{"rendered":"https:\/\/arduxop.com.br\/loja\/?post_type=product&#038;p=18433"},"modified":"2025-02-07T15:08:49","modified_gmt":"2025-02-07T19:08:49","slug":"conversor-serial-com-linha-dupont-usb-2-0-para-ttl-modulo-5-pinos-cp-2102","status":"publish","type":"product","link":"https:\/\/arduxop.com.br\/loja\/produto\/conversor-serial-com-linha-dupont-usb-2-0-para-ttl-modulo-5-pinos-cp-2102\/","title":{"rendered":"Conversor Serial com linha Dupont USB 2.0 para TTL M\u00f3dulo 5 pinos, CP 2102"},"content":{"rendered":"<ul>\n<li><span id=\"tl_1\" data-spm-anchor-id=\"a2g0o.detail.1000023.i0.5cca8t8R8t8RKB\">Chipset est\u00e1vel e confi\u00e1vel CP2102<\/span><\/li>\n<li><span id=\"tl_2\">Especifica\u00e7\u00e3o USB 2.0 compat\u00edvel com 12Mbps de velocidade total.<\/span><\/li>\n<li><span id=\"tl_3\">Padr\u00e3o USB tipo A macho e conector 5pin TTL. 5 pinos para 3.3V,TXD,RXD, terra e 5V<\/span><\/li>\n<li><span id=\"tl_4\">Todos os sinais handshaking e modem interface<\/span><\/li>\n<li><span id=\"tl_5\">Taxas de transmiss\u00e3o: 300 bps a 1,5 Mbps.<\/span><\/li>\n<li><span id=\"tl_6\" data-spm-anchor-id=\"a2g0o.detail.1000023.i1.5cca8t8R8t8RKB\">Byte receber buffer; 640 bytes transmitir buffer.<\/span><\/li>\n<li><span id=\"tl_7\">Hardware ou X-On\/X-Off handshaking suportado.<\/span><\/li>\n<li><span id=\"tl_8\">Apoio personagem evento Linha quebrar transmiss\u00e3o.<\/span><\/li>\n<li><span id=\"tl_9\">USB suspender estados suportados via pinos SUSPEND.<\/span><\/li>\n<li><span id=\"tl_10\">Temperatura Faixa: -40 \u00b0 a + 85 \u00b0<\/span><\/li>\n<li><span id=\"tl_11\">Suporta Windows 98SE, 2003, XP, Vista, Window7, OSX , Linux 2.6.x e 2.4.36<\/span><\/li>\n<li><span id=\"tl_12\">Cor principal: Vermelho<\/span><\/li>\n<li><span id=\"tl_13\">Tamanho: about45 * 14*8mm<\/span><\/li>\n<\/ul>\n","protected":false},"excerpt":{"rendered":"<p>Chipset est\u00e1vel e confi\u00e1vel CP2102 Especifica\u00e7\u00e3o USB 2.0 compat\u00edvel com 12Mbps de velocidade total. Padr\u00e3o USB tipo A macho e conector 5pin TTL. 5 pinos para 3.3V,TXD,RXD, terra e 5V Todos os sinais handshaking e modem interface Taxas de transmiss\u00e3o: 300 bps a 1,5 Mbps. Byte receber buffer; 640 bytes transmitir buffer. Hardware ou X-On\/X-Off [&hellip;]<\/p>\n","protected":false},"featured_media":18434,"template":"","meta":[],"product_brand":[],"product_cat":[411],"product_tag":[],"class_list":{"0":"post-18433","1":"product","2":"type-product","3":"status-publish","4":"has-post-thumbnail","6":"product_cat-sem-categoria","8":"entry","9":"has-media","11":"first","12":"instock","13":"shipping-taxable","14":"purchasable","15":"product-type-simple","16":"has-product-nav","17":"col","18":"span_1_of_3","19":"owp-content-center","20":"owp-thumbs-layout-horizontal","21":"owp-btn-normal","22":"owp-tabs-layout-horizontal","23":"has-no-thumbnails"},"_links":{"self":[{"href":"https:\/\/arduxop.com.br\/loja\/wp-json\/wp\/v2\/product\/18433","targetHints":{"allow":["GET"]}}],"collection":[{"href":"https:\/\/arduxop.com.br\/loja\/wp-json\/wp\/v2\/product"}],"about":[{"href":"https:\/\/arduxop.com.br\/loja\/wp-json\/wp\/v2\/types\/product"}],"wp:featuredmedia":[{"embeddable":true,"href":"https:\/\/arduxop.com.br\/loja\/wp-json\/wp\/v2\/media\/18434"}],"wp:attachment":[{"href":"https:\/\/arduxop.com.br\/loja\/wp-json\/wp\/v2\/media?parent=18433"}],"wp:term":[{"taxonomy":"product_brand","embeddable":true,"href":"https:\/\/arduxop.com.br\/loja\/wp-json\/wp\/v2\/product_brand?post=18433"},{"taxonomy":"product_cat","embeddable":true,"href":"https:\/\/arduxop.com.br\/loja\/wp-json\/wp\/v2\/product_cat?post=18433"},{"taxonomy":"product_tag","embeddable":true,"href":"https:\/\/arduxop.com.br\/loja\/wp-json\/wp\/v2\/product_tag?post=18433"}],"curies":[{"name":"wp","href":"https:\/\/api.w.org\/{rel}","templated":true}]}}