{"id":1841,"date":"2018-01-16T11:28:34","date_gmt":"2018-01-16T14:28:34","guid":{"rendered":"https:\/\/arduxop.com.br\/loja\/produto\/l9110s-ponte-h-dupla-dc-stepper-motor-passo\/"},"modified":"2024-07-25T07:56:45","modified_gmt":"2024-07-25T11:56:45","slug":"l9110s-ponte-h-dupla-dc-stepper-motor-passo","status":"publish","type":"product","link":"https:\/\/arduxop.com.br\/loja\/produto\/l9110s-ponte-h-dupla-dc-stepper-motor-passo\/","title":{"rendered":"Ponte H Dupla L9110s"},"content":{"rendered":"<p>Descri\u00e7\u00e3o T\u00e9cnica:<br \/>a. Chip Driver: Chip dupla ponte H L9110;<br \/>b. Datasheet: https:\/\/nvhs.files.wordpress.com\/2013\/02\/datasheet-l9110.pdf;<br \/>c. Tens\u00e3o de alimenta\u00e7\u00e3o: 2,.5V~12V;<br \/>d. Corrente nominal: 800mA por motor;<br \/>e. Pico de corrente de Sa\u00edda: 1.5A~2A por porta (Somente pico, ou seja, breve);<br \/>f. Tens\u00e3o dos terminais de controle: 2.5~7.7 V;<br \/>g. Corrente dos terminais de controle: 500uA;<br \/>h. Temperatura de trabalho: 0\u00baC ~ +80\u00baC.<\/p>\n<p>Pinagem:<br \/>a. Pino VCC: Alimenta\u00e7\u00e3o do m\u00f3dulo (Mesma tens\u00e3o do motor at\u00e9 12V)<br \/>b. Pino GND: 0V<br \/>c. Pino IA1: Entrada de controle do motor 1<br \/>d. Pino IB1: Entrada de controle do motor 1<br \/>e. Pino IA2: Entrada de controle do motor 2<br \/>f. Pino IB2: Entrada de controle do motor 2.<\/p>\n<p>http:\/\/me.web2.ncut.edu.tw\/ezfiles\/39\/1039\/img\/617\/L9110_2_CHANNEL_MOTOR_DRIVER.pdf2) http:\/\/www.instructables.com\/id\/Arduino-Nano-Control-Brushelss-DC-Motor-With-L9110\/? ALLSTEPS<\/p>\n","protected":false},"excerpt":{"rendered":"<p>Ponte H Dupla L9110s Dc Stepper Motor passo<\/p>\n","protected":false},"featured_media":1842,"template":"","meta":[],"product_brand":[],"product_cat":[191,51],"product_tag":[204],"class_list":{"0":"post-1841","1":"product","2":"type-product","3":"status-publish","4":"has-post-thumbnail","6":"product_cat-drivers","7":"product_cat-motores","8":"product_tag-ponte-h-dupla-dc-stepper-motor-passo","10":"entry","11":"has-media","13":"first","14":"instock","15":"purchasable","16":"product-type-simple","17":"has-product-nav","18":"col","19":"span_1_of_3","20":"owp-content-center","21":"owp-thumbs-layout-horizontal","22":"owp-btn-normal","23":"owp-tabs-layout-horizontal","24":"has-no-thumbnails"},"_links":{"self":[{"href":"https:\/\/arduxop.com.br\/loja\/wp-json\/wp\/v2\/product\/1841","targetHints":{"allow":["GET"]}}],"collection":[{"href":"https:\/\/arduxop.com.br\/loja\/wp-json\/wp\/v2\/product"}],"about":[{"href":"https:\/\/arduxop.com.br\/loja\/wp-json\/wp\/v2\/types\/product"}],"wp:featuredmedia":[{"embeddable":true,"href":"https:\/\/arduxop.com.br\/loja\/wp-json\/wp\/v2\/media\/1842"}],"wp:attachment":[{"href":"https:\/\/arduxop.com.br\/loja\/wp-json\/wp\/v2\/media?parent=1841"}],"wp:term":[{"taxonomy":"product_brand","embeddable":true,"href":"https:\/\/arduxop.com.br\/loja\/wp-json\/wp\/v2\/product_brand?post=1841"},{"taxonomy":"product_cat","embeddable":true,"href":"https:\/\/arduxop.com.br\/loja\/wp-json\/wp\/v2\/product_cat?post=1841"},{"taxonomy":"product_tag","embeddable":true,"href":"https:\/\/arduxop.com.br\/loja\/wp-json\/wp\/v2\/product_tag?post=1841"}],"curies":[{"name":"wp","href":"https:\/\/api.w.org\/{rel}","templated":true}]}}