{"id":18375,"date":"2024-07-23T10:58:12","date_gmt":"2024-07-23T14:58:12","guid":{"rendered":"https:\/\/arduxop.com.br\/loja\/?post_type=product&#038;p=18375"},"modified":"2024-11-07T16:19:37","modified_gmt":"2024-11-07T20:19:37","slug":"modulo-conversor-de-tensao-buck-boost-o-5v-30vdc-4a","status":"publish","type":"product","link":"https:\/\/arduxop.com.br\/loja\/produto\/modulo-conversor-de-tensao-buck-boost-o-5v-30vdc-4a\/","title":{"rendered":"M\u00f3dulo Conversor de Tens\u00e3o Buck Boost 0.5V &#8211; 30VDC 4A"},"content":{"rendered":"<h2 class=\"ui-pdp-description__title\">Descri\u00e7\u00e3o<\/h2>\n<p class=\"ui-pdp-description__content\">Caracter\u00edsticas:<br \/>\nFeito de material de alta qualidade, s\u00f3lido, dur\u00e1vel e forte condutividade.<br \/>\nLCD grande pode exibir tens\u00e3o de entrada\/sa\u00edda, corrente de sa\u00edda\/pot\u00eancia de sa\u00edda\/capacidade de sa\u00edda\/tempo de sa\u00edda, f\u00e1cil de ler.<br \/>\nO ajuste do CNC \u00e9 muito preciso e r\u00e1pido, e tamb\u00e9m pode impulsionar e pisar tens\u00e3o descendente. A tens\u00e3o de sa\u00edda pode ser ajustada de 0,5-30v, enquanto a corrente limitada pode ser ajustada 0-4A conforme desejado.<br \/>\npossui prote\u00e7\u00e3o de conex\u00e3o anti-reversa da extremidade de entrada, que n\u00e3o queima, segura de usar.<br \/>\nirriga\u00e7\u00e3o anti-reversa na extremidade de sa\u00edda, nenhum diodo de irriga\u00e7\u00e3o anti-reverso adicional \u00e9 necess\u00e1rio para carregar a bateria;<br \/>\nO m\u00f3dulo pode ser configurado para abrir\/fechar por padr\u00e3o, f\u00e1cil de usar.<br \/>\npossui v\u00e1rios mecanismos de prote\u00e7\u00e3o de software dispon\u00edveis, e o limite de prote\u00e7\u00e3o \u00e9 ajust\u00e1vel.Quando os par\u00e2metros de trabalho do m\u00f3dulo excederem o limite de prote\u00e7\u00e3o, a sa\u00edda ser\u00e1 fechada automaticamente.<br \/>\nA ondula\u00e7\u00e3o de sa\u00edda \u00e9 pequena e o filtro PI est\u00e1 dispon\u00edvel.<br \/>\nEspessar as aletas do radiador ajuda o m\u00f3dulo a dissipar o calor rapidamente, longa vida \u00fatil.<\/p>\n<p>Especifica\u00e7\u00e3o<br \/>\n: Modelo: ZK-4KX<br \/>\nMaterial: Placa de fibra de vidro, componente eletr\u00f4nico<br \/>\nTamanho: 7,9 x 4,3 x 2,6cm\/3,11 x 1,69 x 1,02in<br \/>\nCor: Como a imagem mostrada<br \/>\nQuantidade: 1 Pc<\/p>\n<p>Par\u00e2metros do produto<br \/>\n: Tens\u00e3o de entrada: 5.0-30v<br \/>\nTens\u00e3o de<br \/>\nsa\u00edda: 0.5-30v Corrente de sa\u00edda: Pode funcionar de forma est\u00e1vel em 3A por um longo tempo e pode atingir 4A sob dissipa\u00e7\u00e3o de calor aprimorada.<br \/>\npot\u00eancia de sa\u00edda: dissipa\u00e7\u00e3o de calor natural 35W; Refor\u00e7ar a dissipa\u00e7\u00e3o de calor 50W<br \/>\nResolu\u00e7\u00e3o de exibi\u00e7\u00e3o de tens\u00e3o : 0.01V<br \/>\nResolu\u00e7\u00e3o atual da tela: 0.001A<br \/>\nEfici\u00eancia de convers\u00e3o: cerca de 88%<br \/>\nSoft Start: Sim (O soft start pode falhar quando come\u00e7a com alta pot\u00eancia e m\u00f3dulo de carga.)<\/p>\n<p>Mecanismo de prote\u00e7\u00e3o:<br \/>\nConex\u00e3o anti-reversa de entrada;<br \/>\nIrriga\u00e7\u00e3o anti-reversa de sa\u00edda;<br \/>\nProte\u00e7\u00e3o contra subtens\u00e3o de entrada (4.8-30V ajust\u00e1vel, padr\u00e3o 4.8V)<br \/>\nProte\u00e7\u00e3o contra sobretens\u00e3o de sa\u00edda (0,5-31V ajust\u00e1vel, padr\u00e3o 31V)<br \/>\nProte\u00e7\u00e3o contra sobrecorrente de sa\u00edda 0-4.1A (ajust\u00e1vel, padr\u00e3o 4.1A)<br \/>\nProte\u00e7\u00e3o contra sobrecarga (0-50W ajust\u00e1vel, padr\u00e3o 50W)<br \/>\nProte\u00e7\u00e3o contra sobretemperatura (80-110 C ajust\u00e1vel, padr\u00e3o 110 C)<br \/>\nProte\u00e7\u00e3o de tempo limite (0-100h ajust\u00e1vel, OFF por padr\u00e3o)<br \/>\nSuper prote\u00e7\u00e3o de capacidade (0-60AH ajust\u00e1vel, OFF por padr\u00e3o)<br \/>\nFreq\u00fc\u00eancia de opera\u00e7\u00e3o<\/p>\n<p>: 180KHZ Nota:<br \/>\nNenhum pacote de varejo.<br \/>\nPor favor, permita um erro de 0-1cm<br \/>\ndevido \u00e0 medi\u00e7\u00e3o manual. pls certifique-se de que voc\u00ea n\u00e3o se importa antes de licitar. a imagem pode n\u00e3o refletir a cor real do item. Obrigado!<\/p>\n<p>O pacote inclui:<br \/>\n1 x conversor Buck Boost DC-DC<\/p>\n","protected":false},"excerpt":{"rendered":"<p>Zk-4kx Cnc Dc-dc Buck Boost Converter Module Cc Cv 0.5-30v 4<\/p>\n","protected":false},"featured_media":18379,"template":"","meta":[],"product_brand":[],"product_cat":[627,185,50,194],"product_tag":[],"class_list":{"0":"post-18375","1":"product","2":"type-product","3":"status-publish","4":"has-post-thumbnail","6":"product_cat-conversores-de-tensao","7":"product_cat-fontes","8":"product_cat-modulos","9":"product_cat-reguladores-de-tensao","11":"entry","12":"has-media","14":"first","15":"instock","16":"shipping-taxable","17":"purchasable","18":"product-type-simple","19":"has-product-nav","20":"col","21":"span_1_of_3","22":"owp-content-center","23":"owp-thumbs-layout-horizontal","24":"owp-btn-normal","25":"owp-tabs-layout-horizontal"},"_links":{"self":[{"href":"https:\/\/arduxop.com.br\/loja\/wp-json\/wp\/v2\/product\/18375","targetHints":{"allow":["GET"]}}],"collection":[{"href":"https:\/\/arduxop.com.br\/loja\/wp-json\/wp\/v2\/product"}],"about":[{"href":"https:\/\/arduxop.com.br\/loja\/wp-json\/wp\/v2\/types\/product"}],"wp:featuredmedia":[{"embeddable":true,"href":"https:\/\/arduxop.com.br\/loja\/wp-json\/wp\/v2\/media\/18379"}],"wp:attachment":[{"href":"https:\/\/arduxop.com.br\/loja\/wp-json\/wp\/v2\/media?parent=18375"}],"wp:term":[{"taxonomy":"product_brand","embeddable":true,"href":"https:\/\/arduxop.com.br\/loja\/wp-json\/wp\/v2\/product_brand?post=18375"},{"taxonomy":"product_cat","embeddable":true,"href":"https:\/\/arduxop.com.br\/loja\/wp-json\/wp\/v2\/product_cat?post=18375"},{"taxonomy":"product_tag","embeddable":true,"href":"https:\/\/arduxop.com.br\/loja\/wp-json\/wp\/v2\/product_tag?post=18375"}],"curies":[{"name":"wp","href":"https:\/\/api.w.org\/{rel}","templated":true}]}}