{"id":1837,"date":"2018-01-16T11:28:34","date_gmt":"2018-01-16T13:28:34","guid":{"rendered":"https:\/\/arduxop.com.br\/loja\/produto\/jumper-u-para-protoboard-140unds\/"},"modified":"2024-07-25T07:56:45","modified_gmt":"2024-07-25T11:56:45","slug":"jumper-u-para-protoboard-140unds","status":"publish","type":"product","link":"https:\/\/arduxop.com.br\/loja\/produto\/jumper-u-para-protoboard-140unds\/","title":{"rendered":"Jumper U Para Protoboard 140unds"},"content":{"rendered":"<p>Conjunto de 140 Jumpers &#8220;U&#8221; para Protoboard. Excelente para montagem de projetos eletr\u00f4nicos com rapidez, agilidade e limpeza! \u00a0 Caracter\u00edsticas T\u00e9cnicas: Pe\u00e7as macho\/macho pr\u00e9-cortadas de tamanhos variados:2mm, 5mm, 7mm, 10mm, 12mm, 15mm, 17mm, 20mm, 22mm, 25mm, 50mm, 75mm, 100mm, 125mm;Terminais dobrados a 90\u00ba para facilitar o uso;Material resistente \u00e0 corros\u00e3o.<\/p>\n","protected":false},"excerpt":{"rendered":"<p>Conjunto de 140 Jumpers &#8220;U&#8221; para Protoboard. Excelente para montagem de projetos eletr\u00f4nicos com rapidez, agilidade e limpeza! \u00a0 Caracter\u00edsticas T\u00e9cnicas: Pe\u00e7as macho\/macho pr\u00e9-cortadas de tamanhos variados:2mm, 5mm, 7mm, 10mm, 12mm, 15mm, 17mm, 20mm, 22mm, 25mm, 50mm, 75mm, 100mm, 125mm;Terminais dobrados a 90\u00ba para facilitar o uso;Material resistente \u00e0 corros\u00e3o.<\/p>\n","protected":false},"featured_media":1838,"template":"","meta":[],"product_brand":[],"product_cat":[182,184],"product_tag":[],"class_list":{"0":"post-1837","1":"product","2":"type-product","3":"status-publish","4":"has-post-thumbnail","6":"product_cat-conectores","7":"product_cat-fios-e-cabos","9":"entry","10":"has-media","12":"first","13":"outofstock","14":"sale","15":"purchasable","16":"product-type-simple","17":"has-product-nav","18":"col","19":"span_1_of_3","20":"owp-content-center","21":"owp-thumbs-layout-horizontal","22":"owp-btn-normal","23":"owp-tabs-layout-horizontal"},"_links":{"self":[{"href":"https:\/\/arduxop.com.br\/loja\/wp-json\/wp\/v2\/product\/1837","targetHints":{"allow":["GET"]}}],"collection":[{"href":"https:\/\/arduxop.com.br\/loja\/wp-json\/wp\/v2\/product"}],"about":[{"href":"https:\/\/arduxop.com.br\/loja\/wp-json\/wp\/v2\/types\/product"}],"wp:featuredmedia":[{"embeddable":true,"href":"https:\/\/arduxop.com.br\/loja\/wp-json\/wp\/v2\/media\/1838"}],"wp:attachment":[{"href":"https:\/\/arduxop.com.br\/loja\/wp-json\/wp\/v2\/media?parent=1837"}],"wp:term":[{"taxonomy":"product_brand","embeddable":true,"href":"https:\/\/arduxop.com.br\/loja\/wp-json\/wp\/v2\/product_brand?post=1837"},{"taxonomy":"product_cat","embeddable":true,"href":"https:\/\/arduxop.com.br\/loja\/wp-json\/wp\/v2\/product_cat?post=1837"},{"taxonomy":"product_tag","embeddable":true,"href":"https:\/\/arduxop.com.br\/loja\/wp-json\/wp\/v2\/product_tag?post=1837"}],"curies":[{"name":"wp","href":"https:\/\/api.w.org\/{rel}","templated":true}]}}