{"id":1833,"date":"2018-01-16T10:28:09","date_gmt":"2018-01-16T13:28:09","guid":{"rendered":"https:\/\/arduxop.com.br\/loja\/produto\/ams1117-regulador-de-tensao\/"},"modified":"2024-07-25T07:58:54","modified_gmt":"2024-07-25T11:58:54","slug":"ams1117-regulador-de-tensao","status":"publish","type":"product","link":"https:\/\/arduxop.com.br\/loja\/produto\/ams1117-regulador-de-tensao\/","title":{"rendered":"Ams1117 Regulador De Tens\u00e3o"},"content":{"rendered":"<p>Regulador de voltagem de alta efici\u00eancia SMD AMS1117 Caracter\u00edsticas T\u00e9cnicas: * CI Regulador de Tens\u00e3o AMS1117;* Encapsulamento: SOT-223;* Tens\u00e3o de sa\u00edda: 5.0V;* Corrente de sa\u00edda 1A;* Voltagem de entrada de at\u00e9 15V;* Datasheet:\u00a0,http:\/\/www.advanced-monolithic.com\/pdf\/ds1117.pdf;* An\u00fancio: 1 unidade.<\/p>\n","protected":false},"excerpt":{"rendered":"<p><br data-mce-bogus=\"1\"><\/p>\n","protected":false},"featured_media":1834,"template":"","meta":[],"product_brand":[],"product_cat":[194],"product_tag":[],"class_list":{"0":"post-1833","1":"product","2":"type-product","3":"status-publish","4":"has-post-thumbnail","6":"product_cat-reguladores-de-tensao","8":"entry","9":"has-media","11":"first","12":"instock","13":"sale","14":"sold-individually","15":"purchasable","16":"product-type-simple","17":"has-product-nav","18":"col","19":"span_1_of_3","20":"owp-content-center","21":"owp-thumbs-layout-horizontal","22":"owp-btn-normal","23":"owp-tabs-layout-horizontal","24":"has-no-thumbnails"},"_links":{"self":[{"href":"https:\/\/arduxop.com.br\/loja\/wp-json\/wp\/v2\/product\/1833","targetHints":{"allow":["GET"]}}],"collection":[{"href":"https:\/\/arduxop.com.br\/loja\/wp-json\/wp\/v2\/product"}],"about":[{"href":"https:\/\/arduxop.com.br\/loja\/wp-json\/wp\/v2\/types\/product"}],"wp:featuredmedia":[{"embeddable":true,"href":"https:\/\/arduxop.com.br\/loja\/wp-json\/wp\/v2\/media\/1834"}],"wp:attachment":[{"href":"https:\/\/arduxop.com.br\/loja\/wp-json\/wp\/v2\/media?parent=1833"}],"wp:term":[{"taxonomy":"product_brand","embeddable":true,"href":"https:\/\/arduxop.com.br\/loja\/wp-json\/wp\/v2\/product_brand?post=1833"},{"taxonomy":"product_cat","embeddable":true,"href":"https:\/\/arduxop.com.br\/loja\/wp-json\/wp\/v2\/product_cat?post=1833"},{"taxonomy":"product_tag","embeddable":true,"href":"https:\/\/arduxop.com.br\/loja\/wp-json\/wp\/v2\/product_tag?post=1833"}],"curies":[{"name":"wp","href":"https:\/\/api.w.org\/{rel}","templated":true}]}}