{"id":1829,"date":"2018-01-16T11:28:09","date_gmt":"2018-01-16T14:28:09","guid":{"rendered":"https:\/\/arduxop.com.br\/loja\/produto\/lm35-lm35dz-sensor-temperaura\/"},"modified":"2024-07-25T07:56:58","modified_gmt":"2024-07-25T11:56:58","slug":"lm35-lm35dz-sensor-temperaura","status":"publish","type":"product","link":"https:\/\/arduxop.com.br\/loja\/produto\/lm35-lm35dz-sensor-temperaura\/","title":{"rendered":"Lm35 Lm35dz Sensor Temperaura"},"content":{"rendered":"<p>O sensor LM35 \u00e9 um sensor de precis\u00e3o, fabricado pela National Semiconductor, que apresenta uma sa\u00edda de tens\u00e3o linear relativa \u00e0 temperatura em que ele se encontrar no momento em que for alimentado por uma tens\u00e3o de 4-20Vdc e GND, tendo em sua sa\u00edda um sinal de 10mV para cada Grau Celsius de temperatura, sendo assim, apresenta uma boa vantagem com rela\u00e7\u00e3o aos demais sensores de temperatura calibrados em \u201cKELVIN\u201d, n\u00e3o necessitando nenhuma subtra\u00e7\u00e3o de vari\u00e1veis para que se obtenha uma escala de temperatura em Graus Celsius. ATEN\u00c7\u00c3O &#8211; A garantia n\u00e3o cobre liga\u00e7\u00e3o incorreta, se voc\u00ea ligar em reverso ele ir\u00e1 queimar instant\u00e2neamente, QUEIMA A GARANTIA N\u00c3O COBRE. Todos os itens foram testados, verifique a liga\u00e7\u00e3o correta antes de efetuar a alimenta\u00e7\u00e3o do circuito. O frete \u00e9 referente a 1 (UM) pacote, para cada pacote a mais haver\u00e1 um acr\u00e9scimo de R$ 5,00.\u00a0Pedidos que n\u00e3o obedecerem esta regra ser\u00e3o automaticamente negativados. O LM35 n\u00e3o necessita de qualquer calibra\u00e7\u00e3o externa ou \u201ctrimming\u201d para fornecer com exatid\u00e3o, valores temperatura com varia\u00e7\u00f5es de \u00bc\u00baC ou at\u00e9 mesmo \u00be\u00baC dentro da faixa de temperatura de \u201355\u00baC \u00e0 150\u00baC. Este sensor tem sa\u00edda com baixa imped\u00e2ncia, tens\u00e3o linear e calibra\u00e7\u00e3o inerente precisa, fazendo com que o interfaceamento de leitura seja especificamente simples, barateando todo o sistema em fun\u00e7\u00e3o disto. Neste Intructables voc\u00ea encontrar\u00e1 um exemplo muito simples de utiliza\u00e7\u00e3o do sensor de temperatura LM35DZ: ,http:\/\/www.instructables.com\/id\/LM35-Temperature-Sensor\/?ALLSTEPS \u00a0 Caracter\u00edsticas T\u00e9cnicas: * Encapsulamento: TO92;*\u00a0LM35\u00a0Data Sheet;* N\u00e3o requer componentes adicionais;* Pode ser alimentado de 3,0 a 5,0V;* Mede Temperaturas de -55 a 150 Graus Celsius.<\/p>\n","protected":false},"excerpt":{"rendered":"<p>O sensor LM35 \u00e9 um sensor de precis\u00e3o, fabricado pela National Semiconductor, que apresenta uma sa\u00edda de tens\u00e3o linear relativa \u00e0 temperatura em que ele se encontrar no momento em que for alimentado por uma tens\u00e3o de 4-20Vdc e GND, tendo em sua sa\u00edda um sinal de 10mV para cada Grau Celsius de temperatura, sendo [&hellip;]<\/p>\n","protected":false},"featured_media":1830,"template":"","meta":[],"product_brand":[],"product_cat":[178],"product_tag":[],"class_list":{"0":"post-1829","1":"product","2":"type-product","3":"status-publish","4":"has-post-thumbnail","6":"product_cat-sensores","8":"entry","9":"has-media","11":"first","12":"instock","13":"purchasable","14":"product-type-simple","15":"has-product-nav","16":"col","17":"span_1_of_3","18":"owp-content-center","19":"owp-thumbs-layout-horizontal","20":"owp-btn-normal","21":"owp-tabs-layout-horizontal"},"_links":{"self":[{"href":"https:\/\/arduxop.com.br\/loja\/wp-json\/wp\/v2\/product\/1829","targetHints":{"allow":["GET"]}}],"collection":[{"href":"https:\/\/arduxop.com.br\/loja\/wp-json\/wp\/v2\/product"}],"about":[{"href":"https:\/\/arduxop.com.br\/loja\/wp-json\/wp\/v2\/types\/product"}],"wp:featuredmedia":[{"embeddable":true,"href":"https:\/\/arduxop.com.br\/loja\/wp-json\/wp\/v2\/media\/1830"}],"wp:attachment":[{"href":"https:\/\/arduxop.com.br\/loja\/wp-json\/wp\/v2\/media?parent=1829"}],"wp:term":[{"taxonomy":"product_brand","embeddable":true,"href":"https:\/\/arduxop.com.br\/loja\/wp-json\/wp\/v2\/product_brand?post=1829"},{"taxonomy":"product_cat","embeddable":true,"href":"https:\/\/arduxop.com.br\/loja\/wp-json\/wp\/v2\/product_cat?post=1829"},{"taxonomy":"product_tag","embeddable":true,"href":"https:\/\/arduxop.com.br\/loja\/wp-json\/wp\/v2\/product_tag?post=1829"}],"curies":[{"name":"wp","href":"https:\/\/api.w.org\/{rel}","templated":true}]}}