{"id":18247,"date":"2024-03-16T10:21:41","date_gmt":"2024-03-16T14:21:41","guid":{"rendered":"https:\/\/arduxop.com.br\/loja\/?post_type=product&#038;p=18247"},"modified":"2024-11-07T16:22:18","modified_gmt":"2024-11-07T20:22:18","slug":"mini-amplificador-digital-2x3w-de-25v-a-5v-pam8403","status":"publish","type":"product","link":"https:\/\/arduxop.com.br\/loja\/produto\/mini-amplificador-digital-2x3w-de-25v-a-5v-pam8403\/","title":{"rendered":"Mini Amplificador Digital 2x3w De 2,5v A 5v Pam8403"},"content":{"rendered":"<p>Este amplificador de audio \u00e9 baseado no circuito integrado PAM8403, que \u00e9 um CI amplificador est\u00e9reo. Este \u00e9 um amplificador est\u00e9reo de 3W classe D capaz de operar com tens\u00e3o entre 2.5V \u00e0 5V.<\/p>\n<p>O circuito integrado PAM8403 \u00e9 fabricado por &#8216;Analog Microelectronicos Inc.,&#8217;. Esta empresa \u00e9 atualmente uma das melhores fabricantes de semicondutores<\/p>\n<p>Este amplificador \u00e9 capaz de alimentar autofalantes diretamente sem necessidade de usar capacitores na sa\u00edda ou qualquer outro filtro. Cada sa\u00edda fornece 3W quando usado autofalantes de 4? e a alimenta\u00e7\u00e3o do circuito \u00e9 feita com 5V<\/p>\n<p>Possui internamente circuito de pre-amplifica\u00e7\u00e3o de auto ganho.<\/p>\n<p>Possui prote\u00e7\u00e3o contra curto-circuito.<\/p>\n<p>Aten\u00e7\u00e3o: Se a tens\u00e3o de alimenta\u00e7\u00e3o for invertida, ir\u00e1 queimar o circuito integrado!<\/p>\n<p>Caracter\u00edsticas:<\/p>\n<p>Tens\u00e3o de alimenta\u00e7\u00e3o: DC?2.5V ~ 5.5V<br \/>\nPot\u00eancia de Sa\u00edda: 3W + 3W (em 4?)<br \/>\nEfici\u00eancia:&gt; 90%<\/p>\n","protected":false},"excerpt":{"rendered":"<p>Este amplificador de audio \u00e9 baseado no circuito integrado PAM8403, que \u00e9 um CI amplificador est\u00e9reo. Este \u00e9 um amplificador est\u00e9reo de 3W classe D capaz de operar com tens\u00e3o entre 2.5V \u00e0 5V. O circuito integrado PAM8403 \u00e9 fabricado por &#8216;Analog Microelectronicos Inc.,&#8217;. Esta empresa \u00e9 atualmente uma das melhores fabricantes de semicondutores Este [&hellip;]<\/p>\n","protected":false},"featured_media":18248,"template":"","meta":[],"product_brand":[],"product_cat":[523,47],"product_tag":[],"class_list":{"0":"post-18247","1":"product","2":"type-product","3":"status-publish","4":"has-post-thumbnail","6":"product_cat-audio-2","7":"product_cat-diversos","9":"entry","10":"has-media","12":"first","13":"instock","14":"shipping-taxable","15":"purchasable","16":"product-type-simple","17":"has-product-nav","18":"col","19":"span_1_of_3","20":"owp-content-center","21":"owp-thumbs-layout-horizontal","22":"owp-btn-normal","23":"owp-tabs-layout-horizontal","24":"has-no-thumbnails"},"_links":{"self":[{"href":"https:\/\/arduxop.com.br\/loja\/wp-json\/wp\/v2\/product\/18247","targetHints":{"allow":["GET"]}}],"collection":[{"href":"https:\/\/arduxop.com.br\/loja\/wp-json\/wp\/v2\/product"}],"about":[{"href":"https:\/\/arduxop.com.br\/loja\/wp-json\/wp\/v2\/types\/product"}],"wp:featuredmedia":[{"embeddable":true,"href":"https:\/\/arduxop.com.br\/loja\/wp-json\/wp\/v2\/media\/18248"}],"wp:attachment":[{"href":"https:\/\/arduxop.com.br\/loja\/wp-json\/wp\/v2\/media?parent=18247"}],"wp:term":[{"taxonomy":"product_brand","embeddable":true,"href":"https:\/\/arduxop.com.br\/loja\/wp-json\/wp\/v2\/product_brand?post=18247"},{"taxonomy":"product_cat","embeddable":true,"href":"https:\/\/arduxop.com.br\/loja\/wp-json\/wp\/v2\/product_cat?post=18247"},{"taxonomy":"product_tag","embeddable":true,"href":"https:\/\/arduxop.com.br\/loja\/wp-json\/wp\/v2\/product_tag?post=18247"}],"curies":[{"name":"wp","href":"https:\/\/api.w.org\/{rel}","templated":true}]}}