{"id":1823,"date":"2018-01-16T10:28:09","date_gmt":"2018-01-16T13:28:09","guid":{"rendered":"https:\/\/arduxop.com.br\/loja\/produto\/shield-arduino-de-aprendizado-multifuncao\/"},"modified":"2024-11-07T16:57:30","modified_gmt":"2024-11-07T20:57:30","slug":"shield-arduino-de-aprendizado-multifuncao","status":"publish","type":"product","link":"https:\/\/arduxop.com.br\/loja\/produto\/shield-arduino-de-aprendizado-multifuncao\/","title":{"rendered":"Shield Arduino De Aprendizado Multifun\u00e7\u00e3o"},"content":{"rendered":"<p>Shield para aprendizado, &#8220;tudo em um&#8221;, compat\u00edvel com UNO R3, Mega 2560, basta apenas conectar a Shield no Arduino e iniciar a programa\u00e7\u00e3o via IDE. Simples compreens\u00e3o das portas de entrada e sa\u00edda I\/O, leitura de bot\u00f5es de press\u00e3o, sa\u00edda no display, sons de alarme atrav\u00e9s do buzzer, etc. Shield criada para leigos e focada no aprendizado e desenvolvimento de projetos usando o microcontrolador ATmega328 do Arduino. Biblioteca \u00fanica, que acompanha o shield multi-fun\u00e7\u00e3o com tudo que voc\u00ea precisa para aprender e projetar, efetuar experi\u00eancias ou o que sua imagina\u00e7\u00e3o preferir. ATEN\u00c7\u00c3O &#8211; nova vers\u00e3o com bot\u00f5es pretos.<br \/>A biblioteca master simplifica a utiliza\u00e7\u00e3o das opera\u00e7\u00f5es b\u00e1sicas de entrada e sa\u00edda I\/O. Junto com o Manual eBook de utiliza\u00e7\u00e3o fornecemos diversos projetos de aplica\u00e7\u00e3o no mundo real, n\u00e3o somente o &#8220;Hello World&#8221;. Rel\u00f3gio com alarme, contador regressivo, medidor ultrass\u00f4nico, checagem de batimentos card\u00edacos, etc, voc\u00ea pode experimentar ou melhorar os projetos. Buzzer integrado, com a possibilidade de emitir alertas e sons program\u00e1veis, alarmes, etc. Controlar eventos e medi\u00e7\u00f5es utilizando o potenci\u00f4metro de precis\u00e3o 3296 incorporado na Shield. 3 bot\u00f5es independentes para que voc\u00ea possa montar uma interface homem m\u00e1quina (IHM).<\/p>\n","protected":false},"excerpt":{"rendered":"<p><br data-mce-bogus=\"1\"><\/p>\n","protected":false},"featured_media":1824,"template":"","meta":[],"product_brand":[],"product_cat":[183,47,48,175],"product_tag":[],"class_list":{"0":"post-1823","1":"product","2":"type-product","3":"status-publish","4":"has-post-thumbnail","6":"product_cat-displays","7":"product_cat-diversos","8":"product_cat-kits","9":"product_cat-placas","11":"entry","12":"has-media","14":"first","15":"instock","16":"purchasable","17":"product-type-simple","18":"has-product-nav","19":"col","20":"span_1_of_3","21":"owp-content-center","22":"owp-thumbs-layout-horizontal","23":"owp-btn-normal","24":"owp-tabs-layout-horizontal"},"_links":{"self":[{"href":"https:\/\/arduxop.com.br\/loja\/wp-json\/wp\/v2\/product\/1823","targetHints":{"allow":["GET"]}}],"collection":[{"href":"https:\/\/arduxop.com.br\/loja\/wp-json\/wp\/v2\/product"}],"about":[{"href":"https:\/\/arduxop.com.br\/loja\/wp-json\/wp\/v2\/types\/product"}],"wp:featuredmedia":[{"embeddable":true,"href":"https:\/\/arduxop.com.br\/loja\/wp-json\/wp\/v2\/media\/1824"}],"wp:attachment":[{"href":"https:\/\/arduxop.com.br\/loja\/wp-json\/wp\/v2\/media?parent=1823"}],"wp:term":[{"taxonomy":"product_brand","embeddable":true,"href":"https:\/\/arduxop.com.br\/loja\/wp-json\/wp\/v2\/product_brand?post=1823"},{"taxonomy":"product_cat","embeddable":true,"href":"https:\/\/arduxop.com.br\/loja\/wp-json\/wp\/v2\/product_cat?post=1823"},{"taxonomy":"product_tag","embeddable":true,"href":"https:\/\/arduxop.com.br\/loja\/wp-json\/wp\/v2\/product_tag?post=1823"}],"curies":[{"name":"wp","href":"https:\/\/api.w.org\/{rel}","templated":true}]}}