{"id":1817,"date":"2018-01-16T11:28:09","date_gmt":"2018-01-16T13:28:09","guid":{"rendered":"https:\/\/arduxop.com.br\/loja\/produto\/modulo-cnc-shield-v3-4-driver-a4988-com-dissipador\/"},"modified":"2024-07-25T07:57:00","modified_gmt":"2024-07-25T11:57:00","slug":"modulo-cnc-shield-v3-4-driver-a4988-com-dissipador","status":"publish","type":"product","link":"https:\/\/arduxop.com.br\/loja\/produto\/modulo-cnc-shield-v3-4-driver-a4988-com-dissipador\/","title":{"rendered":"Kit Cnc Shield V3"},"content":{"rendered":"<p>O KIT CONTEM:<br \/>\n1 &#8211; Shield V3<br \/>\n4 &#8211; Driver Para Motor de Passo A4988<br \/>\n4 &#8211; Dissipador<\/p>\n<p>CNC Shield<br \/>\nO CNC Shield \u00e9 projetado para permitir que voc\u00ea controle uma fresadora CNC a partir de uma placa Arduino.Ele cont\u00e9m quatro soquetes de driver que permite que os m\u00f3dulos do driver A4988 compat\u00edveis fornecendo a capacidade de conduzir eixo do motor de passo 4 (X, Y, Z) e mais um quarto motor auxiliar opcional. Conectores adicionais fornecem f\u00e1cil conex\u00e3o dos sensores de fim de curso e bot\u00f5es de controle.<br \/>\nCaracter\u00edsticas.:<br \/>\n&#8211; Possui 4 conectores para drivers controladores de passo. (A4988, DRV8825 entre outros).<br \/>\n&#8211; Suporta fontes de alimenta\u00e7\u00e3o entre 12V a 36V (verificar se o driver \u00e9 compat\u00edvel com a tens\u00e3o desejada)<br \/>\n&#8211; Suporta 4 eixos (X, Y, Z, A-pode duplicar X, Y, Z ou fazer um quarto eixo completo com firmware personalizado usando D12 e D13)<br \/>\n&#8211; 2 conectores fim de curso paa cada eixo (cada par de eixo compartilhada por mesmo pino IO)<br \/>\n&#8211; Permite liga\u00e7\u00e3o e dire\u00e7\u00e3o do Spindle.<br \/>\n&#8211; Possui conector para cooler.<br \/>\n&#8211; GRBL 0,8 \u00b0 C compat\u00edvel. (Firmware open source que roda em um Arduino UNO que transforma G-c\u00f3digo de comandos em sinais de passo)<br \/>\n&#8211; Possui Jumper para definir o passo dos motores.<br \/>\n&#8211; Tamanho: 68mm x 52mm x 10mm<\/p>\n<p>Driver A4988<br \/>\nEste driver de motor de passo A4988 DMOS permite controlar um motor de passo bipolar de at\u00e9 2 A de corrente por bobina de sa\u00edda (ver as Considera\u00e7\u00f5es sobre a dissipa\u00e7\u00e3o de energia mais abaixo). Fa\u00e7a uma leitura do datasheet que que segue no link mais abaixo antes de usar este produto. Se as placas ficarem muito quentes, vai ser interrompida a corrente at\u00e9 que esfrie um pouco. Se a corrente \u00e9 muito alta para a dissipa\u00e7\u00e3o de calor, o motor ir\u00e1 pulsar e a corrente \u00e9 interrompida.<br \/>\nEspecifica\u00e7\u00f5es:<br \/>\n&#8211; Interface de controle de dire\u00e7\u00e3o<br \/>\n&#8211; Suporta: 1 motor de passo bipolar<br \/>\n&#8211; Sinal l\u00f3gico: 3,3 &#8211; 5,0 Vdc<br \/>\n&#8211; Alimenta\u00e7\u00e3o (motor): 8 &#8211; 35 Vdc<br \/>\n&#8211; Corrente de pico: 2A por bobina (com dissipador)<br \/>\n&#8211; Prote\u00e7\u00e3o: T\u00e9rmico, sub tens\u00e3o e cobre corrente<br \/>\n&#8211; Ressolu\u00e7\u00e3o: full-step, 1\/2-step, 1\/4-step, 1\/8-step e 1\/16-step<br \/>\n&#8211; Controle: Passo e Dire\u00e7\u00e3o<br \/>\n&#8211; dimens\u00e3o: 21 x 16 x 12 mm (Com dissipador)<br \/>\n&#8211; Desligamento de temperatura excessiva t\u00e9rmico, bloqueio sob tens\u00e3o, e corrente de prote\u00e7\u00e3o crossover<br \/>\n&#8211; Curto-terra e prote\u00e7\u00e3o em curto-load<br \/>\n&#8211; Controle de corrente ajust\u00e1vel permite que voc\u00ea defina a corrente de sa\u00edda m\u00e1xima com um potenci\u00f4metro, que permite que voc\u00ea use tens\u00f5es acima de tens\u00e3o nominal do seu motor de passo para alcan\u00e7ar taxas de passo maior<\/p>\n","protected":false},"excerpt":{"rendered":"<p>M\u00f3dulo Cnc Shield V3 + 4 Driver A4988 Com Dissipador<\/p>\n","protected":false},"featured_media":1818,"template":"","meta":[],"product_brand":[],"product_cat":[198,191,51,212,179],"product_tag":[],"class_list":{"0":"post-1817","1":"product","2":"type-product","3":"status-publish","4":"has-post-thumbnail","6":"product_cat-cnc","7":"product_cat-drivers","8":"product_cat-motores","9":"product_cat-passo","10":"product_cat-shields","12":"entry","13":"has-media","15":"first","16":"outofstock","17":"sale","18":"purchasable","19":"product-type-simple","20":"has-product-nav","21":"col","22":"span_1_of_3","23":"owp-content-center","24":"owp-thumbs-layout-horizontal","25":"owp-btn-normal","26":"owp-tabs-layout-horizontal","27":"has-no-thumbnails"},"_links":{"self":[{"href":"https:\/\/arduxop.com.br\/loja\/wp-json\/wp\/v2\/product\/1817","targetHints":{"allow":["GET"]}}],"collection":[{"href":"https:\/\/arduxop.com.br\/loja\/wp-json\/wp\/v2\/product"}],"about":[{"href":"https:\/\/arduxop.com.br\/loja\/wp-json\/wp\/v2\/types\/product"}],"wp:featuredmedia":[{"embeddable":true,"href":"https:\/\/arduxop.com.br\/loja\/wp-json\/wp\/v2\/media\/1818"}],"wp:attachment":[{"href":"https:\/\/arduxop.com.br\/loja\/wp-json\/wp\/v2\/media?parent=1817"}],"wp:term":[{"taxonomy":"product_brand","embeddable":true,"href":"https:\/\/arduxop.com.br\/loja\/wp-json\/wp\/v2\/product_brand?post=1817"},{"taxonomy":"product_cat","embeddable":true,"href":"https:\/\/arduxop.com.br\/loja\/wp-json\/wp\/v2\/product_cat?post=1817"},{"taxonomy":"product_tag","embeddable":true,"href":"https:\/\/arduxop.com.br\/loja\/wp-json\/wp\/v2\/product_tag?post=1817"}],"curies":[{"name":"wp","href":"https:\/\/api.w.org\/{rel}","templated":true}]}}