{"id":1813,"date":"2018-01-16T11:28:09","date_gmt":"2018-01-16T14:28:09","guid":{"rendered":"https:\/\/arduxop.com.br\/loja\/produto\/modulo-shield-expansor-expansao-para-arduino-nano-v3\/"},"modified":"2024-07-25T07:57:01","modified_gmt":"2024-07-25T11:57:01","slug":"modulo-shield-expansor-expansao-para-arduino-nano-v3","status":"publish","type":"product","link":"https:\/\/arduxop.com.br\/loja\/produto\/modulo-shield-expansor-expansao-para-arduino-nano-v3\/","title":{"rendered":"Shield Expansor Para Arduino Nano V3"},"content":{"rendered":"<p>Descri\u00e7\u00e3o do produto: O Shield Expansor para Arduino Nano foi desenvolvido com a finalidade de simplificar as liga\u00e7\u00f5es aos pinos do Arduino Nano. Este Shield Expansor para Arduino Nano foi feito sob medida para comportar a pinagem do Arduino Nano. Em projetos menores o uso do Arduino Nano se torna essencial e este shield com certeza vai simplificar as liga\u00e7\u00f5es a serem realizadas. Al\u00e9m da compatibilidade com Arduino Nano, o Shield Expansor para Arduino Nano pode ser utilizado com Arduino Uno. Para isto, basta soldar as barras de pinos macho nas laterais da placa e efetuar o acoplamento no Arduino Uno. H\u00e1 tamb\u00e9m a possibilidade de soldar barra de pinos f\u00eamea na parte superior do shield e acoplar outros shields para aumentar a capacidade do Arduino Nano. O Shield Expansor para Arduino Nano possui identifica\u00e7\u00e3o em todos pinos, desta forma facilitando as conex\u00f5es do seu projeto. Se voc\u00ea tem um projeto pessoal ou um projeto de tcc da sua faculdade ou curso t\u00e9cnico e precisa de um Shield Expansor para Arduino Nano de qualidade, certamente essa \u00e9 sua melhor op\u00e7\u00e3o. O Shield Expansor para Arduino Nano possui uma \u00f3tima rela\u00e7\u00e3o custo x benef\u00edcio. * * Especifica\u00e7\u00f5es: Compatibilidade: Arduino Nano \/ Arduino Uno Dimens\u00f5es: 53mm(L) X 12mm(A) X 60mm(C) Peso: 20g<\/p>\n","protected":false},"excerpt":{"rendered":"<p>Descri\u00e7\u00e3o do produto: O Shield Expansor para Arduino Nano foi desenvolvido com a finalidade de simplificar as liga\u00e7\u00f5es aos pinos do Arduino Nano. Este Shield Expansor para Arduino Nano foi feito sob medida para comportar a pinagem do Arduino Nano. Em projetos menores o uso do Arduino Nano se torna essencial e este shield com [&hellip;]<\/p>\n","protected":false},"featured_media":1814,"template":"","meta":[],"product_brand":[],"product_cat":[179],"product_tag":[],"class_list":{"0":"post-1813","1":"product","2":"type-product","3":"status-publish","4":"has-post-thumbnail","6":"product_cat-shields","8":"entry","9":"has-media","11":"first","12":"instock","13":"sale","14":"sold-individually","15":"purchasable","16":"product-type-simple","17":"has-product-nav","18":"col","19":"span_1_of_3","20":"owp-content-center","21":"owp-thumbs-layout-horizontal","22":"owp-btn-normal","23":"owp-tabs-layout-horizontal"},"_links":{"self":[{"href":"https:\/\/arduxop.com.br\/loja\/wp-json\/wp\/v2\/product\/1813","targetHints":{"allow":["GET"]}}],"collection":[{"href":"https:\/\/arduxop.com.br\/loja\/wp-json\/wp\/v2\/product"}],"about":[{"href":"https:\/\/arduxop.com.br\/loja\/wp-json\/wp\/v2\/types\/product"}],"wp:featuredmedia":[{"embeddable":true,"href":"https:\/\/arduxop.com.br\/loja\/wp-json\/wp\/v2\/media\/1814"}],"wp:attachment":[{"href":"https:\/\/arduxop.com.br\/loja\/wp-json\/wp\/v2\/media?parent=1813"}],"wp:term":[{"taxonomy":"product_brand","embeddable":true,"href":"https:\/\/arduxop.com.br\/loja\/wp-json\/wp\/v2\/product_brand?post=1813"},{"taxonomy":"product_cat","embeddable":true,"href":"https:\/\/arduxop.com.br\/loja\/wp-json\/wp\/v2\/product_cat?post=1813"},{"taxonomy":"product_tag","embeddable":true,"href":"https:\/\/arduxop.com.br\/loja\/wp-json\/wp\/v2\/product_tag?post=1813"}],"curies":[{"name":"wp","href":"https:\/\/api.w.org\/{rel}","templated":true}]}}