{"id":18119,"date":"2023-11-01T16:18:17","date_gmt":"2023-11-01T20:18:17","guid":{"rendered":"https:\/\/arduxop.com.br\/loja\/?post_type=product&#038;p=18119"},"modified":"2024-11-07T16:26:20","modified_gmt":"2024-11-07T20:26:20","slug":"sensor-detector-de-tensao-ac-127v-220v","status":"publish","type":"product","link":"https:\/\/arduxop.com.br\/loja\/produto\/sensor-detector-de-tensao-ac-127v-220v\/","title":{"rendered":"Sensor (Detector) de Tens\u00e3o AC 127V \/ 220V"},"content":{"rendered":"<div class=\"row-fluid\">\n<div class=\"span12\">\n<div class=\"abas-custom\">\n<div class=\"tab-content\">\n<div id=\"descricao\" class=\"tab-pane active\">\n<p>O\u00a0<strong>Sensor (Detector) de Tens\u00e3o AC 127V \/ 220V<\/strong>\u00a0desenvolvido pela MasterWalker Shop \u00e9 capaz de detectar a exist\u00eancia ou n\u00e3o de tens\u00e3o alternada em um circuito. Este sensor \u00e9 respons\u00e1vel por verificar o status atual de uma l\u00e2mpada, motor ou outro tipo de sa\u00edda.<\/p>\n<p>Para aqueles que est\u00e3o desenvolvendo algum projeto de automa\u00e7\u00e3o residencial o\u00a0<strong>Sensor (Detector) de Tens\u00e3o AC 127V \/ 220V<\/strong>\u00a0\u00e9 de extrema import\u00e2ncia, pois ele \u00e9 capaz de informar se uma l\u00e2mpada est\u00e1 acesa ou apagada, se um motor est\u00e1 ligado ou desligado independente se o circuito est\u00e1 sendo controlado por uma aplica\u00e7\u00e3o \/ p\u00e1gina web ou por interruptor \/ bot\u00e3o.<\/p>\n<p>O\u00a0<strong>Sensor (Detector) de Tens\u00e3o AC 127V \/ 220V<\/strong>\u00a0aceita na entrada uma tens\u00e3o de 0 a 220VAC e o mesmo suporta a tens\u00e3o de pico de 220VAC (311VAC). Al\u00e9m disso, o sensor possui um optoacoplador que assegura o isolamento da tens\u00e3o AC na entrada, resistor pull down para garantir que a leitura n\u00e3o fique flutuando e um capacitor para estabilizar a sa\u00edda.<\/p>\n<p>A placa \u00e9 ligada em paralelo, portanto, a corrente do circuito \u00e9 irrelevante para o sensor.<\/p>\n<p>O\u00a0<strong>Sensor (Detector) de Tens\u00e3o AC 127V \/ 220V<\/strong>\u00a0\u00e9 produzido com material de qualidade e possui excelente acabamento. Importante ressaltar que o sensor s\u00f3 funciona com tens\u00e3o AC na entrada, n\u00e3o sendo compat\u00edvel com tens\u00e3o DC.<\/p>\n<p>Este\u00a0<strong>Sensor (Detector) de Tens\u00e3o AC 127V \/ 220V<\/strong>\u00a0\u00e9 comumente utilizado em projetos de automa\u00e7\u00e3o residencial com Arduino, onde \u00e9 necess\u00e1rio fazer a verifica\u00e7\u00e3o de status de sa\u00eddas, tais como l\u00e2mpadas ou motores.<\/p>\n<p>Ao adquirir este produto voc\u00ea receber\u00e1 o esquema de liga\u00e7\u00e3o (com arduino) e o c\u00f3digo para testes (com arduino).<\/p>\n<p>Se voc\u00ea tem um projeto pessoal ou um projeto de tcc da sua faculdade ou curso t\u00e9cnico e precisa de um\u00a0<strong>Sensor (Detector) de Tens\u00e3o AC 127V \/ 220V<\/strong>\u00a0de qualidade, certamente essa \u00e9 sua melhor op\u00e7\u00e3o.<\/p>\n<p>O\u00a0<strong>Sensor (Detector) de Tens\u00e3o AC 127V \/ 220V<\/strong>\u00a0possui uma \u00f3tima rela\u00e7\u00e3o custo x benef\u00edcio.<\/p>\n<p><strong>Especifica\u00e7\u00f5es:<\/strong><\/p>\n<p>&#8211; Tipo de sensor: detector de tens\u00e3o<br \/>&#8211; Tens\u00e3o de entrada: 0 a 220VAC<br \/>&#8211; Tens\u00e3o de pico m\u00e1xima: 311VAC<br \/>&#8211; Tipo de sa\u00edda: leitura anal\u00f3gica<br \/>&#8211; Dimens\u00f5es: 16mm(L) X 15mm(A) X 37mm(C)<br \/>&#8211; Peso: 6g<\/p>\n<\/div>\n<\/div>\n<\/div>\n<\/div>\n<\/div>\n<div id=\"blank-product-position4\"><\/div>\n<div class=\"acoes-flutuante borda-principal hidden-phone hidden-tablet\">\n<div class=\"image\"><img decoding=\"async\" src=\"https:\/\/cdn.awsli.com.br\/600x700\/248\/248356\/produto\/12680419\/1a1d5b7f72.jpg\" data-mce-src=\"https:\/\/cdn.awsli.com.br\/600x700\/248\/248356\/produto\/12680419\/1a1d5b7f72.jpg\"><\/div>\n<\/div>\n","protected":false},"excerpt":{"rendered":"<p>Sensor (Detector) de Tens\u00e3o AC 127V \/ 220V ideal para projetos de automa\u00e7\u00e3o residencial utilizando Arduino, PIC, Raspberry ou outros tipos de microcontroladores.<\/p>\n","protected":false},"featured_media":18120,"template":"","meta":[],"product_brand":[],"product_cat":[194,178],"product_tag":[],"class_list":{"0":"post-18119","1":"product","2":"type-product","3":"status-publish","4":"has-post-thumbnail","6":"product_cat-reguladores-de-tensao","7":"product_cat-sensores","9":"entry","10":"has-media","12":"first","13":"instock","14":"shipping-taxable","15":"purchasable","16":"product-type-simple","17":"has-product-nav","18":"col","19":"span_1_of_3","20":"owp-content-center","21":"owp-thumbs-layout-horizontal","22":"owp-btn-normal","23":"owp-tabs-layout-horizontal"},"_links":{"self":[{"href":"https:\/\/arduxop.com.br\/loja\/wp-json\/wp\/v2\/product\/18119","targetHints":{"allow":["GET"]}}],"collection":[{"href":"https:\/\/arduxop.com.br\/loja\/wp-json\/wp\/v2\/product"}],"about":[{"href":"https:\/\/arduxop.com.br\/loja\/wp-json\/wp\/v2\/types\/product"}],"wp:featuredmedia":[{"embeddable":true,"href":"https:\/\/arduxop.com.br\/loja\/wp-json\/wp\/v2\/media\/18120"}],"wp:attachment":[{"href":"https:\/\/arduxop.com.br\/loja\/wp-json\/wp\/v2\/media?parent=18119"}],"wp:term":[{"taxonomy":"product_brand","embeddable":true,"href":"https:\/\/arduxop.com.br\/loja\/wp-json\/wp\/v2\/product_brand?post=18119"},{"taxonomy":"product_cat","embeddable":true,"href":"https:\/\/arduxop.com.br\/loja\/wp-json\/wp\/v2\/product_cat?post=18119"},{"taxonomy":"product_tag","embeddable":true,"href":"https:\/\/arduxop.com.br\/loja\/wp-json\/wp\/v2\/product_tag?post=18119"}],"curies":[{"name":"wp","href":"https:\/\/api.w.org\/{rel}","templated":true}]}}