{"id":1807,"date":"2018-01-16T11:28:09","date_gmt":"2018-01-16T14:28:09","guid":{"rendered":"https:\/\/arduxop.com.br\/loja\/produto\/arduino-pro-micro-atmega32u4-compativel-leonardo\/"},"modified":"2025-07-17T13:14:15","modified_gmt":"2025-07-17T17:14:15","slug":"arduino-pro-micro-atmega32u4-compativel-leonardo","status":"publish","type":"product","link":"https:\/\/arduxop.com.br\/loja\/produto\/arduino-pro-micro-atmega32u4-compativel-leonardo\/","title":{"rendered":"Arduino Pro Micro"},"content":{"rendered":"<p>Descri\u00e7\u00e3o:<\/p>\n<p>O Arduino Pro Micro \u00e9 uma pequena plataforma de prototipagem baseada no microcontrolador ATmega32U4, criada para uso em pequenos projetos eletr\u00f4nicos, permitindo ainda instala\u00e7\u00e3o f\u00e1cil em protoboards e ocupando m\u00ednimo espa\u00e7o.<\/p>\n<p>Especifica\u00e7\u00f5es:<\/p>\n<p>Microcontrolador: ATmega32U4;<br \/>Regulador 5V integrado;<br \/>Tens\u00e3o de opera\u00e7\u00e3o: 5V;<br \/>Tens\u00e3o de entrada: 5-12V;<br \/>Corrente M\u00e1xima de sa\u00edda: 150mA;<br \/>Prote\u00e7\u00e3o de sobre-corrente e polaridade reversa;<br \/>Conex\u00e3o USB;<br \/>Digital I\/O Pins: 12 (dos quais 5 oferecem sa\u00edda PWM);<br \/>Pinos de entrada anal\u00f3gica: 4;<br \/>Mem\u00f3ria Flash: 32 KB (dos quais 2 KB s\u00e3o usados pelo carregador de inicializa\u00e7\u00e3o);<br \/>SRAM: 2 KB;<br \/>EEPROM: 1 KB;<br \/>Clock Speed: 16 MHz;<br \/>Dimens\u00f5es (CxLxA): 33x18x3mm; (sem os pinos)<\/p>\n<p>Acompanha:<\/p>\n<p>01 \u2013 Arduino Pro Micro<\/p>\n","protected":false},"excerpt":{"rendered":"<p>Atmega32u4 &#8211; Compat\u00edvel Leonardo<\/p>\n","protected":false},"featured_media":1808,"template":"","meta":[],"product_brand":[],"product_cat":[49,175],"product_tag":[403],"class_list":{"0":"post-1807","1":"product","2":"type-product","3":"status-publish","4":"has-post-thumbnail","6":"product_cat-microprocessadores","7":"product_cat-placas","8":"product_tag-leonardo","10":"entry","11":"has-media","13":"first","14":"instock","15":"purchasable","16":"product-type-simple","17":"has-product-nav","18":"col","19":"span_1_of_3","20":"owp-content-center","21":"owp-thumbs-layout-horizontal","22":"owp-btn-normal","23":"owp-tabs-layout-horizontal"},"_links":{"self":[{"href":"https:\/\/arduxop.com.br\/loja\/wp-json\/wp\/v2\/product\/1807","targetHints":{"allow":["GET"]}}],"collection":[{"href":"https:\/\/arduxop.com.br\/loja\/wp-json\/wp\/v2\/product"}],"about":[{"href":"https:\/\/arduxop.com.br\/loja\/wp-json\/wp\/v2\/types\/product"}],"wp:featuredmedia":[{"embeddable":true,"href":"https:\/\/arduxop.com.br\/loja\/wp-json\/wp\/v2\/media\/1808"}],"wp:attachment":[{"href":"https:\/\/arduxop.com.br\/loja\/wp-json\/wp\/v2\/media?parent=1807"}],"wp:term":[{"taxonomy":"product_brand","embeddable":true,"href":"https:\/\/arduxop.com.br\/loja\/wp-json\/wp\/v2\/product_brand?post=1807"},{"taxonomy":"product_cat","embeddable":true,"href":"https:\/\/arduxop.com.br\/loja\/wp-json\/wp\/v2\/product_cat?post=1807"},{"taxonomy":"product_tag","embeddable":true,"href":"https:\/\/arduxop.com.br\/loja\/wp-json\/wp\/v2\/product_tag?post=1807"}],"curies":[{"name":"wp","href":"https:\/\/api.w.org\/{rel}","templated":true}]}}