{"id":1803,"date":"2018-01-16T11:28:09","date_gmt":"2018-01-16T13:28:09","guid":{"rendered":"https:\/\/arduxop.com.br\/loja\/produto\/rele-4-canais-estado-solido\/"},"modified":"2024-07-25T07:57:02","modified_gmt":"2024-07-25T11:57:02","slug":"rele-4-canais-estado-solido","status":"publish","type":"product","link":"https:\/\/arduxop.com.br\/loja\/produto\/rele-4-canais-estado-solido\/","title":{"rendered":"M\u00f3dulo Rel\u00e9 4 Canais Estado S\u00f3lido"},"content":{"rendered":"<p>M\u00f3dulo Rele De Estado S\u00f3lido 4 Canais 5v Ssr<\/p>\n<p>O M\u00f3dulo Rel\u00e9 5V de Estado S\u00f3lido SSR 4 Canais, tem a mesma fun\u00e7\u00e3o dos rel\u00e9s convencionais (eletromec\u00e2nicos), ou seja, controlar circuitos externos de grandes correntes a partir de pequenas correntes ou tens\u00f5es.<br \/>\nA grande diferen\u00e7a do M\u00f3dulo Rel\u00e9 5V de Estado S\u00f3lido SSR 4 Canais para o m\u00f3dulo rel\u00e9 convencional \u00e9 o fato do primeiro n\u00e3o possuir elementos mec\u00e2nicos ou qualquer tipo de pe\u00e7a m\u00f3vel, funcionando a partir de tiristores ao inv\u00e9s de contatos.<br \/>\nPor n\u00e3o possuir partes mec\u00e2nicas \/ m\u00f3veis, o M\u00f3dulo Rel\u00e9 5V de Estado S\u00f3lido SSR 4 Canais n\u00e3o sofre desgaste e tem vida \u00fatil praticamente ilimitada. Al\u00e9m disso, este tipo de m\u00f3dulo rele possui alto grau de confiabilidade, \u00e9 resistente a vibra\u00e7\u00f5es mec\u00e2nicas, n\u00e3o possui ru\u00eddos sonoros, \u00e9 compat\u00edvel com microprocessadores \/ l\u00f3gica TTL e \u00e9 compacto.<\/p>\n<p>Suas principais caracter\u00edsticas s\u00e3o:<\/p>\n<p>&#8211; Tens\u00e3o de opera\u00e7\u00e3o: 5VDC;<br \/>\n&#8211; Corrente da fonte alimenta\u00e7\u00e3o (m\u00ednima): 160mA;<br \/>\n&#8211; Corrente de opera\u00e7\u00e3o: 12,5mA;<br \/>\n&#8211; Capacidade do rel\u00e9: 250VAC\/2A;<br \/>\n&#8211; Quantidade de canais: 4;<br \/>\n&#8211; Sinal de acionamento: 0 &#8211; 1,5V (LOW \/ rele ligado) \/ 2,5 &#8211; 5V (HIGH \/ rele desligado);<br \/>\n&#8211; Dimens\u00f5es: 55mm(L) X 57mm(A) X 23mm(C);<br \/>\n&#8211; Peso: 12g;<\/p>\n<p>Acompanha:<\/p>\n<p>&#8211; 01 M\u00f3dulo Rel\u00e9 5V de Estado S\u00f3lido SSR 4 Canais;<\/p>\n","protected":false},"excerpt":{"rendered":"<p>M\u00f3dulo Rele De Estado S\u00f3lido 4 Canais 5v Ssr O M\u00f3dulo Rel\u00e9 5V de Estado S\u00f3lido SSR 4 Canais, tem a mesma fun\u00e7\u00e3o dos rel\u00e9s convencionais (eletromec\u00e2nicos), ou seja, controlar circuitos externos de grandes correntes a partir de pequenas correntes ou tens\u00f5es. A grande diferen\u00e7a do M\u00f3dulo Rel\u00e9 5V de Estado S\u00f3lido SSR 4 Canais [&hellip;]<\/p>\n","protected":false},"featured_media":1804,"template":"","meta":[],"product_brand":[],"product_cat":[50,177],"product_tag":[508,443],"class_list":{"0":"post-1803","1":"product","2":"type-product","3":"status-publish","4":"has-post-thumbnail","6":"product_cat-modulos","7":"product_cat-reles","8":"product_tag-relay","9":"product_tag-rele","11":"entry","12":"has-media","14":"first","15":"outofstock","16":"purchasable","17":"product-type-simple","18":"has-product-nav","19":"col","20":"span_1_of_3","21":"owp-content-center","22":"owp-thumbs-layout-horizontal","23":"owp-btn-normal","24":"owp-tabs-layout-horizontal"},"_links":{"self":[{"href":"https:\/\/arduxop.com.br\/loja\/wp-json\/wp\/v2\/product\/1803","targetHints":{"allow":["GET"]}}],"collection":[{"href":"https:\/\/arduxop.com.br\/loja\/wp-json\/wp\/v2\/product"}],"about":[{"href":"https:\/\/arduxop.com.br\/loja\/wp-json\/wp\/v2\/types\/product"}],"wp:featuredmedia":[{"embeddable":true,"href":"https:\/\/arduxop.com.br\/loja\/wp-json\/wp\/v2\/media\/1804"}],"wp:attachment":[{"href":"https:\/\/arduxop.com.br\/loja\/wp-json\/wp\/v2\/media?parent=1803"}],"wp:term":[{"taxonomy":"product_brand","embeddable":true,"href":"https:\/\/arduxop.com.br\/loja\/wp-json\/wp\/v2\/product_brand?post=1803"},{"taxonomy":"product_cat","embeddable":true,"href":"https:\/\/arduxop.com.br\/loja\/wp-json\/wp\/v2\/product_cat?post=1803"},{"taxonomy":"product_tag","embeddable":true,"href":"https:\/\/arduxop.com.br\/loja\/wp-json\/wp\/v2\/product_tag?post=1803"}],"curies":[{"name":"wp","href":"https:\/\/api.w.org\/{rel}","templated":true}]}}