{"id":18024,"date":"2023-07-04T10:06:07","date_gmt":"2023-07-04T14:06:07","guid":{"rendered":"https:\/\/arduxop.com.br\/loja\/?post_type=product&#038;p=18024"},"modified":"2024-07-25T07:54:18","modified_gmt":"2024-07-25T11:54:18","slug":"monitor-lcd-touchscreen-display-para-pi-3-b-e-b","status":"publish","type":"product","link":"https:\/\/arduxop.com.br\/loja\/produto\/monitor-lcd-touchscreen-display-para-pi-3-b-e-b\/","title":{"rendered":"Monitor LCD Touchscreen, Display para Pi 3 B e B +"},"content":{"rendered":"<div class=\"detailmodule_html\"><strong id=\"tl_1\">Caracter\u00edsticas e Especifica\u00e7\u00f5es<\/strong><\/div>\n<div class=\"detailmodule_html\"><span id=\"tl_2\">Resolu\u00e7\u00e3o nativa: 1024&#215;600<\/span><br \/>\n<span id=\"tl_3\">Consumo energ\u00e9tico: 800mA @ 5V<\/span><br \/>\n<span id=\"tl_4\" data-spm-anchor-id=\"a2g0o.detail.1000023.i0.e3c2oyV1oyV1OA\">Touchscreen Plug-and-Play: Controlador de toque capacitivo habilitado para USB<\/span><br \/>\n<span id=\"tl_5\">Raspberry Pi Friendly: Suporta todos os modelos RPi (o Pi Zero requer um adaptador extra)<\/span><br \/>\n<span id=\"tl_6\">Monitor Touchscreen: Trabalhe como um monitor com um controlador de tela sens\u00edvel ao toque USB<\/span><br \/>\n<span id=\"tl_7\">Backlight Control: Bot\u00e3o interruptor de modo a bordo para ligar\/desligar a retroilumina\u00e7\u00e3o LCD<\/span><\/div>\n<div class=\"detailmodule_html\"><span id=\"tl_8\">\u00a0<\/span><\/div>\n<div>\n<div class=\"detailmodule_html\"><strong id=\"tl_13\" data-spm-anchor-id=\"a2g0o.detail.1000023.i1.e3c2oyV1oyV1OA\">A diferen\u00e7a entre tela tn e tela ips \u00e9 a seguinte:<\/strong><\/div>\n<div class=\"detailmodule_html\"><span id=\"tl_14\">Restri\u00e7\u00f5es do \u00e2ngulo de vis\u00e3o 1. Different<\/span><\/div>\n<div class=\"detailmodule_html\"><span id=\"tl_15\">Devido ao princ\u00edpio de fabrica\u00e7\u00e3o, a tela TN n\u00e3o pode ser girada demais quando visualizada, caso contr\u00e1rio, o conte\u00fado na tela n\u00e3o ser\u00e1 visto. A tecnologia do filme da compensa\u00e7\u00e3o do FILM pode ser usada para aumentar o \u00e2ngulo de vis\u00e3o a 170 \u00b0.<\/span><\/div>\n<div class=\"detailmodule_html\"><span id=\"tl_16\">A tela IPS n\u00e3o tem essas restri\u00e7\u00f5es, e o conte\u00fado na tela pode ser perfeitamente visto em um \u00e2ngulo de 178 \u00b0<\/span><\/div>\n<div class=\"detailmodule_html\"><span id=\"tl_17\">2. Diferentes cores gama<\/span><\/div>\n<div class=\"detailmodule_html\"><span id=\"tl_18\">A tela TN \u00e9 um painel nativo de 6Bit, que pode exibir apenas 64 cores de vermelho, verde e azul. A cor real m\u00e1xima \u00e9 apenas 262.144. Pode ser aumentado para mais de 16 milh\u00f5es de cores conhecidas atrav\u00e9s da tecnologia &#8220;jitter&#8221;, mas a tela colorida final O n\u00famero mais alto \u00e9 de apenas 16,2 milh\u00f5es de cores.<\/span><\/div>\n<div class=\"detailmodule_html\"><span id=\"tl_19\">Tela IPS pode exibir mais cores, e sua precis\u00e3o de cor \u00e9 melhor do que a tela tn.<\/span><br \/>\n<span id=\"tl_20\">3. Velocidade diferente resposta<\/span><\/div>\n<div class=\"detailmodule_html\"><span id=\"tl_21\">O tempo de resposta da escala cinzenta da tela do TN \u00e9 mais longo, que far\u00e1 com que a imagem din\u00e2mica indicada na tela deixe um afterimage especial, que ter\u00e1 algum impacto no usu\u00e1rio.<\/span><br \/>\n<span id=\"tl_22\" data-spm-anchor-id=\"a2g0o.detail.1000023.i2.e3c2oyV1oyV1OA\">A tecnologia do tela dura do IPS muda o arranjo de mol\u00e9culas do cristal l\u00edquido, e usa a tecnologia horizontal da convers\u00e3o para fazer a tela LCD mais r\u00e1pida e mais est\u00e1vel. Pode expressar imagens din\u00e2micas de alta defini\u00e7\u00e3o com excelente desempenho. Comparado com as telas do tn, \u00e9 mais apropriado mover a reprodu\u00e7\u00e3o da imagem. N\u00e3o h\u00e1 p\u00f3s-imagens e g\u00eanero trailing.<\/span><\/div>\n<\/div>\n","protected":false},"excerpt":{"rendered":"<p data-pl=\"product-title\" data-spm-anchor-id=\"a2g0o.detail.0.i5.e3c2oyV1oyV1OA\">Tela sens\u00edvel ao toque IPS para Raspberry Pi 4, 1024&#215;600 Capacitivo, HDMI, Monitor LCD Touchscreen, Display port\u00e1til para Pi 3 B e B +, 7&#8243;<\/p>\n","protected":false},"featured_media":18027,"template":"","meta":[],"product_brand":[],"product_cat":[183,47,233,176],"product_tag":[],"class_list":{"0":"post-18024","1":"product","2":"type-product","3":"status-publish","4":"has-post-thumbnail","6":"product_cat-displays","7":"product_cat-diversos","8":"product_cat-lcd","9":"product_cat-raspberry","11":"entry","12":"has-media","14":"first","15":"outofstock","16":"shipping-taxable","17":"purchasable","18":"product-type-simple","19":"has-product-nav","20":"col","21":"span_1_of_3","22":"owp-content-center","23":"owp-thumbs-layout-horizontal","24":"owp-btn-normal","25":"owp-tabs-layout-horizontal"},"_links":{"self":[{"href":"https:\/\/arduxop.com.br\/loja\/wp-json\/wp\/v2\/product\/18024","targetHints":{"allow":["GET"]}}],"collection":[{"href":"https:\/\/arduxop.com.br\/loja\/wp-json\/wp\/v2\/product"}],"about":[{"href":"https:\/\/arduxop.com.br\/loja\/wp-json\/wp\/v2\/types\/product"}],"wp:featuredmedia":[{"embeddable":true,"href":"https:\/\/arduxop.com.br\/loja\/wp-json\/wp\/v2\/media\/18027"}],"wp:attachment":[{"href":"https:\/\/arduxop.com.br\/loja\/wp-json\/wp\/v2\/media?parent=18024"}],"wp:term":[{"taxonomy":"product_brand","embeddable":true,"href":"https:\/\/arduxop.com.br\/loja\/wp-json\/wp\/v2\/product_brand?post=18024"},{"taxonomy":"product_cat","embeddable":true,"href":"https:\/\/arduxop.com.br\/loja\/wp-json\/wp\/v2\/product_cat?post=18024"},{"taxonomy":"product_tag","embeddable":true,"href":"https:\/\/arduxop.com.br\/loja\/wp-json\/wp\/v2\/product_tag?post=18024"}],"curies":[{"name":"wp","href":"https:\/\/api.w.org\/{rel}","templated":true}]}}