{"id":17993,"date":"2023-06-19T16:32:18","date_gmt":"2023-06-19T20:32:18","guid":{"rendered":"https:\/\/arduxop.com.br\/loja\/?post_type=product&#038;p=17993"},"modified":"2024-11-07T16:27:24","modified_gmt":"2024-11-07T20:27:24","slug":"modulo-sensor-hi-link-hlk-ld2410-radar-presenca-humana","status":"publish","type":"product","link":"https:\/\/arduxop.com.br\/loja\/produto\/modulo-sensor-hi-link-hlk-ld2410-radar-presenca-humana\/","title":{"rendered":"M\u00f3dulo Sensor Hi-link Hlk-ld2410 Radar Presen\u00e7a Humana"},"content":{"rendered":"<p><strong><span id=\"tl_10\" data-spm-anchor-id=\"a2g0o.detail.1000023.i1.2f8f6205ZpS3IF\">Descri\u00e7\u00e3o<\/span><\/strong><\/p>\n<p><span id=\"tl_11\">O LD2410 \u00e9 um m\u00f3dulo sensor de presen\u00e7a humana 24GHz altamente sens\u00edvel.<\/span><br \/>\n<span id=\"tl_12\" data-spm-anchor-id=\"a2g0o.detail.1000023.i2.2f8f6205ZpS3IF\">O princ\u00edpio de funcionamento \u00e9 usar a onda cont\u00ednua frequ\u00eancia-modulada FMCW para detectar o alvo do corpo humano no espa\u00e7o ajustado, combinado com o processamento do sinal do radar e o algoritmo exato da indu\u00e7\u00e3o do corpo humano, para conseguir a sensibilidade alta que o estado da exist\u00eancia do corpo humano detecta, pode identificar o corpo humano no estado movente e est\u00e1tico, E pode calcular a dist\u00e2ncia do alvo e da outra informa\u00e7\u00e3o auxiliar.<\/span><\/p>\n<p><span id=\"tl_13\">Os produtos s\u00e3o usados principalmente em cenas internas, percebendo se h\u00e1 um movimento ou fretting o corpo humano na \u00e1rea, e output os resultados no tempo real.<\/span><br \/>\n<span id=\"tl_14\">A dist\u00e2ncia a mais distante da detec\u00e7\u00e3o pode alcan\u00e7ar 6 medidores e a defini\u00e7\u00e3o \u00e9 0.75m.<\/span><br \/>\n<span id=\"tl_15\">Forne\u00e7a ferramentas de configura\u00e7\u00e3o que possam configurar a dist\u00e2ncia de detec\u00e7\u00e3o, sensibilidade em diferentes regi\u00f5es e tempo de atraso n\u00e3o tripulado, etc.<\/span><br \/>\n<span id=\"tl_16\">Suporte a sa\u00edda GPIO e UART, plug and play, pode ser aplicado de forma flex\u00edvel a diferentes cen\u00e1rios inteligentes e produtos terminais.<\/span><\/p>\n<p><strong><span class=\"15\"><span id=\"tl_17\" data-spm-anchor-id=\"a2g0o.detail.1000023.i4.2f8f6205ZpS3IF\">Caracter\u00edsticas<\/span><\/span><\/strong><\/p>\n<ul>\n<li><span id=\"tl_18\">Plug and play, montagem f\u00e1cil<\/span><\/li>\n<li><span id=\"tl_19\">A maior dist\u00e2ncia de detec\u00e7\u00e3o \u00e9 at\u00e9 5 metros<\/span><\/li>\n<li><span id=\"tl_20\">Grande \u00e2ngulo de detec\u00e7\u00e3o, cobertura at\u00e9 \u00b1 60 graus<\/span><\/li>\n<li><span id=\"tl_21\">A identifica\u00e7\u00e3o exata dentro do intervalo, apoia a divis\u00e3o da escala de detec\u00e7\u00e3o, e protege a interfer\u00eancia fora do intervalo<\/span><\/li>\n<li><span id=\"tl_22\">Ajuste inteligente do par\u00e2metro do Multi-n\u00edvel para encontrar as necessidades de mudan\u00e7as da cena<\/span><\/li>\n<li><span id=\"tl_23\">Ferramentas visuais depura\u00e7\u00e3o e configura\u00e7\u00e3o<\/span><\/li>\n<li><span id=\"tl_24\">Suporta v\u00e1rios m\u00e9todos de instala\u00e7\u00e3o como teto pendurado e parede pendurada<\/span><\/li>\n<li><span id=\"tl_25\">5 ~ 12V tens\u00e3o ampla de alimenta\u00e7\u00e3o<\/span><\/li>\n<li><span id=\"tl_26\">A escolha custo-efetiva final<\/span><\/li>\n<li><span id=\"tl_27\">Pequeno e simplificado, o tamanho m\u00ednimo \u00e9 somente 7mm * 35mm<\/span><\/li>\n<\/ul>\n<p>&nbsp;<\/p>\n","protected":false},"excerpt":{"rendered":"<p>Descri\u00e7\u00e3o O LD2410 \u00e9 um m\u00f3dulo sensor de presen\u00e7a humana 24GHz altamente sens\u00edvel. O princ\u00edpio de funcionamento \u00e9 usar a onda cont\u00ednua frequ\u00eancia-modulada FMCW para detectar o alvo do corpo humano no espa\u00e7o ajustado, combinado com o processamento do sinal do radar e o algoritmo exato da indu\u00e7\u00e3o do corpo humano, para conseguir a sensibilidade [&hellip;]<\/p>\n","protected":false},"featured_media":17997,"template":"","meta":[],"product_brand":[],"product_cat":[50,178],"product_tag":[],"class_list":{"0":"post-17993","1":"product","2":"type-product","3":"status-publish","4":"has-post-thumbnail","6":"product_cat-modulos","7":"product_cat-sensores","9":"entry","10":"has-media","12":"first","13":"outofstock","14":"shipping-taxable","15":"purchasable","16":"product-type-simple","17":"has-product-nav","18":"col","19":"span_1_of_3","20":"owp-content-center","21":"owp-thumbs-layout-horizontal","22":"owp-btn-normal","23":"owp-tabs-layout-horizontal"},"_links":{"self":[{"href":"https:\/\/arduxop.com.br\/loja\/wp-json\/wp\/v2\/product\/17993","targetHints":{"allow":["GET"]}}],"collection":[{"href":"https:\/\/arduxop.com.br\/loja\/wp-json\/wp\/v2\/product"}],"about":[{"href":"https:\/\/arduxop.com.br\/loja\/wp-json\/wp\/v2\/types\/product"}],"wp:featuredmedia":[{"embeddable":true,"href":"https:\/\/arduxop.com.br\/loja\/wp-json\/wp\/v2\/media\/17997"}],"wp:attachment":[{"href":"https:\/\/arduxop.com.br\/loja\/wp-json\/wp\/v2\/media?parent=17993"}],"wp:term":[{"taxonomy":"product_brand","embeddable":true,"href":"https:\/\/arduxop.com.br\/loja\/wp-json\/wp\/v2\/product_brand?post=17993"},{"taxonomy":"product_cat","embeddable":true,"href":"https:\/\/arduxop.com.br\/loja\/wp-json\/wp\/v2\/product_cat?post=17993"},{"taxonomy":"product_tag","embeddable":true,"href":"https:\/\/arduxop.com.br\/loja\/wp-json\/wp\/v2\/product_tag?post=17993"}],"curies":[{"name":"wp","href":"https:\/\/api.w.org\/{rel}","templated":true}]}}