{"id":1795,"date":"2018-01-16T11:28:09","date_gmt":"2018-01-16T13:28:09","guid":{"rendered":"https:\/\/arduxop.com.br\/loja\/produto\/sensor-shield-v4-para-arduino\/"},"modified":"2024-07-25T07:56:57","modified_gmt":"2024-07-25T11:56:57","slug":"sensor-shield-v4-para-arduino","status":"publish","type":"product","link":"https:\/\/arduxop.com.br\/loja\/produto\/sensor-shield-v4-para-arduino\/","title":{"rendered":"Sensor Shield V4 para Arduino"},"content":{"rendered":"<p>O Sensor Shield V4.0 para Arduino suporta conex\u00e3o plug and play com diversos m\u00f3dulos, tais como servos, sensores, motores, rel\u00e9s, bot\u00f5es, potenci\u00f4metros e muito mais.<\/p>\n<p>De f\u00e1cil utiliza\u00e7\u00e3o, pois permite ampliar os pinos do seu Arduino. Todo m\u00f3dulo tem uma porta afivelado com VCC, GND e sa\u00edda, que tem uma porta correspondente da blindagem do sensor, conectado com um cabo f\u00eamea dupla de 2,54 mil\u00edmetros.<\/p>\n<p>Especifica\u00e7\u00f5es: &#8211; Plug &amp; play. &#8211; Tens\u00e3o de Opera\u00e7\u00e3o: 5VDC &#8211; Tens\u00e3o de Entrada Recomendado: 7-12VDC &#8211; Tens\u00f5es Limites: 6-20VDC &#8211; Porta Digital: 13 portas preparadas para conex\u00e3o de servos, etc. &#8211; Porta Anal\u00f3gica: 6 Portas com alojamento com VCC e GND. &#8211; Porta de Comunica\u00e7\u00e3o c\/ Alojamento: Selecion\u00e1vel entre I2C e UART<\/p>\n","protected":false},"excerpt":{"rendered":"<p>O Sensor Shield V4.0 para Arduino suporta conex\u00e3o plug and play com diversos m\u00f3dulos, tais como servos, sensores, motores, rel\u00e9s, bot\u00f5es, potenci\u00f4metros e muito mais. De f\u00e1cil utiliza\u00e7\u00e3o, pois permite ampliar os pinos do seu Arduino. Todo m\u00f3dulo tem uma porta afivelado com VCC, GND e sa\u00edda, que tem uma porta correspondente da blindagem do [&hellip;]<\/p>\n","protected":false},"featured_media":1796,"template":"","meta":[],"product_brand":[],"product_cat":[175,179],"product_tag":[],"class_list":{"0":"post-1795","1":"product","2":"type-product","3":"status-publish","4":"has-post-thumbnail","6":"product_cat-placas","7":"product_cat-shields","9":"entry","10":"has-media","12":"first","13":"instock","14":"sale","15":"purchasable","16":"product-type-simple","17":"has-product-nav","18":"col","19":"span_1_of_3","20":"owp-content-center","21":"owp-thumbs-layout-horizontal","22":"owp-btn-normal","23":"owp-tabs-layout-horizontal"},"_links":{"self":[{"href":"https:\/\/arduxop.com.br\/loja\/wp-json\/wp\/v2\/product\/1795","targetHints":{"allow":["GET"]}}],"collection":[{"href":"https:\/\/arduxop.com.br\/loja\/wp-json\/wp\/v2\/product"}],"about":[{"href":"https:\/\/arduxop.com.br\/loja\/wp-json\/wp\/v2\/types\/product"}],"wp:featuredmedia":[{"embeddable":true,"href":"https:\/\/arduxop.com.br\/loja\/wp-json\/wp\/v2\/media\/1796"}],"wp:attachment":[{"href":"https:\/\/arduxop.com.br\/loja\/wp-json\/wp\/v2\/media?parent=1795"}],"wp:term":[{"taxonomy":"product_brand","embeddable":true,"href":"https:\/\/arduxop.com.br\/loja\/wp-json\/wp\/v2\/product_brand?post=1795"},{"taxonomy":"product_cat","embeddable":true,"href":"https:\/\/arduxop.com.br\/loja\/wp-json\/wp\/v2\/product_cat?post=1795"},{"taxonomy":"product_tag","embeddable":true,"href":"https:\/\/arduxop.com.br\/loja\/wp-json\/wp\/v2\/product_tag?post=1795"}],"curies":[{"name":"wp","href":"https:\/\/api.w.org\/{rel}","templated":true}]}}