{"id":1791,"date":"2018-01-16T10:28:09","date_gmt":"2018-01-16T13:28:09","guid":{"rendered":"https:\/\/arduxop.com.br\/loja\/produto\/buzzer-5-volts-passivo\/"},"modified":"2024-07-25T07:58:57","modified_gmt":"2024-07-25T11:58:57","slug":"buzzer-5-volts-passivo","status":"publish","type":"product","link":"https:\/\/arduxop.com.br\/loja\/produto\/buzzer-5-volts-passivo\/","title":{"rendered":"Buzzer 5 Volts Passivo"},"content":{"rendered":"<p>O Buzzer Passivo \u00e9 o mais apropriado para fazer melodias, pois permite o controle sobre os tons gerados. Especifica\u00e7\u00f5es: &#8211; Tens\u00e3o de opera\u00e7\u00e3o: 3,5 &#8211; 5V &#8211; Cor: preto; &#8211; Di\u00e2metro: 12mm; &#8211; Altura: 10mm; Aten\u00e7\u00e3o: N\u00e3o confundir com o buzzer ativo, o qual \u00e9 mais f\u00e1cil de testar e usar. Ao energizar j\u00e1 apita continuamente, por\u00e9m, n\u00e3o \u00e9 o mais adequado para cria\u00e7\u00e3o de melodias.<\/p>\n","protected":false},"excerpt":{"rendered":"<p><\/p>\n","protected":false},"featured_media":1792,"template":"","meta":[],"product_brand":[],"product_cat":[190],"product_tag":[],"class_list":{"0":"post-1791","1":"product","2":"type-product","3":"status-publish","4":"has-post-thumbnail","6":"product_cat-buzzer","8":"entry","9":"has-media","11":"first","12":"instock","13":"sale","14":"sold-individually","15":"purchasable","16":"product-type-simple","17":"has-product-nav","18":"col","19":"span_1_of_3","20":"owp-content-center","21":"owp-thumbs-layout-horizontal","22":"owp-btn-normal","23":"owp-tabs-layout-horizontal","24":"has-no-thumbnails"},"_links":{"self":[{"href":"https:\/\/arduxop.com.br\/loja\/wp-json\/wp\/v2\/product\/1791","targetHints":{"allow":["GET"]}}],"collection":[{"href":"https:\/\/arduxop.com.br\/loja\/wp-json\/wp\/v2\/product"}],"about":[{"href":"https:\/\/arduxop.com.br\/loja\/wp-json\/wp\/v2\/types\/product"}],"wp:featuredmedia":[{"embeddable":true,"href":"https:\/\/arduxop.com.br\/loja\/wp-json\/wp\/v2\/media\/1792"}],"wp:attachment":[{"href":"https:\/\/arduxop.com.br\/loja\/wp-json\/wp\/v2\/media?parent=1791"}],"wp:term":[{"taxonomy":"product_brand","embeddable":true,"href":"https:\/\/arduxop.com.br\/loja\/wp-json\/wp\/v2\/product_brand?post=1791"},{"taxonomy":"product_cat","embeddable":true,"href":"https:\/\/arduxop.com.br\/loja\/wp-json\/wp\/v2\/product_cat?post=1791"},{"taxonomy":"product_tag","embeddable":true,"href":"https:\/\/arduxop.com.br\/loja\/wp-json\/wp\/v2\/product_tag?post=1791"}],"curies":[{"name":"wp","href":"https:\/\/api.w.org\/{rel}","templated":true}]}}