{"id":1780,"date":"2018-01-16T11:28:09","date_gmt":"2018-01-16T13:28:09","guid":{"rendered":"https:\/\/arduxop.com.br\/loja\/produto\/arduino-leonardo-r3\/"},"modified":"2024-07-25T07:56:53","modified_gmt":"2024-07-25T11:56:53","slug":"arduino-leonardo-r3","status":"publish","type":"product","link":"https:\/\/arduxop.com.br\/loja\/produto\/arduino-leonardo-r3\/","title":{"rendered":"Arduino Leonardo R3 *SEM CABO*"},"content":{"rendered":"<p>O Arduino Leonardo \u00e9 uma placa de microcontrolador baseado no ATmega32u4. Tem 20 pinos digitais de entrada \/ sa\u00edda (dos quais 7 podem ser usados como sa\u00eddas PWM e 12 entradas anal\u00f3gicas), um cristal oscilador de 16 MHz, uma conex\u00e3o micro USB, um fone de poder, um cabe\u00e7alho ICSP e um bot\u00e3o de reset. Ele cont\u00e9m tudo o necess\u00e1rio para apoiar o microcontrolador; basta conect\u00e1-lo a um computador com um cabo USB ou lig\u00e1-lo com um adaptador AC-CC ou bateria para come\u00e7ar.<\/p>\n<p>O Leonardo difere de todas as placas precedentes em que o ATmega32u4 foi constru\u00eddo com comunica\u00e7\u00e3o USB, eliminando a necessidade de um processador secund\u00e1rio. Isso permite que o Leonardo para aparecer para um computador conectado como um mouse e teclado, al\u00e9m de uma virtual (CDC) porta serial \/ COM.<\/p>\n<p>Especifica\u00e7\u00f5es:<br \/>\n* Microcontrolador: ATmega32u4<br \/>\n* Tens\u00e3o operacional: 5V<br \/>\n* Tens\u00e3o de entrada (recomendado): 7-12V<br \/>\n* Digital I\/O pins: 20<br \/>\n* PWM Canais: 7<br \/>\n* Canais de entrada anal\u00f3gica: 12<br \/>\n* Corrente DC por I \/ O Pin: 40 mA<br \/>\n* Corrente DC 3.3V para Pin: 50 mA<br \/>\n* Mem\u00f3ria Flash: 32 KB (ATmega32u4), dos quais 4 KB utilizado pelo bootloader<br \/>\n* SRAM: 2,5 KB (ATmega32u4)<br \/>\n* EEPROM: 1 KB (ATmega32u4)<br \/>\n* Velocidade de clock: 16 MHz<br \/>\n* Comprimento: 68,6 mm<br \/>\n* Largura: 53,3 mm<br \/>\n* Peso: 20g<\/p>\n<p>Itens inclusos:<br \/>\n01 Arduino Leonardo R3<\/p>\n","protected":false},"excerpt":{"rendered":"<p class=\"item-title__primary \">CABO DE PROGRAMA\u00c7\u00c3O R$ 10,00<\/p>\n","protected":false},"featured_media":1781,"template":"","meta":[],"product_brand":[],"product_cat":[49,175],"product_tag":[],"class_list":{"0":"post-1780","1":"product","2":"type-product","3":"status-publish","4":"has-post-thumbnail","6":"product_cat-microprocessadores","7":"product_cat-placas","9":"entry","10":"has-media","12":"first","13":"instock","14":"purchasable","15":"product-type-simple","16":"has-product-nav","17":"col","18":"span_1_of_3","19":"owp-content-center","20":"owp-thumbs-layout-horizontal","21":"owp-btn-normal","22":"owp-tabs-layout-horizontal"},"_links":{"self":[{"href":"https:\/\/arduxop.com.br\/loja\/wp-json\/wp\/v2\/product\/1780","targetHints":{"allow":["GET"]}}],"collection":[{"href":"https:\/\/arduxop.com.br\/loja\/wp-json\/wp\/v2\/product"}],"about":[{"href":"https:\/\/arduxop.com.br\/loja\/wp-json\/wp\/v2\/types\/product"}],"wp:featuredmedia":[{"embeddable":true,"href":"https:\/\/arduxop.com.br\/loja\/wp-json\/wp\/v2\/media\/1781"}],"wp:attachment":[{"href":"https:\/\/arduxop.com.br\/loja\/wp-json\/wp\/v2\/media?parent=1780"}],"wp:term":[{"taxonomy":"product_brand","embeddable":true,"href":"https:\/\/arduxop.com.br\/loja\/wp-json\/wp\/v2\/product_brand?post=1780"},{"taxonomy":"product_cat","embeddable":true,"href":"https:\/\/arduxop.com.br\/loja\/wp-json\/wp\/v2\/product_cat?post=1780"},{"taxonomy":"product_tag","embeddable":true,"href":"https:\/\/arduxop.com.br\/loja\/wp-json\/wp\/v2\/product_tag?post=1780"}],"curies":[{"name":"wp","href":"https:\/\/api.w.org\/{rel}","templated":true}]}}