{"id":1773,"date":"2018-01-16T11:28:09","date_gmt":"2018-01-16T13:28:09","guid":{"rendered":"https:\/\/arduxop.com.br\/loja\/produto\/modulo-mq-3-detector-de-alcool\/"},"modified":"2024-07-25T07:56:55","modified_gmt":"2024-07-25T11:56:55","slug":"modulo-mq-3-detector-de-alcool","status":"publish","type":"product","link":"https:\/\/arduxop.com.br\/loja\/produto\/modulo-mq-3-detector-de-alcool\/","title":{"rendered":"Modulo Mq-3 Detector De Alcool"},"content":{"rendered":"<p>Caracter\u00edsticas b\u00e1sicas:<\/p>\n<p>Alta\u00a0sensibilidade ao \u00c1lcool<\/p>\n<p>Longa dura\u00e7\u00e3o e baixo custo<\/p>\n<p>Especifica\u00e7\u00f5es<\/p>\n<p>Chips principais: LM393 e MQ &#8211; 3<\/p>\n<p>Tens\u00e3o de trabalho: 5VCC<\/p>\n<p>Dimens\u00f5es: 32mmx22mmx27mm<\/p>\n<p>Tipo de sa\u00edda: anal\u00f3gica e digital<\/p>\n<p>Aplica\u00e7\u00f5es<\/p>\n<p>Detector de \u00e1lcool veicular Detector de \u00e1lcool port\u00e1til<\/p>\n<p>Pinagem: AD &#8211; Sa\u00edda Anal\u00f3gica \u00a0 \u00a0 \u00a0 \u00a0 \u00a0 \u00a0 \u00a0 \u00a0 \u00a0D0 &#8211; Sa\u00edda Digital \u00a0 \u00a0 \u00a0 \u00a0 \u00a0 \u00a0 \u00a0 \u00a0 \u00a0GND &#8211; Negativo \u00a0 \u00a0 \u00a0 \u00a0 \u00a0 \u00a0 \u00a0 \u00a0 \u00a0VCC &#8211; Positivo +5V Pot\u00eanciometro : Ajuste de sensibilidade da detec\u00e7\u00e3o de \u00e1lcool.<\/p>\n","protected":false},"excerpt":{"rendered":"<p>Caracter\u00edsticas b\u00e1sicas: Alta\u00a0sensibilidade ao \u00c1lcool Longa dura\u00e7\u00e3o e baixo custo Especifica\u00e7\u00f5es Chips principais: LM393 e MQ &#8211; 3 Tens\u00e3o de trabalho: 5VCC Dimens\u00f5es: 32mmx22mmx27mm Tipo de sa\u00edda: anal\u00f3gica e digital Aplica\u00e7\u00f5es Detector de \u00e1lcool veicular Detector de \u00e1lcool port\u00e1til Pinagem: AD &#8211; Sa\u00edda Anal\u00f3gica \u00a0 \u00a0 \u00a0 \u00a0 \u00a0 \u00a0 \u00a0 \u00a0 \u00a0D0 &#8211; Sa\u00edda [&hellip;]<\/p>\n","protected":false},"featured_media":1776,"template":"","meta":[],"product_brand":[],"product_cat":[178],"product_tag":[397],"class_list":{"0":"post-1773","1":"product","2":"type-product","3":"status-publish","4":"has-post-thumbnail","6":"product_cat-sensores","7":"product_tag-alcool","9":"entry","10":"has-media","12":"first","13":"instock","14":"purchasable","15":"product-type-simple","16":"has-product-nav","17":"col","18":"span_1_of_3","19":"owp-content-center","20":"owp-thumbs-layout-horizontal","21":"owp-btn-normal","22":"owp-tabs-layout-horizontal"},"_links":{"self":[{"href":"https:\/\/arduxop.com.br\/loja\/wp-json\/wp\/v2\/product\/1773","targetHints":{"allow":["GET"]}}],"collection":[{"href":"https:\/\/arduxop.com.br\/loja\/wp-json\/wp\/v2\/product"}],"about":[{"href":"https:\/\/arduxop.com.br\/loja\/wp-json\/wp\/v2\/types\/product"}],"wp:featuredmedia":[{"embeddable":true,"href":"https:\/\/arduxop.com.br\/loja\/wp-json\/wp\/v2\/media\/1776"}],"wp:attachment":[{"href":"https:\/\/arduxop.com.br\/loja\/wp-json\/wp\/v2\/media?parent=1773"}],"wp:term":[{"taxonomy":"product_brand","embeddable":true,"href":"https:\/\/arduxop.com.br\/loja\/wp-json\/wp\/v2\/product_brand?post=1773"},{"taxonomy":"product_cat","embeddable":true,"href":"https:\/\/arduxop.com.br\/loja\/wp-json\/wp\/v2\/product_cat?post=1773"},{"taxonomy":"product_tag","embeddable":true,"href":"https:\/\/arduxop.com.br\/loja\/wp-json\/wp\/v2\/product_tag?post=1773"}],"curies":[{"name":"wp","href":"https:\/\/api.w.org\/{rel}","templated":true}]}}