{"id":1766,"date":"2018-01-16T11:28:09","date_gmt":"2018-01-16T13:28:09","guid":{"rendered":"https:\/\/arduxop.com.br\/loja\/produto\/modulo-motor-de-passo-easy-driver\/"},"modified":"2024-07-25T07:56:55","modified_gmt":"2024-07-25T11:56:55","slug":"modulo-motor-de-passo-easy-driver","status":"publish","type":"product","link":"https:\/\/arduxop.com.br\/loja\/produto\/modulo-motor-de-passo-easy-driver\/","title":{"rendered":"Modulo Easydriver"},"content":{"rendered":"<p style=\"text-align: left\" align=\"center\">O EasyDriver \u00e9 um controlador para motores de passo f\u00e1cil de usar, compat\u00edvel com qualquer sistema que possa dar sa\u00edda de um pulso digital de 0 a 5V. Necessita uma alimenta\u00e7\u00e3o de 7 a 30V para alimentar o motor, e pode alimentar motores de passo de qualquer voltagem. Ele possui um regulador de voltagem embarcado para a interface digital que pode ser ajustado para 5 ou 3,3V.<br \/>\nConecte um motor de passo de 4 cabos e um microcontrolador<br \/>\ne voc\u00ea ter\u00e1 controle preciso sobre o motor.<br \/>\nO EasyDriver pode controlar motores bi-polares e motores conectados como bi-polares, ou seja, motores com conex\u00f5es de 4, 6 e 8 fios.<\/p>\n<p style=\"text-align: left\" align=\"center\">ATEN\u00c7\u00c3O: N\u00e3o conecte ou disconecte o motor enquanto o Driver estiver alimentado. Isto pode causar danos permanentes ao m\u00f3dulo ou ao motor.<\/p>\n<p style=\"text-align: left\" align=\"center\">ESPECIFICA\u00c7\u00d5ES<\/p>\n<ul>\n<li style=\"text-align: left\">&#8211; Controlador: CI A3967<\/li>\n<li style=\"text-align: left\">&#8211; Compat\u00edvel com Motores de 4, 6 e 8 vias.<\/li>\n<li style=\"text-align: left\">&#8211; Corrente ajust\u00e1vel entre 150 a 750mA por via.<\/li>\n<li style=\"text-align: left\">&#8211; Tens\u00e3o de alimenta\u00e7\u00e3o entre 7 a 30V. Maior a tens\u00e3o, maior o torque.<\/li>\n<\/ul>\n","protected":false},"excerpt":{"rendered":"<p style=\"text-align: left\" align=\"center\">Modulo A3967 Easydriver V44 Motor Passo Cnc Imp 3d<\/p>\n","protected":false},"featured_media":2165,"template":"","meta":[],"product_brand":[],"product_cat":[198,191,50],"product_tag":[],"class_list":{"0":"post-1766","1":"product","2":"type-product","3":"status-publish","4":"has-post-thumbnail","6":"product_cat-cnc","7":"product_cat-drivers","8":"product_cat-modulos","10":"entry","11":"has-media","13":"first","14":"outofstock","15":"purchasable","16":"product-type-simple","17":"has-product-nav","18":"col","19":"span_1_of_3","20":"owp-content-center","21":"owp-thumbs-layout-horizontal","22":"owp-btn-normal","23":"owp-tabs-layout-horizontal"},"_links":{"self":[{"href":"https:\/\/arduxop.com.br\/loja\/wp-json\/wp\/v2\/product\/1766","targetHints":{"allow":["GET"]}}],"collection":[{"href":"https:\/\/arduxop.com.br\/loja\/wp-json\/wp\/v2\/product"}],"about":[{"href":"https:\/\/arduxop.com.br\/loja\/wp-json\/wp\/v2\/types\/product"}],"wp:featuredmedia":[{"embeddable":true,"href":"https:\/\/arduxop.com.br\/loja\/wp-json\/wp\/v2\/media\/2165"}],"wp:attachment":[{"href":"https:\/\/arduxop.com.br\/loja\/wp-json\/wp\/v2\/media?parent=1766"}],"wp:term":[{"taxonomy":"product_brand","embeddable":true,"href":"https:\/\/arduxop.com.br\/loja\/wp-json\/wp\/v2\/product_brand?post=1766"},{"taxonomy":"product_cat","embeddable":true,"href":"https:\/\/arduxop.com.br\/loja\/wp-json\/wp\/v2\/product_cat?post=1766"},{"taxonomy":"product_tag","embeddable":true,"href":"https:\/\/arduxop.com.br\/loja\/wp-json\/wp\/v2\/product_tag?post=1766"}],"curies":[{"name":"wp","href":"https:\/\/api.w.org\/{rel}","templated":true}]}}