{"id":1760,"date":"2018-01-16T11:28:09","date_gmt":"2018-01-16T13:28:09","guid":{"rendered":"https:\/\/arduxop.com.br\/loja\/produto\/sensor-hall-fluxo-vazao-agua-1-2\/"},"modified":"2024-07-25T07:56:56","modified_gmt":"2024-07-25T11:56:56","slug":"sensor-hall-fluxo-vazao-agua-1-2","status":"publish","type":"product","link":"https:\/\/arduxop.com.br\/loja\/produto\/sensor-hall-fluxo-vazao-agua-1-2\/","title":{"rendered":"Sensor Hall Fluxo Vaz\u00e3o \u00c1gua 1\/2"},"content":{"rendered":"<p>Este sensor de fluxo de \u00e1gua eletr\u00f4nico pode ser usado em sistemas de controle autom\u00e1tico de consumo de \u00e1gua, como em pr\u00e9dios onde s\u00f3 h\u00e1 um hidr\u00f4metro. Cada um apartamento poder\u00e1 ter um circuito com um sensor deste e saber quanto realmente consumiu em certo per\u00edodo.<\/p>\n<p>Este sensor utiliza um sensor de efeito hall para contar quantas voltas um &#8216;roda&#8217; interna esta dando enquanto a \u00e1gua esta passando pelo interior dele. Este sensor de efeito hall esta em parte onde n\u00e3o h\u00e1 contato com a \u00e1gua, o que o mant\u00e9m seco e em seguran\u00e7a.<\/p>\n<p>Possui apenas tr\u00eas fios para a conex\u00e3o: Vermelho &#8211; Tens\u00e3o de alimenta\u00e7\u00e3o 5V ~ 18V, preto &#8211; GND (0V) e amarelo &#8211; Sinal de sa\u00edda.<\/p>\n<p>A sa\u00edda do sensor fornece pulsos de acordo com o fluxo da \u00e1gua. Para cada pulso s\u00e3o aproximadamente 2.25mL. Este valor pode sofrer altera\u00e7\u00e3o de acordo com o fluxo e press\u00e3o da \u00e1gua, mas a precis\u00e3o fica em torno de 10%. O ideal \u00e9 que voc\u00ea fa\u00e7a uma calibra\u00e7\u00e3o pelo programa que ir\u00e1 gravar no seu microcontrolador.<\/p>\n<p>&nbsp;<\/p>\n","protected":false},"excerpt":{"rendered":"<p>Sensor Hall Fluxo Vaz\u00e3o \u00c1gua 1\/2 Automa\u00e7\u00e3o + Exemplo Arduino<\/p>\n","protected":false},"featured_media":1761,"template":"","meta":[],"product_brand":[],"product_cat":[196,178],"product_tag":[205],"class_list":{"0":"post-1760","1":"product","2":"type-product","3":"status-publish","4":"has-post-thumbnail","6":"product_cat-medidores","7":"product_cat-sensores","8":"product_tag-sensor-hall-fluxo-vazao-agua-1-2","10":"entry","11":"has-media","13":"first","14":"outofstock","15":"purchasable","16":"product-type-simple","17":"has-product-nav","18":"col","19":"span_1_of_3","20":"owp-content-center","21":"owp-thumbs-layout-horizontal","22":"owp-btn-normal","23":"owp-tabs-layout-horizontal"},"_links":{"self":[{"href":"https:\/\/arduxop.com.br\/loja\/wp-json\/wp\/v2\/product\/1760","targetHints":{"allow":["GET"]}}],"collection":[{"href":"https:\/\/arduxop.com.br\/loja\/wp-json\/wp\/v2\/product"}],"about":[{"href":"https:\/\/arduxop.com.br\/loja\/wp-json\/wp\/v2\/types\/product"}],"wp:featuredmedia":[{"embeddable":true,"href":"https:\/\/arduxop.com.br\/loja\/wp-json\/wp\/v2\/media\/1761"}],"wp:attachment":[{"href":"https:\/\/arduxop.com.br\/loja\/wp-json\/wp\/v2\/media?parent=1760"}],"wp:term":[{"taxonomy":"product_brand","embeddable":true,"href":"https:\/\/arduxop.com.br\/loja\/wp-json\/wp\/v2\/product_brand?post=1760"},{"taxonomy":"product_cat","embeddable":true,"href":"https:\/\/arduxop.com.br\/loja\/wp-json\/wp\/v2\/product_cat?post=1760"},{"taxonomy":"product_tag","embeddable":true,"href":"https:\/\/arduxop.com.br\/loja\/wp-json\/wp\/v2\/product_tag?post=1760"}],"curies":[{"name":"wp","href":"https:\/\/api.w.org\/{rel}","templated":true}]}}