{"id":1758,"date":"2018-01-16T11:27:46","date_gmt":"2018-01-16T13:27:46","guid":{"rendered":"https:\/\/arduxop.com.br\/loja\/produto\/sensor-indutivo-npn-de-proximidade-lj12a3-4-z-bx\/"},"modified":"2024-07-25T07:57:11","modified_gmt":"2024-07-25T11:57:11","slug":"sensor-indutivo-npn-de-proximidade-lj12a3-4-z-bx","status":"publish","type":"product","link":"https:\/\/arduxop.com.br\/loja\/produto\/sensor-indutivo-npn-de-proximidade-lj12a3-4-z-bx\/","title":{"rendered":"Sensor Indutivo Npn De Proximidade Lj12a3-4-z\/bx"},"content":{"rendered":"<p>Sensor Indutivo NPN de Proximidade &#8211; LJ12A3-4-Z\/BX ideal para projetos de CNC e de rob\u00f3tica utilizando Arduino e outros microcontroladores. Descri\u00e7\u00e3o: O sensor indutivo tem caracter\u00edsticas que o fazem ser bastante vi\u00e1vel e vantajoso para ser aplicado em ind\u00fastrias. Por n\u00e3o ter partes m\u00f3veis, o sensor indutivo tem sua vida \u00fatil estendida se comparado aos sensores que possuem contatos mec\u00e2nicos. O Sensor Indutivo NPN de Proximidade &#8211; LJ12A3-4-Z\/BX \u00e9 um componente eletr\u00f4nico capaz de detectar a aproxima\u00e7\u00e3o \/ presen\u00e7a de objetos met\u00e1licos (ferro, a\u00e7o, alum\u00ednio e outros). Este sensor possui excelente confiabilidade em rela\u00e7\u00e3o a outros sensores dispon\u00edveis no mercado. O uso do Sensor Indutivo NPN de Proximidade &#8211; LJ12A3-4-Z\/BX n\u00e3o se limita a ind\u00fastrias. Este sensor pode ser aplicado em projetos com plataformas microcontroladas. Seu uso \u00e9 comum com Arduino em projetos de rob\u00f3tica, contudo o mesmo pode ser utilizado com outras plataformas \/ microcontroladores. Se voc\u00ea tem um projeto pessoal ou um projeto de tcc da sua faculdade ou curso t\u00e9cnico e precisa de um Sensor Indutivo NPN de Proximidade &#8211; LJ12A3-4-Z\/BX e de qualidade, certamente essa \u00e9 sua melhor op\u00e7\u00e3o. O Sensor Indutivo NPN de Proximidade &#8211; LJ12A3-4-Z\/BX possui uma \u00f3tima rela\u00e7\u00e3o custo x benef\u00edcio. Especifica\u00e7\u00f5es: &#8211; Modelo: LJ12A3-4-Z\/BX &#8211;\u00a0Tens\u00e3o de opera\u00e7\u00e3o: 6\u00a0&#8211; 36VDC &#8211; Corrente de sa\u00edda: 300mA &#8211; Conex\u00e3o: 3 fios &#8211; Polaridade: NPN &#8211; Dist\u00e2ncia de detec\u00e7\u00e3o: 4mm &#8211; Estado da sa\u00edda: NA (normalmente aberto) &#8211; Comprimento do cabo: 110cm &#8211; Comprimento do sensor: 62mm &#8211; Di\u00e2metro: 12mm &#8211; Peso: 40g<\/p>\n","protected":false},"excerpt":{"rendered":"<p>Sensor Indutivo NPN de Proximidade &#8211; LJ12A3-4-Z\/BX ideal para projetos de CNC e de rob\u00f3tica utilizando Arduino e outros microcontroladores. Descri\u00e7\u00e3o: O sensor indutivo tem caracter\u00edsticas que o fazem ser bastante vi\u00e1vel e vantajoso para ser aplicado em ind\u00fastrias. Por n\u00e3o ter partes m\u00f3veis, o sensor indutivo tem sua vida \u00fatil estendida se comparado aos [&hellip;]<\/p>\n","protected":false},"featured_media":2171,"template":"","meta":[],"product_brand":[],"product_cat":[178],"product_tag":[],"class_list":{"0":"post-1758","1":"product","2":"type-product","3":"status-publish","4":"has-post-thumbnail","6":"product_cat-sensores","8":"entry","9":"has-media","11":"first","12":"outofstock","13":"purchasable","14":"product-type-simple","15":"has-product-nav","16":"col","17":"span_1_of_3","18":"owp-content-center","19":"owp-thumbs-layout-horizontal","20":"owp-btn-normal","21":"owp-tabs-layout-horizontal"},"_links":{"self":[{"href":"https:\/\/arduxop.com.br\/loja\/wp-json\/wp\/v2\/product\/1758","targetHints":{"allow":["GET"]}}],"collection":[{"href":"https:\/\/arduxop.com.br\/loja\/wp-json\/wp\/v2\/product"}],"about":[{"href":"https:\/\/arduxop.com.br\/loja\/wp-json\/wp\/v2\/types\/product"}],"wp:featuredmedia":[{"embeddable":true,"href":"https:\/\/arduxop.com.br\/loja\/wp-json\/wp\/v2\/media\/2171"}],"wp:attachment":[{"href":"https:\/\/arduxop.com.br\/loja\/wp-json\/wp\/v2\/media?parent=1758"}],"wp:term":[{"taxonomy":"product_brand","embeddable":true,"href":"https:\/\/arduxop.com.br\/loja\/wp-json\/wp\/v2\/product_brand?post=1758"},{"taxonomy":"product_cat","embeddable":true,"href":"https:\/\/arduxop.com.br\/loja\/wp-json\/wp\/v2\/product_cat?post=1758"},{"taxonomy":"product_tag","embeddable":true,"href":"https:\/\/arduxop.com.br\/loja\/wp-json\/wp\/v2\/product_tag?post=1758"}],"curies":[{"name":"wp","href":"https:\/\/api.w.org\/{rel}","templated":true}]}}