{"id":1754,"date":"2018-01-16T10:27:46","date_gmt":"2018-01-16T13:27:46","guid":{"rendered":"https:\/\/arduxop.com.br\/loja\/produto\/sensor-de-velocidade-arduino-chave-optica-para-encoder-5mm\/"},"modified":"2025-11-28T15:19:04","modified_gmt":"2025-11-28T19:19:04","slug":"sensor-de-velocidade-arduino-chave-optica-para-encoder-5mm","status":"publish","type":"product","link":"https:\/\/arduxop.com.br\/loja\/produto\/sensor-de-velocidade-arduino-chave-optica-para-encoder-5mm\/","title":{"rendered":"Sensor De Velocidade"},"content":{"rendered":"<p><strong>M\u00f3dulo sensor \u00f3ptico de barreira &#8211; Sensor de velocidade \u00f3ptico para encoder<\/strong><\/p>\n<p>O m\u00f3dulo sensor \u00f3ptico de barreira, \u00e9 um sensor que pode ser usado como chave \u00f3ptica ou de velocidade usando encoders de 5mm (discos furados conectados aos eixos).<\/p>\n<p>Este sensor pode ser usado em conjunto com diversas plataformas: Raspberry PI, Arduino, PIC, AVR, ARM, etc.<\/p>\n<p>Em um lado do sensor tem um emissor de infravermelho e do outro lado um receptor. Quando usado como chave \u00f3ptica, algo poder\u00e1 ser ligado\/desligado quando algo cortar o feixe de luz infravermelho do sensor, ou mesmo medir a velocidade de rota\u00e7\u00e3o de um eixo por meio de um disco encoder (os furos do disco deixa a luz passar gerando pulsos de acordo com o giro do disco). Estes discos encoder s\u00e3o pequenos discos utilizados em diversos dispositivos, como, impressoras, projetos industriais, eletr\u00f4nicos, rob\u00f3ticos, etc., que servem para definir a velocidade de deslocamento de determinado objeto ou engrenagem.<\/p>\n<p><strong>Caracter\u00edsticas:<\/strong><\/p>\n<ul>\n<li>Sensor de Velocidade Arduino<\/li>\n<li>Sensor de Contagem<\/li>\n<li>Chave \u00f3ptica<\/li>\n<li>Leitor de discos encoder<\/li>\n<li>Composto por um emissor e um receptor<\/li>\n<li>Compat\u00edvel com Arduino, Raspberry PI, PIC, ARM, AVR, etc<\/li>\n<li>Sa\u00edda Digital e Anal\u00f3gica<\/li>\n<li>Led indicador para sa\u00edda digital<\/li>\n<li>Led indicador para tens\u00e3o<\/li>\n<li>Chip: LM393<\/li>\n<li>Espa\u00e7o m\u00ednimo para leitura: 5mm<\/li>\n<li>Tens\u00e3o de funcionamento: 3,3-5V DC<\/li>\n<\/ul>\n","protected":false},"excerpt":{"rendered":"<p>M\u00f3dulo Encoder Para Encoder 5mm<\/p>\n","protected":false},"featured_media":1755,"template":"","meta":[],"product_brand":[],"product_cat":[178],"product_tag":[],"class_list":{"0":"post-1754","1":"product","2":"type-product","3":"status-publish","4":"has-post-thumbnail","6":"product_cat-sensores","8":"entry","9":"has-media","11":"first","12":"instock","13":"purchasable","14":"product-type-simple","15":"has-product-nav","16":"col","17":"span_1_of_3","18":"owp-content-center","19":"owp-thumbs-layout-horizontal","20":"owp-btn-normal","21":"owp-tabs-layout-horizontal"},"_links":{"self":[{"href":"https:\/\/arduxop.com.br\/loja\/wp-json\/wp\/v2\/product\/1754","targetHints":{"allow":["GET"]}}],"collection":[{"href":"https:\/\/arduxop.com.br\/loja\/wp-json\/wp\/v2\/product"}],"about":[{"href":"https:\/\/arduxop.com.br\/loja\/wp-json\/wp\/v2\/types\/product"}],"wp:featuredmedia":[{"embeddable":true,"href":"https:\/\/arduxop.com.br\/loja\/wp-json\/wp\/v2\/media\/1755"}],"wp:attachment":[{"href":"https:\/\/arduxop.com.br\/loja\/wp-json\/wp\/v2\/media?parent=1754"}],"wp:term":[{"taxonomy":"product_brand","embeddable":true,"href":"https:\/\/arduxop.com.br\/loja\/wp-json\/wp\/v2\/product_brand?post=1754"},{"taxonomy":"product_cat","embeddable":true,"href":"https:\/\/arduxop.com.br\/loja\/wp-json\/wp\/v2\/product_cat?post=1754"},{"taxonomy":"product_tag","embeddable":true,"href":"https:\/\/arduxop.com.br\/loja\/wp-json\/wp\/v2\/product_tag?post=1754"}],"curies":[{"name":"wp","href":"https:\/\/api.w.org\/{rel}","templated":true}]}}