{"id":1750,"date":"2018-01-16T11:27:46","date_gmt":"2018-01-16T14:27:46","guid":{"rendered":"https:\/\/arduxop.com.br\/loja\/produto\/modulo-rele-4-canais-optoisolado-5v\/"},"modified":"2025-03-31T14:37:56","modified_gmt":"2025-03-31T18:37:56","slug":"modulo-rele-4-canais-optoisolado-5v","status":"publish","type":"product","link":"https:\/\/arduxop.com.br\/loja\/produto\/modulo-rele-4-canais-optoisolado-5v\/","title":{"rendered":"M\u00f3dulo Rel\u00e9 4 Canais 5V 10A"},"content":{"rendered":"<div>Este m\u00f3dulo de rel\u00e9s \u00e9 optoisolado, isto faz com que n\u00e3o haja liga\u00e7\u00e3o el\u00e9trica direta entre o que est\u00e1 sendo controlado (Carga) e o que esta controlando (Microcontrolador\/Arduino). Compat\u00edvel com sinal TTL 5V e 3.3V, pois \u00e9 acionado em n\u00edvel baixo, ou seja, para acionar os rel\u00e9s, aplica-se 0V (GND) nas entradas e para abrir, retira o GND.<strong><br \/>\n<\/strong><\/div>\n<div><\/div>\n<div>Os rel\u00e9s podem acionar cargas de at\u00e9 250Vac com 10A<\/div>\n<div><\/div>\n<div>Produto ideal para automa\u00e7\u00e3o residencial e rob\u00f3tica<\/div>\n<p>&nbsp;<\/p>\n<div><strong>Caracter\u00edsticas:<\/strong><\/div>\n<div>\n<ul>\n<li>Corrente dos contatos: 10A em 250Vca ou 30Vdc<\/li>\n<li>Tens\u00e3o de alimenta\u00e7\u00e3o: +5V<\/li>\n<li>Entradas opto-isoladas<\/li>\n<li>Entradas compat\u00edveis com n\u00edvel TTL(5V)<\/li>\n<li>Baixa corrente de entrada para chaveamento (Pode ser conectado direto ao microcontrolador)<\/li>\n<li>Funciona com Arduino, PIC, Atmega, AVR e outros<\/li>\n<\/ul>\n<\/div>\n","protected":false},"excerpt":{"rendered":"<p>M\u00f3dulo Rel\u00e9 4 Canais Optoisolado 5v<\/p>\n","protected":false},"featured_media":1751,"template":"","meta":[],"product_brand":[],"product_cat":[50,177],"product_tag":[508,443],"class_list":{"0":"post-1750","1":"product","2":"type-product","3":"status-publish","4":"has-post-thumbnail","6":"product_cat-modulos","7":"product_cat-reles","8":"product_tag-relay","9":"product_tag-rele","11":"entry","12":"has-media","14":"first","15":"instock","16":"purchasable","17":"product-type-simple","18":"has-product-nav","19":"col","20":"span_1_of_3","21":"owp-content-center","22":"owp-thumbs-layout-horizontal","23":"owp-btn-normal","24":"owp-tabs-layout-horizontal"},"_links":{"self":[{"href":"https:\/\/arduxop.com.br\/loja\/wp-json\/wp\/v2\/product\/1750","targetHints":{"allow":["GET"]}}],"collection":[{"href":"https:\/\/arduxop.com.br\/loja\/wp-json\/wp\/v2\/product"}],"about":[{"href":"https:\/\/arduxop.com.br\/loja\/wp-json\/wp\/v2\/types\/product"}],"wp:featuredmedia":[{"embeddable":true,"href":"https:\/\/arduxop.com.br\/loja\/wp-json\/wp\/v2\/media\/1751"}],"wp:attachment":[{"href":"https:\/\/arduxop.com.br\/loja\/wp-json\/wp\/v2\/media?parent=1750"}],"wp:term":[{"taxonomy":"product_brand","embeddable":true,"href":"https:\/\/arduxop.com.br\/loja\/wp-json\/wp\/v2\/product_brand?post=1750"},{"taxonomy":"product_cat","embeddable":true,"href":"https:\/\/arduxop.com.br\/loja\/wp-json\/wp\/v2\/product_cat?post=1750"},{"taxonomy":"product_tag","embeddable":true,"href":"https:\/\/arduxop.com.br\/loja\/wp-json\/wp\/v2\/product_tag?post=1750"}],"curies":[{"name":"wp","href":"https:\/\/api.w.org\/{rel}","templated":true}]}}