{"id":1746,"date":"2018-01-16T11:27:46","date_gmt":"2018-01-16T13:27:46","guid":{"rendered":"https:\/\/arduxop.com.br\/loja\/produto\/modulo-rele-arduino-8-canais-5v-10a\/"},"modified":"2025-01-30T11:12:52","modified_gmt":"2025-01-30T15:12:52","slug":"modulo-rele-arduino-8-canais-5v-10a","status":"publish","type":"product","link":"https:\/\/arduxop.com.br\/loja\/produto\/modulo-rele-arduino-8-canais-5v-10a\/","title":{"rendered":"M\u00f3dulo Rel\u00e9 8 Canais"},"content":{"rendered":"<p>Este m\u00f3dulo Rel\u00e9 5V com 8 canais \u00e9 uma \u00f3tima op\u00e7\u00e3o para quem precisa fazer v\u00e1rios acionamentos com a facilidade de ter tudo em apenas uma s\u00f3 placa, de forma confi\u00e1vel, compacta e robusta.<\/p>\n<p>Com este m\u00f3dulo Rel\u00e9 5V \u00e9 poss\u00edvel acionar cargas de 220V AC, como l\u00e2mpadas, equipamentos eletr\u00f4nicos e motores com o aux\u00edlio de um microcontrolador Arduino, PIC, ARM. Tudo isso sem a necessidade de montar um circuito com transistores, rel\u00e9s, conectores, leds e diodos.<\/p>\n<p>Especifica\u00e7\u00f5es:<br \/>\n&#8211; Modelo: SRD-05VDC-SL-C (Datasheet)<br \/>\n&#8211; Tens\u00e3o de opera\u00e7\u00e3o: 5VDC<br \/>\n&#8211; Permite controlar cargas de 220V AC<br \/>\n&#8211; Corrente t\u00edpica de opera\u00e7\u00e3o: 15~20mA<br \/>\n&#8211; LED indicador de status<br \/>\n&#8211; Pinagem: Normal Aberto, Normal Fechado e Comum<br \/>\n&#8211; Tens\u00e3o de sa\u00edda: (30 VDC a 10A) ou (250VAC a 10A)<br \/>\n&#8211; Furos de 3mm para fixa\u00e7\u00e3o nas extremidades da placa<br \/>\n&#8211; Tempo de resposta: 5~10ms<br \/>\n&#8211; Dimens\u00f5es: 135 x 52 x 20mm<\/p>\n","protected":false},"excerpt":{"rendered":"<p>M\u00f3dulo Rel\u00e9\u00a0 8 Canais 5v 10a<\/p>\n","protected":false},"featured_media":2717,"template":"","meta":[],"product_brand":[],"product_cat":[177],"product_tag":[508,443],"class_list":{"0":"post-1746","1":"product","2":"type-product","3":"status-publish","4":"has-post-thumbnail","6":"product_cat-reles","7":"product_tag-relay","8":"product_tag-rele","10":"entry","11":"has-media","13":"first","14":"instock","15":"purchasable","16":"product-type-simple","17":"has-product-nav","18":"col","19":"span_1_of_3","20":"owp-content-center","21":"owp-thumbs-layout-horizontal","22":"owp-btn-normal","23":"owp-tabs-layout-horizontal"},"_links":{"self":[{"href":"https:\/\/arduxop.com.br\/loja\/wp-json\/wp\/v2\/product\/1746","targetHints":{"allow":["GET"]}}],"collection":[{"href":"https:\/\/arduxop.com.br\/loja\/wp-json\/wp\/v2\/product"}],"about":[{"href":"https:\/\/arduxop.com.br\/loja\/wp-json\/wp\/v2\/types\/product"}],"wp:featuredmedia":[{"embeddable":true,"href":"https:\/\/arduxop.com.br\/loja\/wp-json\/wp\/v2\/media\/2717"}],"wp:attachment":[{"href":"https:\/\/arduxop.com.br\/loja\/wp-json\/wp\/v2\/media?parent=1746"}],"wp:term":[{"taxonomy":"product_brand","embeddable":true,"href":"https:\/\/arduxop.com.br\/loja\/wp-json\/wp\/v2\/product_brand?post=1746"},{"taxonomy":"product_cat","embeddable":true,"href":"https:\/\/arduxop.com.br\/loja\/wp-json\/wp\/v2\/product_cat?post=1746"},{"taxonomy":"product_tag","embeddable":true,"href":"https:\/\/arduxop.com.br\/loja\/wp-json\/wp\/v2\/product_tag?post=1746"}],"curies":[{"name":"wp","href":"https:\/\/api.w.org\/{rel}","templated":true}]}}